{"id":11597,"date":"2025-10-22T12:53:37","date_gmt":"2025-10-22T12:53:37","guid":{"rendered":"https:\/\/kikimily.com.br\/?page_id=11597"},"modified":"2025-10-22T12:55:43","modified_gmt":"2025-10-22T12:55:43","slug":"termos-e-condicoes","status":"publish","type":"page","link":"https:\/\/kikimily.com.br\/pt_br\/termos-e-condicoes\/","title":{"rendered":"Termos e Condi\u00e7\u00f5es"},"content":{"rendered":"\t\t<div data-elementor-type=\"wp-page\" data-elementor-id=\"11597\" class=\"elementor elementor-11597\" data-elementor-post-type=\"page\">\n\t\t\t\t<div class=\"elementor-element elementor-element-57fe688 e-flex e-con-boxed e-con e-parent\" data-id=\"57fe688\" data-element_type=\"container\" data-e-type=\"container\">\n\t\t\t\t\t<div class=\"e-con-inner\">\n\t\t\t\t<div class=\"elementor-element elementor-element-d5e9db5 elementor-widget elementor-widget-heading\" data-id=\"d5e9db5\" data-element_type=\"widget\" data-e-type=\"widget\" data-widget_type=\"heading.default\">\n\t\t\t\t<div class=\"elementor-widget-container\">\n\t\t\t\t\t<h2 class=\"elementor-heading-title elementor-size-default\">Termos e condi\u00e7\u00f5es <\/h2>\t\t\t\t<\/div>\n\t\t\t\t<\/div>\n\t\t\t\t\t<\/div>\n\t\t\t\t<\/div>\n\t\t<div class=\"elementor-element elementor-element-785f3a3 e-flex e-con-boxed e-con e-parent\" data-id=\"785f3a3\" data-element_type=\"container\" data-e-type=\"container\">\n\t\t\t\t\t<div class=\"e-con-inner\">\n\t\t\t\t<div class=\"elementor-element elementor-element-355719e elementor-widget elementor-widget-text-editor\" data-id=\"355719e\" data-element_type=\"widget\" data-e-type=\"widget\" data-widget_type=\"text-editor.default\">\n\t\t\t\t<div class=\"elementor-widget-container\">\n\t\t\t\t\t\t\t\t\t<h2 data-start=\"192\" data-end=\"231\"><strong data-start=\"195\" data-end=\"231\">Termos e Condi\u00e7\u00f5es \u2013 Kiki &amp; Mily<\/strong><\/h2><p data-start=\"233\" data-end=\"423\">Bem-vindo(a) \u00e0 <strong data-start=\"248\" data-end=\"263\">Kiki &amp; Mily<\/strong>!<br data-start=\"264\" data-end=\"267\" \/>Ao acessar e utilizar nosso site, voc\u00ea concorda com os Termos e Condi\u00e7\u00f5es descritos abaixo. Recomendamos a leitura atenta antes de realizar qualquer compra.<\/p><hr data-start=\"425\" data-end=\"428\" \/><h3 data-start=\"430\" data-end=\"459\"><strong data-start=\"434\" data-end=\"459\">1. Informa\u00e7\u00f5es Gerais<\/strong><\/h3><p data-start=\"461\" data-end=\"692\">O site <strong data-start=\"468\" data-end=\"483\">Kiki &amp; Mily<\/strong> \u00e9 destinado \u00e0 venda online de roupas, acess\u00f3rios e outros produtos de moda.<br data-start=\"559\" data-end=\"562\" \/>Ao navegar pelo site e\/ou efetuar uma compra, o(a) cliente declara estar ciente e de acordo com todas as pol\u00edticas aqui descritas.<\/p><hr data-start=\"694\" data-end=\"697\" \/><h3 data-start=\"699\" data-end=\"748\"><strong data-start=\"703\" data-end=\"748\">2. Cadastro e Responsabilidade do Usu\u00e1rio<\/strong><\/h3><p data-start=\"750\" data-end=\"1036\">Para realizar compras, \u00e9 necess\u00e1rio preencher corretamente os dados de cadastro.<br data-start=\"830\" data-end=\"833\" \/>O(a) cliente \u00e9 respons\u00e1vel pela veracidade das informa\u00e7\u00f5es fornecidas e por manter seus dados atualizados.<br data-start=\"939\" data-end=\"942\" \/>A <strong data-start=\"944\" data-end=\"959\">Kiki &amp; Mily<\/strong> n\u00e3o se responsabiliza por erros de entrega ocasionados por dados incorretos.<\/p><hr data-start=\"1038\" data-end=\"1041\" \/><h3 data-start=\"1043\" data-end=\"1064\"><strong data-start=\"1047\" data-end=\"1064\">3. Pagamentos<\/strong><\/h3><p data-start=\"1066\" data-end=\"1349\">Os pagamentos podem ser realizados por meio das formas disponibilizadas no site, como cart\u00e3o de cr\u00e9dito, D\u00e9bito E PIX\u00a0<br data-start=\"1194\" data-end=\"1197\" \/>O processamento dos pagamentos \u00e9 feito por intermediadores de confian\u00e7a e certificados.<br data-start=\"1284\" data-end=\"1287\" \/>Os pedidos s\u00f3 ser\u00e3o liberados ap\u00f3s a confirma\u00e7\u00e3o do pagamento.<\/p><hr data-start=\"1351\" data-end=\"1354\" \/><h3 data-start=\"1356\" data-end=\"1375\"><strong data-start=\"1360\" data-end=\"1375\">4. Entregas<\/strong><\/h3><p data-start=\"1377\" data-end=\"1622\">As entregas s\u00e3o realizadas via transportadoras parceiras ou Correios.<br data-start=\"1446\" data-end=\"1449\" \/>O prazo de entrega pode variar conforme a localidade e a forma de envio escolhida.<br data-start=\"1531\" data-end=\"1534\" \/>Em caso de atraso, faremos o poss\u00edvel para solucionar o problema junto \u00e0 transportadora.<\/p><hr data-start=\"1624\" data-end=\"1627\" \/><h3 data-start=\"1629\" data-end=\"1659\"><strong data-start=\"1633\" data-end=\"1659\">5. Trocas e Devolu\u00e7\u00f5es<\/strong><\/h3><p data-start=\"1661\" data-end=\"1735\">Aceitamos trocas e devolu\u00e7\u00f5es conforme o C\u00f3digo de Defesa do Consumidor.<\/p><ul data-start=\"1736\" data-end=\"2011\"><li data-start=\"1736\" data-end=\"1837\"><p data-start=\"1738\" data-end=\"1837\">O prazo para solicitar troca ou devolu\u00e7\u00e3o \u00e9 de <strong data-start=\"1785\" data-end=\"1804\">7 dias corridos<\/strong> ap\u00f3s o recebimento do produto.<\/p><\/li><li data-start=\"1838\" data-end=\"1925\"><p data-start=\"1840\" data-end=\"1925\">O item deve estar <strong data-start=\"1858\" data-end=\"1869\">sem uso<\/strong>, com <strong data-start=\"1875\" data-end=\"1898\">etiquetas originais<\/strong> e <strong data-start=\"1901\" data-end=\"1922\">embalagem intacta<\/strong>.<\/p><\/li><li data-start=\"1926\" data-end=\"2011\"><p data-start=\"1928\" data-end=\"2011\">N\u00e3o realizamos trocas de produtos personalizados, em promo\u00e7\u00e3o ou com sinais de uso.<\/p><\/li><\/ul><p data-start=\"2013\" data-end=\"2115\">Para solicitar, entre em contato com nosso atendimento atrav\u00e9s dos canais oficiais informados no site.<\/p><hr data-start=\"2117\" data-end=\"2120\" \/><h3 data-start=\"2122\" data-end=\"2156\"><strong data-start=\"2126\" data-end=\"2156\">6. Pol\u00edtica de Privacidade<\/strong><\/h3><p data-start=\"2158\" data-end=\"2483\">Os dados pessoais informados durante o cadastro e a compra s\u00e3o utilizados apenas para fins de processamento do pedido e comunica\u00e7\u00e3o com o cliente.<br data-start=\"2304\" data-end=\"2307\" \/>A <strong data-start=\"2309\" data-end=\"2324\">Kiki &amp; Mily<\/strong> respeita sua privacidade e n\u00e3o compartilha informa\u00e7\u00f5es pessoais com terceiros, exceto quando necess\u00e1rio para concluir transa\u00e7\u00f5es ou cumprir obriga\u00e7\u00f5es legais.<\/p><hr data-start=\"2485\" data-end=\"2488\" \/><h3 data-start=\"2490\" data-end=\"2518\"><strong data-start=\"2494\" data-end=\"2518\">7. Direitos Autorais<\/strong><\/h3><p data-start=\"2520\" data-end=\"2739\">Todo o conte\u00fado do site \u2014 incluindo textos, imagens, logotipos e layout \u2014 \u00e9 de propriedade da <strong data-start=\"2614\" data-end=\"2629\">Kiki &amp; Mily<\/strong>.<br data-start=\"2630\" data-end=\"2633\" \/>\u00c9 proibida a reprodu\u00e7\u00e3o, distribui\u00e7\u00e3o ou uso n\u00e3o autorizado de qualquer material sem consentimento pr\u00e9vio.<\/p><hr data-start=\"2741\" data-end=\"2744\" \/><h3 data-start=\"2746\" data-end=\"2780\"><strong data-start=\"2750\" data-end=\"2780\">8. Modifica\u00e7\u00f5es nos Termos<\/strong><\/h3><p data-start=\"2782\" data-end=\"2976\">A <strong data-start=\"2784\" data-end=\"2799\">Kiki &amp; Mily<\/strong> reserva-se o direito de alterar estes Termos e Condi\u00e7\u00f5es a qualquer momento, sem aviso pr\u00e9vio.<br data-start=\"2894\" data-end=\"2897\" \/>Recomenda-se a consulta peri\u00f3dica desta p\u00e1gina para estar sempre atualizado(a).<\/p><hr data-start=\"2978\" data-end=\"2981\" \/><h3 data-start=\"2983\" data-end=\"3016\"><strong data-start=\"2987\" data-end=\"3016\">9. Atendimento ao Cliente<\/strong><\/h3><p data-start=\"3018\" data-end=\"3263\">Em caso de d\u00favidas, sugest\u00f5es ou solicita\u00e7\u00f5es, entre em contato pelos canais oficiais:<br data-start=\"3104\" data-end=\"3107\" \/>\ud83d\udce7 <strong data-start=\"3110\" data-end=\"3121\">E-mail:<\/strong> <a class=\"decorated-link cursor-pointer\" rel=\"noopener\" data-start=\"3122\" data-end=\"3150\">Kikimilylojavirtual@gmail.com<\/a><br data-start=\"3150\" data-end=\"3153\" \/>\ud83d\udcf1 <strong data-start=\"3156\" data-end=\"3169\">WhatsApp:<\/strong>\u00a0<strong>\u00a0+55 11 97054-6216<\/strong><br data-start=\"3205\" data-end=\"3208\" \/>\ud83d\udd52 Atendimento de segunda a sexta-feira, das 7h \u00e0s 17h.<\/p><hr data-start=\"3265\" data-end=\"3268\" \/><h3 data-start=\"3270\" data-end=\"3286\"><strong data-start=\"3274\" data-end=\"3286\">10. Foro<\/strong><\/h3><p data-start=\"3288\" data-end=\"3464\">Fica eleito o foro da comarca de [sua cidade\/estado] para dirimir quaisquer controv\u00e9rsias oriundas destes Termos, com ren\u00fancia a qualquer outro, por mais privilegiado que seja.<\/p><hr data-start=\"3466\" data-end=\"3469\" \/><p data-start=\"3471\" data-end=\"3525\">\u00a9 2025 <strong data-start=\"3478\" data-end=\"3493\">Kiki &amp; Mily<\/strong> \u2013 Todos os direitos reservados.<\/p>\t\t\t\t\t\t\t\t<\/div>\n\t\t\t\t<\/div>\n\t\t\t\t\t<\/div>\n\t\t\t\t<\/div>\n\t\t\t\t<\/div>\n\t\t","protected":false},"excerpt":{"rendered":"<p>Termos e condi\u00e7\u00f5es Termos e Condi\u00e7\u00f5es \u2013 Kiki &amp; Mily Bem-vindo(a) \u00e0 Kiki &amp; Mily!Ao acessar e utilizar nosso site, voc\u00ea concorda com os Termos&#8230;<\/p>\n","protected":false},"author":2,"featured_media":0,"parent":0,"menu_order":0,"comment_status":"closed","ping_status":"closed","template":"elementor_header_footer","meta":{"footnotes":""},"class_list":["post-11597","page","type-page","status-publish","hentry"],"yoast_head":"<!-- This site is optimized with the Yoast SEO plugin v25.9 - https:\/\/yoast.com\/wordpress\/plugins\/seo\/ -->\n<title>Termos e Condi\u00e7\u00f5es - Kiki &amp; Mily<\/title>\n<meta name=\"robots\" content=\"index, follow, max-snippet:-1, max-image-preview:large, max-video-preview:-1\" \/>\n<link rel=\"canonical\" href=\"https:\/\/kikimily.com.br\/pt_br\/termos-e-condicoes\/\" \/>\n<meta property=\"og:locale\" content=\"pt_BR\" \/>\n<meta property=\"og:type\" content=\"article\" \/>\n<meta property=\"og:title\" content=\"Termos e Condi\u00e7\u00f5es - Kiki &amp; Mily\" \/>\n<meta property=\"og:description\" content=\"Termos e condi\u00e7\u00f5es Termos e Condi\u00e7\u00f5es \u2013 Kiki &amp; Mily Bem-vindo(a) \u00e0 Kiki &amp; Mily!Ao acessar e utilizar nosso site, voc\u00ea concorda com os Termos...\" \/>\n<meta property=\"og:url\" content=\"https:\/\/kikimily.com.br\/pt_br\/termos-e-condicoes\/\" \/>\n<meta property=\"og:site_name\" content=\"Kiki &amp; Mily\" \/>\n<meta property=\"article:modified_time\" content=\"2025-10-22T12:55:43+00:00\" \/>\n<meta property=\"og:image\" content=\"https:\/\/kikimily.com.br\/wp-content\/uploads\/MENINAS-3-2.png\" \/>\n\t<meta property=\"og:image:width\" content=\"1920\" \/>\n\t<meta property=\"og:image:height\" content=\"768\" \/>\n\t<meta property=\"og:image:type\" content=\"image\/png\" \/>\n<meta name=\"twitter:card\" content=\"summary_large_image\" \/>\n<meta name=\"twitter:label1\" content=\"Est. tempo de leitura\" \/>\n\t<meta name=\"twitter:data1\" content=\"3 minutos\" \/>\n<script type=\"application\/ld+json\" class=\"yoast-schema-graph\">{\"@context\":\"https:\/\/schema.org\",\"@graph\":[{\"@type\":\"WebPage\",\"@id\":\"https:\/\/kikimily.com.br\/pt_br\/termos-e-condicoes\/\",\"url\":\"https:\/\/kikimily.com.br\/pt_br\/termos-e-condicoes\/\",\"name\":\"Termos e Condi\u00e7\u00f5es - Kiki &amp; Mily\",\"isPartOf\":{\"@id\":\"https:\/\/kikimily.com.br\/#website\"},\"datePublished\":\"2025-10-22T12:53:37+00:00\",\"dateModified\":\"2025-10-22T12:55:43+00:00\",\"breadcrumb\":{\"@id\":\"https:\/\/kikimily.com.br\/pt_br\/termos-e-condicoes\/#breadcrumb\"},\"inLanguage\":\"pt-BR\",\"potentialAction\":[{\"@type\":\"ReadAction\",\"target\":[\"https:\/\/kikimily.com.br\/pt_br\/termos-e-condicoes\/\"]}]},{\"@type\":\"BreadcrumbList\",\"@id\":\"https:\/\/kikimily.com.br\/pt_br\/termos-e-condicoes\/#breadcrumb\",\"itemListElement\":[{\"@type\":\"ListItem\",\"position\":1,\"name\":\"Home\",\"item\":\"https:\/\/kikimily.com.br\/\"},{\"@type\":\"ListItem\",\"position\":2,\"name\":\"Termos e Condi\u00e7\u00f5es\"}]},{\"@type\":\"WebSite\",\"@id\":\"https:\/\/kikimily.com.br\/#website\",\"url\":\"https:\/\/kikimily.com.br\/\",\"name\":\"Kiki & Mily\",\"description\":\"Moda infantil\",\"publisher\":{\"@id\":\"https:\/\/kikimily.com.br\/#organization\"},\"potentialAction\":[{\"@type\":\"SearchAction\",\"target\":{\"@type\":\"EntryPoint\",\"urlTemplate\":\"https:\/\/kikimily.com.br\/?s={search_term_string}\"},\"query-input\":{\"@type\":\"PropertyValueSpecification\",\"valueRequired\":true,\"valueName\":\"search_term_string\"}}],\"inLanguage\":\"pt-BR\"},{\"@type\":\"Organization\",\"@id\":\"https:\/\/kikimily.com.br\/#organization\",\"name\":\"Kiki & Mily\",\"url\":\"https:\/\/kikimily.com.br\/\",\"logo\":{\"@type\":\"ImageObject\",\"inLanguage\":\"pt-BR\",\"@id\":\"https:\/\/kikimily.com.br\/#\/schema\/logo\/image\/\",\"url\":\"https:\/\/kikimily.com.br\/wp-content\/uploads\/MENINAS-3-2.png\",\"contentUrl\":\"https:\/\/kikimily.com.br\/wp-content\/uploads\/MENINAS-3-2.png\",\"width\":1920,\"height\":768,\"caption\":\"Kiki & Mily\"},\"image\":{\"@id\":\"https:\/\/kikimily.com.br\/#\/schema\/logo\/image\/\"},\"sameAs\":[\"https:\/\/www.instagram.com\/kikimilyoficial\/\"]}]}<\/script>\n<!-- \/ Yoast SEO plugin. -->","yoast_head_json":{"title":"Termos e Condi\u00e7\u00f5es - Kiki &amp; Mily","robots":{"index":"index","follow":"follow","max-snippet":"max-snippet:-1","max-image-preview":"max-image-preview:large","max-video-preview":"max-video-preview:-1"},"canonical":"https:\/\/kikimily.com.br\/pt_br\/termos-e-condicoes\/","og_locale":"pt_BR","og_type":"article","og_title":"Termos e Condi\u00e7\u00f5es - Kiki &amp; Mily","og_description":"Termos e condi\u00e7\u00f5es Termos e Condi\u00e7\u00f5es \u2013 Kiki &amp; Mily Bem-vindo(a) \u00e0 Kiki &amp; Mily!Ao acessar e utilizar nosso site, voc\u00ea concorda com os Termos...","og_url":"https:\/\/kikimily.com.br\/pt_br\/termos-e-condicoes\/","og_site_name":"Kiki &amp; Mily","article_modified_time":"2025-10-22T12:55:43+00:00","og_image":[{"width":1920,"height":768,"url":"https:\/\/kikimily.com.br\/wp-content\/uploads\/MENINAS-3-2.png","type":"image\/png"}],"twitter_card":"summary_large_image","twitter_misc":{"Est. tempo de leitura":"3 minutos"},"schema":{"@context":"https:\/\/schema.org","@graph":[{"@type":"WebPage","@id":"https:\/\/kikimily.com.br\/pt_br\/termos-e-condicoes\/","url":"https:\/\/kikimily.com.br\/pt_br\/termos-e-condicoes\/","name":"Termos e Condi\u00e7\u00f5es - Kiki &amp; Mily","isPartOf":{"@id":"https:\/\/kikimily.com.br\/#website"},"datePublished":"2025-10-22T12:53:37+00:00","dateModified":"2025-10-22T12:55:43+00:00","breadcrumb":{"@id":"https:\/\/kikimily.com.br\/pt_br\/termos-e-condicoes\/#breadcrumb"},"inLanguage":"pt-BR","potentialAction":[{"@type":"ReadAction","target":["https:\/\/kikimily.com.br\/pt_br\/termos-e-condicoes\/"]}]},{"@type":"BreadcrumbList","@id":"https:\/\/kikimily.com.br\/pt_br\/termos-e-condicoes\/#breadcrumb","itemListElement":[{"@type":"ListItem","position":1,"name":"Home","item":"https:\/\/kikimily.com.br\/"},{"@type":"ListItem","position":2,"name":"Termos e Condi\u00e7\u00f5es"}]},{"@type":"WebSite","@id":"https:\/\/kikimily.com.br\/#website","url":"https:\/\/kikimily.com.br\/","name":"Kiki & Mily","description":"Moda infantil","publisher":{"@id":"https:\/\/kikimily.com.br\/#organization"},"potentialAction":[{"@type":"SearchAction","target":{"@type":"EntryPoint","urlTemplate":"https:\/\/kikimily.com.br\/?s={search_term_string}"},"query-input":{"@type":"PropertyValueSpecification","valueRequired":true,"valueName":"search_term_string"}}],"inLanguage":"pt-BR"},{"@type":"Organization","@id":"https:\/\/kikimily.com.br\/#organization","name":"Kiki & Mily","url":"https:\/\/kikimily.com.br\/","logo":{"@type":"ImageObject","inLanguage":"pt-BR","@id":"https:\/\/kikimily.com.br\/#\/schema\/logo\/image\/","url":"https:\/\/kikimily.com.br\/wp-content\/uploads\/MENINAS-3-2.png","contentUrl":"https:\/\/kikimily.com.br\/wp-content\/uploads\/MENINAS-3-2.png","width":1920,"height":768,"caption":"Kiki & Mily"},"image":{"@id":"https:\/\/kikimily.com.br\/#\/schema\/logo\/image\/"},"sameAs":["https:\/\/www.instagram.com\/kikimilyoficial\/"]}]}},"_links":{"self":[{"href":"https:\/\/kikimily.com.br\/pt_br\/wp-json\/wp\/v2\/pages\/11597","targetHints":{"allow":["GET"]}}],"collection":[{"href":"https:\/\/kikimily.com.br\/pt_br\/wp-json\/wp\/v2\/pages"}],"about":[{"href":"https:\/\/kikimily.com.br\/pt_br\/wp-json\/wp\/v2\/types\/page"}],"author":[{"embeddable":true,"href":"https:\/\/kikimily.com.br\/pt_br\/wp-json\/wp\/v2\/users\/2"}],"replies":[{"embeddable":true,"href":"https:\/\/kikimily.com.br\/pt_br\/wp-json\/wp\/v2\/comments?post=11597"}],"version-history":[{"count":5,"href":"https:\/\/kikimily.com.br\/pt_br\/wp-json\/wp\/v2\/pages\/11597\/revisions"}],"predecessor-version":[{"id":11606,"href":"https:\/\/kikimily.com.br\/pt_br\/wp-json\/wp\/v2\/pages\/11597\/revisions\/11606"}],"wp:attachment":[{"href":"https:\/\/kikimily.com.br\/pt_br\/wp-json\/wp\/v2\/media?parent=11597"}],"curies":[{"name":"wp","href":"https:\/\/api.w.org\/{rel}","templated":true}]}}