{"id":2833,"date":"2024-10-26T12:03:58","date_gmt":"2024-10-26T12:03:58","guid":{"rendered":"https:\/\/kikimily.com.br\/?post_type=product&#038;p=2833"},"modified":"2025-09-08T11:17:42","modified_gmt":"2025-09-08T11:17:42","slug":"conjunto-masculino-adventure","status":"publish","type":"product","link":"https:\/\/kikimily.com.br\/pt_br\/produto\/conjunto-masculino-adventure\/","title":{"rendered":"Conjunto Conqueiro Juvenil Menino Ver\u00e3o"},"content":{"rendered":"<p>Prepare-se para a explora\u00e7\u00e3o com o nosso Conjunto Juvenil Adventure!<br \/>\nCom um design moderno e ousado, este conjunto \u00e9 perfeito para jovens que amam se aventurar. A camiseta de manga curta apresenta gr\u00e1ficos inspiradores e detalhes que capturam o esp\u00edrito aventureiro, enquanto o short, confeccionado em materiai leve e confort\u00e1vel, garantem liberdade de movimento em todas as atividades.<\/p>\n<p>Ideal para dias ao ar livre, passeios com amigos ou momentos de descontra\u00e7\u00e3o, este conjunto combina praticidade e estilo, tornando-o uma escolha indispens\u00e1vel no guarda-roupa juvenil. Equipado para as aventuras do dia a dia, seu jovem estar\u00e1 pronto para conquistar o mundo!<\/p>\n<p>&nbsp;<\/p>\n<p>Tamanho<\/p>\n<p>10,12,14,16<\/p>\n","protected":false},"excerpt":{"rendered":"<p>Prepare-se para a explora\u00e7\u00e3o com o nosso Conjunto Juvenil Adventure! Com um design moderno e ousado, este conjunto \u00e9 perfeito para jovens que amam se&#8230;<\/p>\n","protected":false},"featured_media":6544,"comment_status":"closed","ping_status":"closed","template":"","meta":[],"etheme_brands":[],"product_brand":[],"product_cat":[139,64],"product_tag":[46,45,43],"class_list":{"0":"post-2833","1":"product","2":"type-product","3":"status-publish","4":"has-post-thumbnail","6":"product_cat-conjunto-verao-primavera-j-masc","7":"product_cat-juvenil-menino","8":"product_tag-conjunto-juvenil","9":"product_tag-roupa-juvenil-menino","10":"product_tag-roupa-para-menino","12":"first","13":"instock","14":"sold-individually","15":"shipping-taxable","16":"purchasable","17":"product-type-variable"},"yoast_head":"<!-- This site is optimized with the Yoast SEO plugin v25.9 - https:\/\/yoast.com\/wordpress\/plugins\/seo\/ -->\n<title>Conjunto Conqueiro Juvenil Menino Ver\u00e3o - Kiki &amp; Mily<\/title>\n<meta name=\"robots\" content=\"index, follow, max-snippet:-1, max-image-preview:large, max-video-preview:-1\" \/>\n<link rel=\"canonical\" href=\"https:\/\/kikimily.com.br\/pt_br\/produto\/conjunto-masculino-adventure\/\" \/>\n<meta property=\"og:locale\" content=\"pt_BR\" \/>\n<meta property=\"og:type\" content=\"article\" \/>\n<meta property=\"og:title\" content=\"Conjunto Conqueiro Juvenil Menino Ver\u00e3o - Kiki &amp; Mily\" \/>\n<meta property=\"og:description\" content=\"Prepare-se para a explora\u00e7\u00e3o com o nosso Conjunto Juvenil Adventure! Com um design moderno e ousado, este conjunto \u00e9 perfeito para jovens que amam se...\" \/>\n<meta property=\"og:url\" content=\"https:\/\/kikimily.com.br\/pt_br\/produto\/conjunto-masculino-adventure\/\" \/>\n<meta property=\"og:site_name\" content=\"Kiki &amp; Mily\" \/>\n<meta property=\"article:modified_time\" content=\"2025-09-08T11:17:42+00:00\" \/>\n<meta property=\"og:image\" content=\"https:\/\/kikimily.com.br\/wp-content\/uploads\/Fundos-para-fotos-meninos-2025-03-13T093007.984.png\" \/>\n\t<meta property=\"og:image:width\" content=\"1000\" \/>\n\t<meta property=\"og:image:height\" content=\"1500\" \/>\n\t<meta property=\"og:image:type\" content=\"image\/png\" \/>\n<meta name=\"twitter:card\" content=\"summary_large_image\" \/>\n<meta name=\"twitter:label1\" content=\"Est. tempo de leitura\" \/>\n\t<meta name=\"twitter:data1\" content=\"1 minuto\" \/>\n<script type=\"application\/ld+json\" class=\"yoast-schema-graph\">{\"@context\":\"https:\/\/schema.org\",\"@graph\":[{\"@type\":\"WebPage\",\"@id\":\"https:\/\/kikimily.com.br\/produto\/conjunto-masculino-adventure\/\",\"url\":\"https:\/\/kikimily.com.br\/produto\/conjunto-masculino-adventure\/\",\"name\":\"Conjunto Conqueiro Juvenil Menino Ver\u00e3o - Kiki &amp; Mily\",\"isPartOf\":{\"@id\":\"https:\/\/kikimily.com.br\/#website\"},\"primaryImageOfPage\":{\"@id\":\"https:\/\/kikimily.com.br\/produto\/conjunto-masculino-adventure\/#primaryimage\"},\"image\":{\"@id\":\"https:\/\/kikimily.com.br\/produto\/conjunto-masculino-adventure\/#primaryimage\"},\"thumbnailUrl\":\"https:\/\/kikimily.com.br\/wp-content\/uploads\/Fundos-para-fotos-meninos-2025-03-13T093007.984.png\",\"datePublished\":\"2024-10-26T12:03:58+00:00\",\"dateModified\":\"2025-09-08T11:17:42+00:00\",\"breadcrumb\":{\"@id\":\"https:\/\/kikimily.com.br\/produto\/conjunto-masculino-adventure\/#breadcrumb\"},\"inLanguage\":\"pt-BR\",\"potentialAction\":[{\"@type\":\"ReadAction\",\"target\":[\"https:\/\/kikimily.com.br\/produto\/conjunto-masculino-adventure\/\"]}]},{\"@type\":\"ImageObject\",\"inLanguage\":\"pt-BR\",\"@id\":\"https:\/\/kikimily.com.br\/produto\/conjunto-masculino-adventure\/#primaryimage\",\"url\":\"https:\/\/kikimily.com.br\/wp-content\/uploads\/Fundos-para-fotos-meninos-2025-03-13T093007.984.png\",\"contentUrl\":\"https:\/\/kikimily.com.br\/wp-content\/uploads\/Fundos-para-fotos-meninos-2025-03-13T093007.984.png\",\"width\":1000,\"height\":1500},{\"@type\":\"BreadcrumbList\",\"@id\":\"https:\/\/kikimily.com.br\/produto\/conjunto-masculino-adventure\/#breadcrumb\",\"itemListElement\":[{\"@type\":\"ListItem\",\"position\":1,\"name\":\"Home\",\"item\":\"https:\/\/kikimily.com.br\/\"},{\"@type\":\"ListItem\",\"position\":2,\"name\":\"Loja\",\"item\":\"https:\/\/kikimily.com.br\/loja\/\"},{\"@type\":\"ListItem\",\"position\":3,\"name\":\"Conjunto Conqueiro Juvenil Menino Ver\u00e3o\"}]},{\"@type\":\"WebSite\",\"@id\":\"https:\/\/kikimily.com.br\/#website\",\"url\":\"https:\/\/kikimily.com.br\/\",\"name\":\"Kiki & Mily\",\"description\":\"Moda infantil\",\"publisher\":{\"@id\":\"https:\/\/kikimily.com.br\/#organization\"},\"potentialAction\":[{\"@type\":\"SearchAction\",\"target\":{\"@type\":\"EntryPoint\",\"urlTemplate\":\"https:\/\/kikimily.com.br\/?s={search_term_string}\"},\"query-input\":{\"@type\":\"PropertyValueSpecification\",\"valueRequired\":true,\"valueName\":\"search_term_string\"}}],\"inLanguage\":\"pt-BR\"},{\"@type\":\"Organization\",\"@id\":\"https:\/\/kikimily.com.br\/#organization\",\"name\":\"Kiki & Mily\",\"url\":\"https:\/\/kikimily.com.br\/\",\"logo\":{\"@type\":\"ImageObject\",\"inLanguage\":\"pt-BR\",\"@id\":\"https:\/\/kikimily.com.br\/#\/schema\/logo\/image\/\",\"url\":\"https:\/\/kikimily.com.br\/wp-content\/uploads\/MENINAS-3-2.png\",\"contentUrl\":\"https:\/\/kikimily.com.br\/wp-content\/uploads\/MENINAS-3-2.png\",\"width\":1920,\"height\":768,\"caption\":\"Kiki & Mily\"},\"image\":{\"@id\":\"https:\/\/kikimily.com.br\/#\/schema\/logo\/image\/\"},\"sameAs\":[\"https:\/\/www.instagram.com\/kikimilyoficial\/\"]}]}<\/script>\n<!-- \/ Yoast SEO plugin. -->","yoast_head_json":{"title":"Conjunto Conqueiro Juvenil Menino Ver\u00e3o - Kiki &amp; Mily","robots":{"index":"index","follow":"follow","max-snippet":"max-snippet:-1","max-image-preview":"max-image-preview:large","max-video-preview":"max-video-preview:-1"},"canonical":"https:\/\/kikimily.com.br\/pt_br\/produto\/conjunto-masculino-adventure\/","og_locale":"pt_BR","og_type":"article","og_title":"Conjunto Conqueiro Juvenil Menino Ver\u00e3o - Kiki &amp; Mily","og_description":"Prepare-se para a explora\u00e7\u00e3o com o nosso Conjunto Juvenil Adventure! Com um design moderno e ousado, este conjunto \u00e9 perfeito para jovens que amam se...","og_url":"https:\/\/kikimily.com.br\/pt_br\/produto\/conjunto-masculino-adventure\/","og_site_name":"Kiki &amp; Mily","article_modified_time":"2025-09-08T11:17:42+00:00","og_image":[{"width":1000,"height":1500,"url":"https:\/\/kikimily.com.br\/wp-content\/uploads\/Fundos-para-fotos-meninos-2025-03-13T093007.984.png","type":"image\/png"}],"twitter_card":"summary_large_image","twitter_misc":{"Est. tempo de leitura":"1 minuto"},"schema":{"@context":"https:\/\/schema.org","@graph":[{"@type":"WebPage","@id":"https:\/\/kikimily.com.br\/produto\/conjunto-masculino-adventure\/","url":"https:\/\/kikimily.com.br\/produto\/conjunto-masculino-adventure\/","name":"Conjunto Conqueiro Juvenil Menino Ver\u00e3o - Kiki &amp; Mily","isPartOf":{"@id":"https:\/\/kikimily.com.br\/#website"},"primaryImageOfPage":{"@id":"https:\/\/kikimily.com.br\/produto\/conjunto-masculino-adventure\/#primaryimage"},"image":{"@id":"https:\/\/kikimily.com.br\/produto\/conjunto-masculino-adventure\/#primaryimage"},"thumbnailUrl":"https:\/\/kikimily.com.br\/wp-content\/uploads\/Fundos-para-fotos-meninos-2025-03-13T093007.984.png","datePublished":"2024-10-26T12:03:58+00:00","dateModified":"2025-09-08T11:17:42+00:00","breadcrumb":{"@id":"https:\/\/kikimily.com.br\/produto\/conjunto-masculino-adventure\/#breadcrumb"},"inLanguage":"pt-BR","potentialAction":[{"@type":"ReadAction","target":["https:\/\/kikimily.com.br\/produto\/conjunto-masculino-adventure\/"]}]},{"@type":"ImageObject","inLanguage":"pt-BR","@id":"https:\/\/kikimily.com.br\/produto\/conjunto-masculino-adventure\/#primaryimage","url":"https:\/\/kikimily.com.br\/wp-content\/uploads\/Fundos-para-fotos-meninos-2025-03-13T093007.984.png","contentUrl":"https:\/\/kikimily.com.br\/wp-content\/uploads\/Fundos-para-fotos-meninos-2025-03-13T093007.984.png","width":1000,"height":1500},{"@type":"BreadcrumbList","@id":"https:\/\/kikimily.com.br\/produto\/conjunto-masculino-adventure\/#breadcrumb","itemListElement":[{"@type":"ListItem","position":1,"name":"Home","item":"https:\/\/kikimily.com.br\/"},{"@type":"ListItem","position":2,"name":"Loja","item":"https:\/\/kikimily.com.br\/loja\/"},{"@type":"ListItem","position":3,"name":"Conjunto Conqueiro Juvenil Menino Ver\u00e3o"}]},{"@type":"WebSite","@id":"https:\/\/kikimily.com.br\/#website","url":"https:\/\/kikimily.com.br\/","name":"Kiki & Mily","description":"Moda infantil","publisher":{"@id":"https:\/\/kikimily.com.br\/#organization"},"potentialAction":[{"@type":"SearchAction","target":{"@type":"EntryPoint","urlTemplate":"https:\/\/kikimily.com.br\/?s={search_term_string}"},"query-input":{"@type":"PropertyValueSpecification","valueRequired":true,"valueName":"search_term_string"}}],"inLanguage":"pt-BR"},{"@type":"Organization","@id":"https:\/\/kikimily.com.br\/#organization","name":"Kiki & Mily","url":"https:\/\/kikimily.com.br\/","logo":{"@type":"ImageObject","inLanguage":"pt-BR","@id":"https:\/\/kikimily.com.br\/#\/schema\/logo\/image\/","url":"https:\/\/kikimily.com.br\/wp-content\/uploads\/MENINAS-3-2.png","contentUrl":"https:\/\/kikimily.com.br\/wp-content\/uploads\/MENINAS-3-2.png","width":1920,"height":768,"caption":"Kiki & Mily"},"image":{"@id":"https:\/\/kikimily.com.br\/#\/schema\/logo\/image\/"},"sameAs":["https:\/\/www.instagram.com\/kikimilyoficial\/"]}]}},"_links":{"self":[{"href":"https:\/\/kikimily.com.br\/pt_br\/wp-json\/wp\/v2\/product\/2833","targetHints":{"allow":["GET"]}}],"collection":[{"href":"https:\/\/kikimily.com.br\/pt_br\/wp-json\/wp\/v2\/product"}],"about":[{"href":"https:\/\/kikimily.com.br\/pt_br\/wp-json\/wp\/v2\/types\/product"}],"replies":[{"embeddable":true,"href":"https:\/\/kikimily.com.br\/pt_br\/wp-json\/wp\/v2\/comments?post=2833"}],"wp:featuredmedia":[{"embeddable":true,"href":"https:\/\/kikimily.com.br\/pt_br\/wp-json\/wp\/v2\/media\/6544"}],"wp:attachment":[{"href":"https:\/\/kikimily.com.br\/pt_br\/wp-json\/wp\/v2\/media?parent=2833"}],"wp:term":[{"taxonomy":"brand","embeddable":true,"href":"https:\/\/kikimily.com.br\/pt_br\/wp-json\/wp\/v2\/etheme_brands?post=2833"},{"taxonomy":"product_brand","embeddable":true,"href":"https:\/\/kikimily.com.br\/pt_br\/wp-json\/wp\/v2\/product_brand?post=2833"},{"taxonomy":"product_cat","embeddable":true,"href":"https:\/\/kikimily.com.br\/pt_br\/wp-json\/wp\/v2\/product_cat?post=2833"},{"taxonomy":"product_tag","embeddable":true,"href":"https:\/\/kikimily.com.br\/pt_br\/wp-json\/wp\/v2\/product_tag?post=2833"}],"curies":[{"name":"wp","href":"https:\/\/api.w.org\/{rel}","templated":true}]}}