{"id":3326,"date":"2024-11-01T13:59:54","date_gmt":"2024-11-01T13:59:54","guid":{"rendered":"https:\/\/kikimily.com.br\/?post_type=product&#038;p=3326"},"modified":"2025-02-12T16:29:56","modified_gmt":"2025-02-12T16:29:56","slug":"vestido-de-picole-com-alca-fininha","status":"publish","type":"product","link":"https:\/\/kikimily.com.br\/pt_br\/produto\/vestido-de-picole-com-alca-fininha\/","title":{"rendered":"Vestido Sorvete Alsa Infantil Menina"},"content":{"rendered":"<p>Vestido de Picol\u00e9 com Al\u00e7a Fininha &#8211; Frescor e Do\u00e7ura para os Dias Quentes<\/p>\n<p>Descri\u00e7\u00e3o:<br \/>\nNosso vestido com estampa de picol\u00e9 e al\u00e7as fininhas \u00e9 a escolha perfeita para um visual refrescante, divertido e cheio de estilo! Com uma estampa alegre de picol\u00e9s coloridos, ele traz a leveza ideal para dias ensolarados. Feito em tecido macio e leve, esse vestido proporciona conforto e frescor, enquanto as al\u00e7as fininhas oferecem um toque delicado e feminino. Ideal para passeios, piqueniques ou at\u00e9 festas, ele \u00e9 f\u00e1cil de combinar com sand\u00e1lias ou t\u00eanis para um look casual e encantador.<\/p>\n<p>Destaques:<\/p>\n<p>Estampa divertida de picol\u00e9s coloridos<br \/>\nTecido leve e respir\u00e1vel para dias quentes<br \/>\nAl\u00e7as fininhas para um toque feminino<br \/>\nLook perfeito para ocasi\u00f5es casuais e descontra\u00eddas<br \/>\nCurta o ver\u00e3o com o estilo doce e refrescante do nosso vestido de picol\u00e9 com al\u00e7a fininha!<\/p>\n","protected":false},"excerpt":{"rendered":"<p>Vestido de Picol\u00e9 com Al\u00e7a Fininha &#8211; Frescor e Do\u00e7ura para os Dias Quentes Descri\u00e7\u00e3o: Nosso vestido com estampa de picol\u00e9 e al\u00e7as fininhas \u00e9&#8230;<\/p>\n","protected":false},"featured_media":3336,"comment_status":"closed","ping_status":"closed","template":"","meta":[],"etheme_brands":[],"product_brand":[],"product_cat":[32,56],"product_tag":[],"class_list":{"0":"post-3326","1":"product","2":"type-product","3":"status-publish","4":"has-post-thumbnail","6":"product_cat-menina","7":"product_cat-vestidos","9":"first","10":"instock","11":"shipping-taxable","12":"purchasable","13":"product-type-variable"},"yoast_head":"<!-- This site is optimized with the Yoast SEO plugin v25.9 - https:\/\/yoast.com\/wordpress\/plugins\/seo\/ -->\n<title>Vestido Sorvete Alsa Infantil Menina - Kiki &amp; Mily<\/title>\n<meta name=\"robots\" content=\"index, follow, max-snippet:-1, max-image-preview:large, max-video-preview:-1\" \/>\n<link rel=\"canonical\" href=\"https:\/\/kikimily.com.br\/pt_br\/produto\/vestido-de-picole-com-alca-fininha\/\" \/>\n<meta property=\"og:locale\" content=\"pt_BR\" \/>\n<meta property=\"og:type\" content=\"article\" \/>\n<meta property=\"og:title\" content=\"Vestido Sorvete Alsa Infantil Menina - Kiki &amp; Mily\" \/>\n<meta property=\"og:description\" content=\"Vestido de Picol\u00e9 com Al\u00e7a Fininha &#8211; Frescor e Do\u00e7ura para os Dias Quentes Descri\u00e7\u00e3o: Nosso vestido com estampa de picol\u00e9 e al\u00e7as fininhas \u00e9...\" \/>\n<meta property=\"og:url\" content=\"https:\/\/kikimily.com.br\/pt_br\/produto\/vestido-de-picole-com-alca-fininha\/\" \/>\n<meta property=\"og:site_name\" content=\"Kiki &amp; Mily\" \/>\n<meta property=\"article:modified_time\" content=\"2025-02-12T16:29:56+00:00\" \/>\n<meta property=\"og:image\" content=\"https:\/\/kikimily.com.br\/wp-content\/uploads\/66.png\" \/>\n\t<meta property=\"og:image:width\" content=\"1000\" \/>\n\t<meta property=\"og:image:height\" content=\"1500\" \/>\n\t<meta property=\"og:image:type\" content=\"image\/png\" \/>\n<meta name=\"twitter:card\" content=\"summary_large_image\" \/>\n<meta name=\"twitter:label1\" content=\"Est. tempo de leitura\" \/>\n\t<meta name=\"twitter:data1\" content=\"1 minuto\" \/>\n<script type=\"application\/ld+json\" class=\"yoast-schema-graph\">{\"@context\":\"https:\/\/schema.org\",\"@graph\":[{\"@type\":\"WebPage\",\"@id\":\"https:\/\/kikimily.com.br\/produto\/vestido-de-picole-com-alca-fininha\/\",\"url\":\"https:\/\/kikimily.com.br\/produto\/vestido-de-picole-com-alca-fininha\/\",\"name\":\"Vestido Sorvete Alsa Infantil Menina - Kiki &amp; Mily\",\"isPartOf\":{\"@id\":\"https:\/\/kikimily.com.br\/#website\"},\"primaryImageOfPage\":{\"@id\":\"https:\/\/kikimily.com.br\/produto\/vestido-de-picole-com-alca-fininha\/#primaryimage\"},\"image\":{\"@id\":\"https:\/\/kikimily.com.br\/produto\/vestido-de-picole-com-alca-fininha\/#primaryimage\"},\"thumbnailUrl\":\"https:\/\/kikimily.com.br\/wp-content\/uploads\/66.png\",\"datePublished\":\"2024-11-01T13:59:54+00:00\",\"dateModified\":\"2025-02-12T16:29:56+00:00\",\"breadcrumb\":{\"@id\":\"https:\/\/kikimily.com.br\/produto\/vestido-de-picole-com-alca-fininha\/#breadcrumb\"},\"inLanguage\":\"pt-BR\",\"potentialAction\":[{\"@type\":\"ReadAction\",\"target\":[\"https:\/\/kikimily.com.br\/produto\/vestido-de-picole-com-alca-fininha\/\"]}]},{\"@type\":\"ImageObject\",\"inLanguage\":\"pt-BR\",\"@id\":\"https:\/\/kikimily.com.br\/produto\/vestido-de-picole-com-alca-fininha\/#primaryimage\",\"url\":\"https:\/\/kikimily.com.br\/wp-content\/uploads\/66.png\",\"contentUrl\":\"https:\/\/kikimily.com.br\/wp-content\/uploads\/66.png\",\"width\":1000,\"height\":1500},{\"@type\":\"BreadcrumbList\",\"@id\":\"https:\/\/kikimily.com.br\/produto\/vestido-de-picole-com-alca-fininha\/#breadcrumb\",\"itemListElement\":[{\"@type\":\"ListItem\",\"position\":1,\"name\":\"Home\",\"item\":\"https:\/\/kikimily.com.br\/\"},{\"@type\":\"ListItem\",\"position\":2,\"name\":\"Loja\",\"item\":\"https:\/\/kikimily.com.br\/loja\/\"},{\"@type\":\"ListItem\",\"position\":3,\"name\":\"Vestido Sorvete Alsa Infantil Menina\"}]},{\"@type\":\"WebSite\",\"@id\":\"https:\/\/kikimily.com.br\/#website\",\"url\":\"https:\/\/kikimily.com.br\/\",\"name\":\"Kiki & Mily\",\"description\":\"Moda infantil\",\"publisher\":{\"@id\":\"https:\/\/kikimily.com.br\/#organization\"},\"potentialAction\":[{\"@type\":\"SearchAction\",\"target\":{\"@type\":\"EntryPoint\",\"urlTemplate\":\"https:\/\/kikimily.com.br\/?s={search_term_string}\"},\"query-input\":{\"@type\":\"PropertyValueSpecification\",\"valueRequired\":true,\"valueName\":\"search_term_string\"}}],\"inLanguage\":\"pt-BR\"},{\"@type\":\"Organization\",\"@id\":\"https:\/\/kikimily.com.br\/#organization\",\"name\":\"Kiki & Mily\",\"url\":\"https:\/\/kikimily.com.br\/\",\"logo\":{\"@type\":\"ImageObject\",\"inLanguage\":\"pt-BR\",\"@id\":\"https:\/\/kikimily.com.br\/#\/schema\/logo\/image\/\",\"url\":\"https:\/\/kikimily.com.br\/wp-content\/uploads\/MENINAS-3-2.png\",\"contentUrl\":\"https:\/\/kikimily.com.br\/wp-content\/uploads\/MENINAS-3-2.png\",\"width\":1920,\"height\":768,\"caption\":\"Kiki & Mily\"},\"image\":{\"@id\":\"https:\/\/kikimily.com.br\/#\/schema\/logo\/image\/\"},\"sameAs\":[\"https:\/\/www.instagram.com\/kikimilyoficial\/\"]}]}<\/script>\n<!-- \/ Yoast SEO plugin. -->","yoast_head_json":{"title":"Vestido Sorvete Alsa Infantil Menina - Kiki &amp; Mily","robots":{"index":"index","follow":"follow","max-snippet":"max-snippet:-1","max-image-preview":"max-image-preview:large","max-video-preview":"max-video-preview:-1"},"canonical":"https:\/\/kikimily.com.br\/pt_br\/produto\/vestido-de-picole-com-alca-fininha\/","og_locale":"pt_BR","og_type":"article","og_title":"Vestido Sorvete Alsa Infantil Menina - Kiki &amp; Mily","og_description":"Vestido de Picol\u00e9 com Al\u00e7a Fininha &#8211; Frescor e Do\u00e7ura para os Dias Quentes Descri\u00e7\u00e3o: Nosso vestido com estampa de picol\u00e9 e al\u00e7as fininhas \u00e9...","og_url":"https:\/\/kikimily.com.br\/pt_br\/produto\/vestido-de-picole-com-alca-fininha\/","og_site_name":"Kiki &amp; Mily","article_modified_time":"2025-02-12T16:29:56+00:00","og_image":[{"width":1000,"height":1500,"url":"https:\/\/kikimily.com.br\/wp-content\/uploads\/66.png","type":"image\/png"}],"twitter_card":"summary_large_image","twitter_misc":{"Est. tempo de leitura":"1 minuto"},"schema":{"@context":"https:\/\/schema.org","@graph":[{"@type":"WebPage","@id":"https:\/\/kikimily.com.br\/produto\/vestido-de-picole-com-alca-fininha\/","url":"https:\/\/kikimily.com.br\/produto\/vestido-de-picole-com-alca-fininha\/","name":"Vestido Sorvete Alsa Infantil Menina - Kiki &amp; Mily","isPartOf":{"@id":"https:\/\/kikimily.com.br\/#website"},"primaryImageOfPage":{"@id":"https:\/\/kikimily.com.br\/produto\/vestido-de-picole-com-alca-fininha\/#primaryimage"},"image":{"@id":"https:\/\/kikimily.com.br\/produto\/vestido-de-picole-com-alca-fininha\/#primaryimage"},"thumbnailUrl":"https:\/\/kikimily.com.br\/wp-content\/uploads\/66.png","datePublished":"2024-11-01T13:59:54+00:00","dateModified":"2025-02-12T16:29:56+00:00","breadcrumb":{"@id":"https:\/\/kikimily.com.br\/produto\/vestido-de-picole-com-alca-fininha\/#breadcrumb"},"inLanguage":"pt-BR","potentialAction":[{"@type":"ReadAction","target":["https:\/\/kikimily.com.br\/produto\/vestido-de-picole-com-alca-fininha\/"]}]},{"@type":"ImageObject","inLanguage":"pt-BR","@id":"https:\/\/kikimily.com.br\/produto\/vestido-de-picole-com-alca-fininha\/#primaryimage","url":"https:\/\/kikimily.com.br\/wp-content\/uploads\/66.png","contentUrl":"https:\/\/kikimily.com.br\/wp-content\/uploads\/66.png","width":1000,"height":1500},{"@type":"BreadcrumbList","@id":"https:\/\/kikimily.com.br\/produto\/vestido-de-picole-com-alca-fininha\/#breadcrumb","itemListElement":[{"@type":"ListItem","position":1,"name":"Home","item":"https:\/\/kikimily.com.br\/"},{"@type":"ListItem","position":2,"name":"Loja","item":"https:\/\/kikimily.com.br\/loja\/"},{"@type":"ListItem","position":3,"name":"Vestido Sorvete Alsa Infantil Menina"}]},{"@type":"WebSite","@id":"https:\/\/kikimily.com.br\/#website","url":"https:\/\/kikimily.com.br\/","name":"Kiki & Mily","description":"Moda infantil","publisher":{"@id":"https:\/\/kikimily.com.br\/#organization"},"potentialAction":[{"@type":"SearchAction","target":{"@type":"EntryPoint","urlTemplate":"https:\/\/kikimily.com.br\/?s={search_term_string}"},"query-input":{"@type":"PropertyValueSpecification","valueRequired":true,"valueName":"search_term_string"}}],"inLanguage":"pt-BR"},{"@type":"Organization","@id":"https:\/\/kikimily.com.br\/#organization","name":"Kiki & Mily","url":"https:\/\/kikimily.com.br\/","logo":{"@type":"ImageObject","inLanguage":"pt-BR","@id":"https:\/\/kikimily.com.br\/#\/schema\/logo\/image\/","url":"https:\/\/kikimily.com.br\/wp-content\/uploads\/MENINAS-3-2.png","contentUrl":"https:\/\/kikimily.com.br\/wp-content\/uploads\/MENINAS-3-2.png","width":1920,"height":768,"caption":"Kiki & Mily"},"image":{"@id":"https:\/\/kikimily.com.br\/#\/schema\/logo\/image\/"},"sameAs":["https:\/\/www.instagram.com\/kikimilyoficial\/"]}]}},"_links":{"self":[{"href":"https:\/\/kikimily.com.br\/pt_br\/wp-json\/wp\/v2\/product\/3326","targetHints":{"allow":["GET"]}}],"collection":[{"href":"https:\/\/kikimily.com.br\/pt_br\/wp-json\/wp\/v2\/product"}],"about":[{"href":"https:\/\/kikimily.com.br\/pt_br\/wp-json\/wp\/v2\/types\/product"}],"replies":[{"embeddable":true,"href":"https:\/\/kikimily.com.br\/pt_br\/wp-json\/wp\/v2\/comments?post=3326"}],"wp:featuredmedia":[{"embeddable":true,"href":"https:\/\/kikimily.com.br\/pt_br\/wp-json\/wp\/v2\/media\/3336"}],"wp:attachment":[{"href":"https:\/\/kikimily.com.br\/pt_br\/wp-json\/wp\/v2\/media?parent=3326"}],"wp:term":[{"taxonomy":"brand","embeddable":true,"href":"https:\/\/kikimily.com.br\/pt_br\/wp-json\/wp\/v2\/etheme_brands?post=3326"},{"taxonomy":"product_brand","embeddable":true,"href":"https:\/\/kikimily.com.br\/pt_br\/wp-json\/wp\/v2\/product_brand?post=3326"},{"taxonomy":"product_cat","embeddable":true,"href":"https:\/\/kikimily.com.br\/pt_br\/wp-json\/wp\/v2\/product_cat?post=3326"},{"taxonomy":"product_tag","embeddable":true,"href":"https:\/\/kikimily.com.br\/pt_br\/wp-json\/wp\/v2\/product_tag?post=3326"}],"curies":[{"name":"wp","href":"https:\/\/api.w.org\/{rel}","templated":true}]}}