{"id":3393,"date":"2024-11-04T14:05:31","date_gmt":"2024-11-04T14:05:31","guid":{"rendered":"https:\/\/kikimily.com.br\/?post_type=product&#038;p=3393"},"modified":"2025-06-17T11:13:09","modified_gmt":"2025-06-17T11:13:09","slug":"camisa-basica-listrada-elegancia-e-versatilidade-para-o-dia-a-dia","status":"publish","type":"product","link":"https:\/\/kikimily.com.br\/pt_br\/produto\/camisa-basica-listrada-elegancia-e-versatilidade-para-o-dia-a-dia\/","title":{"rendered":"Camiseta Listrada Juvenil Menino"},"content":{"rendered":"<p>Camisa B\u00e1sica Listrada &#8211; Eleg\u00e2ncia e Versatilidade para o Dia a Dia<\/p>\n<p>Descri\u00e7\u00e3o:<br \/>\nNossa camisa b\u00e1sica em listras \u00e9 a pe\u00e7a-chave que combina eleg\u00e2ncia e praticidade para qualquer guarda-roupa. Com um design cl\u00e1ssico de listras, ela oferece um visual atemporal e vers\u00e1til que pode ser usado tanto em ocasi\u00f5es casuais quanto em combina\u00e7\u00f5es mais formais. Feita em tecido macio e respir\u00e1vel, essa camisa proporciona conforto o dia todo e se adapta facilmente a diferentes estilos. Combine com jeans para um look descontra\u00eddo ou com cal\u00e7as sociais para uma proposta mais refinada.<\/p>\n<p>Destaques:<\/p>\n<p>Design cl\u00e1ssico de listras, elegante e atemporal<br \/>\nTecido leve e confort\u00e1vel<br \/>\nVers\u00e1til para ocasi\u00f5es casuais ou formais<br \/>\nCombina facilmente com diversas pe\u00e7as<br \/>\nAdicione estilo e praticidade ao seu dia a dia com nossa camisa b\u00e1sica listrada!<\/p>\n","protected":false},"excerpt":{"rendered":"<p>Camisa B\u00e1sica Listrada &#8211; Eleg\u00e2ncia e Versatilidade para o Dia a Dia Descri\u00e7\u00e3o: Nossa camisa b\u00e1sica em listras \u00e9 a pe\u00e7a-chave que combina eleg\u00e2ncia e&#8230;<\/p>\n","protected":false},"featured_media":3402,"comment_status":"closed","ping_status":"closed","template":"","meta":[],"etheme_brands":[],"product_brand":[],"product_cat":[87,64],"product_tag":[],"class_list":{"0":"post-3393","1":"product","2":"type-product","3":"status-publish","4":"has-post-thumbnail","6":"product_cat-camisetas-primavera-verao","7":"product_cat-juvenil-menino","9":"first","10":"instock","11":"shipping-taxable","12":"purchasable","13":"product-type-variable"},"yoast_head":"<!-- This site is optimized with the Yoast SEO plugin v25.9 - https:\/\/yoast.com\/wordpress\/plugins\/seo\/ -->\n<title>Camiseta Listrada Juvenil Menino - Kiki &amp; Mily<\/title>\n<meta name=\"robots\" content=\"index, follow, max-snippet:-1, max-image-preview:large, max-video-preview:-1\" \/>\n<link rel=\"canonical\" href=\"https:\/\/kikimily.com.br\/pt_br\/produto\/camisa-basica-listrada-elegancia-e-versatilidade-para-o-dia-a-dia\/\" \/>\n<meta property=\"og:locale\" content=\"pt_BR\" \/>\n<meta property=\"og:type\" content=\"article\" \/>\n<meta property=\"og:title\" content=\"Camiseta Listrada Juvenil Menino - Kiki &amp; Mily\" \/>\n<meta property=\"og:description\" content=\"Camisa B\u00e1sica Listrada &#8211; Eleg\u00e2ncia e Versatilidade para o Dia a Dia Descri\u00e7\u00e3o: Nossa camisa b\u00e1sica em listras \u00e9 a pe\u00e7a-chave que combina eleg\u00e2ncia e...\" \/>\n<meta property=\"og:url\" content=\"https:\/\/kikimily.com.br\/pt_br\/produto\/camisa-basica-listrada-elegancia-e-versatilidade-para-o-dia-a-dia\/\" \/>\n<meta property=\"og:site_name\" content=\"Kiki &amp; Mily\" \/>\n<meta property=\"article:modified_time\" content=\"2025-06-17T11:13:09+00:00\" \/>\n<meta property=\"og:image\" content=\"https:\/\/kikimily.com.br\/wp-content\/uploads\/Design-sem-nome-2024-05-21T161520.203.png\" \/>\n\t<meta property=\"og:image:width\" content=\"1000\" \/>\n\t<meta property=\"og:image:height\" content=\"1500\" \/>\n\t<meta property=\"og:image:type\" content=\"image\/png\" \/>\n<meta name=\"twitter:card\" content=\"summary_large_image\" \/>\n<meta name=\"twitter:label1\" content=\"Est. tempo de leitura\" \/>\n\t<meta name=\"twitter:data1\" content=\"1 minuto\" \/>\n<script type=\"application\/ld+json\" class=\"yoast-schema-graph\">{\"@context\":\"https:\/\/schema.org\",\"@graph\":[{\"@type\":\"WebPage\",\"@id\":\"https:\/\/kikimily.com.br\/produto\/camisa-basica-listrada-elegancia-e-versatilidade-para-o-dia-a-dia\/\",\"url\":\"https:\/\/kikimily.com.br\/produto\/camisa-basica-listrada-elegancia-e-versatilidade-para-o-dia-a-dia\/\",\"name\":\"Camiseta Listrada Juvenil Menino - Kiki &amp; Mily\",\"isPartOf\":{\"@id\":\"https:\/\/kikimily.com.br\/#website\"},\"primaryImageOfPage\":{\"@id\":\"https:\/\/kikimily.com.br\/produto\/camisa-basica-listrada-elegancia-e-versatilidade-para-o-dia-a-dia\/#primaryimage\"},\"image\":{\"@id\":\"https:\/\/kikimily.com.br\/produto\/camisa-basica-listrada-elegancia-e-versatilidade-para-o-dia-a-dia\/#primaryimage\"},\"thumbnailUrl\":\"https:\/\/kikimily.com.br\/wp-content\/uploads\/Design-sem-nome-2024-05-21T161520.203.png\",\"datePublished\":\"2024-11-04T14:05:31+00:00\",\"dateModified\":\"2025-06-17T11:13:09+00:00\",\"breadcrumb\":{\"@id\":\"https:\/\/kikimily.com.br\/produto\/camisa-basica-listrada-elegancia-e-versatilidade-para-o-dia-a-dia\/#breadcrumb\"},\"inLanguage\":\"pt-BR\",\"potentialAction\":[{\"@type\":\"ReadAction\",\"target\":[\"https:\/\/kikimily.com.br\/produto\/camisa-basica-listrada-elegancia-e-versatilidade-para-o-dia-a-dia\/\"]}]},{\"@type\":\"ImageObject\",\"inLanguage\":\"pt-BR\",\"@id\":\"https:\/\/kikimily.com.br\/produto\/camisa-basica-listrada-elegancia-e-versatilidade-para-o-dia-a-dia\/#primaryimage\",\"url\":\"https:\/\/kikimily.com.br\/wp-content\/uploads\/Design-sem-nome-2024-05-21T161520.203.png\",\"contentUrl\":\"https:\/\/kikimily.com.br\/wp-content\/uploads\/Design-sem-nome-2024-05-21T161520.203.png\",\"width\":1000,\"height\":1500},{\"@type\":\"BreadcrumbList\",\"@id\":\"https:\/\/kikimily.com.br\/produto\/camisa-basica-listrada-elegancia-e-versatilidade-para-o-dia-a-dia\/#breadcrumb\",\"itemListElement\":[{\"@type\":\"ListItem\",\"position\":1,\"name\":\"Home\",\"item\":\"https:\/\/kikimily.com.br\/\"},{\"@type\":\"ListItem\",\"position\":2,\"name\":\"Loja\",\"item\":\"https:\/\/kikimily.com.br\/loja\/\"},{\"@type\":\"ListItem\",\"position\":3,\"name\":\"Camiseta Listrada Juvenil Menino\"}]},{\"@type\":\"WebSite\",\"@id\":\"https:\/\/kikimily.com.br\/#website\",\"url\":\"https:\/\/kikimily.com.br\/\",\"name\":\"Kiki & Mily\",\"description\":\"Moda infantil\",\"publisher\":{\"@id\":\"https:\/\/kikimily.com.br\/#organization\"},\"potentialAction\":[{\"@type\":\"SearchAction\",\"target\":{\"@type\":\"EntryPoint\",\"urlTemplate\":\"https:\/\/kikimily.com.br\/?s={search_term_string}\"},\"query-input\":{\"@type\":\"PropertyValueSpecification\",\"valueRequired\":true,\"valueName\":\"search_term_string\"}}],\"inLanguage\":\"pt-BR\"},{\"@type\":\"Organization\",\"@id\":\"https:\/\/kikimily.com.br\/#organization\",\"name\":\"Kiki & Mily\",\"url\":\"https:\/\/kikimily.com.br\/\",\"logo\":{\"@type\":\"ImageObject\",\"inLanguage\":\"pt-BR\",\"@id\":\"https:\/\/kikimily.com.br\/#\/schema\/logo\/image\/\",\"url\":\"https:\/\/kikimily.com.br\/wp-content\/uploads\/MENINAS-3-2.png\",\"contentUrl\":\"https:\/\/kikimily.com.br\/wp-content\/uploads\/MENINAS-3-2.png\",\"width\":1920,\"height\":768,\"caption\":\"Kiki & Mily\"},\"image\":{\"@id\":\"https:\/\/kikimily.com.br\/#\/schema\/logo\/image\/\"},\"sameAs\":[\"https:\/\/www.instagram.com\/kikimilyoficial\/\"]}]}<\/script>\n<!-- \/ Yoast SEO plugin. -->","yoast_head_json":{"title":"Camiseta Listrada Juvenil Menino - Kiki &amp; Mily","robots":{"index":"index","follow":"follow","max-snippet":"max-snippet:-1","max-image-preview":"max-image-preview:large","max-video-preview":"max-video-preview:-1"},"canonical":"https:\/\/kikimily.com.br\/pt_br\/produto\/camisa-basica-listrada-elegancia-e-versatilidade-para-o-dia-a-dia\/","og_locale":"pt_BR","og_type":"article","og_title":"Camiseta Listrada Juvenil Menino - Kiki &amp; Mily","og_description":"Camisa B\u00e1sica Listrada &#8211; Eleg\u00e2ncia e Versatilidade para o Dia a Dia Descri\u00e7\u00e3o: Nossa camisa b\u00e1sica em listras \u00e9 a pe\u00e7a-chave que combina eleg\u00e2ncia e...","og_url":"https:\/\/kikimily.com.br\/pt_br\/produto\/camisa-basica-listrada-elegancia-e-versatilidade-para-o-dia-a-dia\/","og_site_name":"Kiki &amp; Mily","article_modified_time":"2025-06-17T11:13:09+00:00","og_image":[{"width":1000,"height":1500,"url":"https:\/\/kikimily.com.br\/wp-content\/uploads\/Design-sem-nome-2024-05-21T161520.203.png","type":"image\/png"}],"twitter_card":"summary_large_image","twitter_misc":{"Est. tempo de leitura":"1 minuto"},"schema":{"@context":"https:\/\/schema.org","@graph":[{"@type":"WebPage","@id":"https:\/\/kikimily.com.br\/produto\/camisa-basica-listrada-elegancia-e-versatilidade-para-o-dia-a-dia\/","url":"https:\/\/kikimily.com.br\/produto\/camisa-basica-listrada-elegancia-e-versatilidade-para-o-dia-a-dia\/","name":"Camiseta Listrada Juvenil Menino - Kiki &amp; Mily","isPartOf":{"@id":"https:\/\/kikimily.com.br\/#website"},"primaryImageOfPage":{"@id":"https:\/\/kikimily.com.br\/produto\/camisa-basica-listrada-elegancia-e-versatilidade-para-o-dia-a-dia\/#primaryimage"},"image":{"@id":"https:\/\/kikimily.com.br\/produto\/camisa-basica-listrada-elegancia-e-versatilidade-para-o-dia-a-dia\/#primaryimage"},"thumbnailUrl":"https:\/\/kikimily.com.br\/wp-content\/uploads\/Design-sem-nome-2024-05-21T161520.203.png","datePublished":"2024-11-04T14:05:31+00:00","dateModified":"2025-06-17T11:13:09+00:00","breadcrumb":{"@id":"https:\/\/kikimily.com.br\/produto\/camisa-basica-listrada-elegancia-e-versatilidade-para-o-dia-a-dia\/#breadcrumb"},"inLanguage":"pt-BR","potentialAction":[{"@type":"ReadAction","target":["https:\/\/kikimily.com.br\/produto\/camisa-basica-listrada-elegancia-e-versatilidade-para-o-dia-a-dia\/"]}]},{"@type":"ImageObject","inLanguage":"pt-BR","@id":"https:\/\/kikimily.com.br\/produto\/camisa-basica-listrada-elegancia-e-versatilidade-para-o-dia-a-dia\/#primaryimage","url":"https:\/\/kikimily.com.br\/wp-content\/uploads\/Design-sem-nome-2024-05-21T161520.203.png","contentUrl":"https:\/\/kikimily.com.br\/wp-content\/uploads\/Design-sem-nome-2024-05-21T161520.203.png","width":1000,"height":1500},{"@type":"BreadcrumbList","@id":"https:\/\/kikimily.com.br\/produto\/camisa-basica-listrada-elegancia-e-versatilidade-para-o-dia-a-dia\/#breadcrumb","itemListElement":[{"@type":"ListItem","position":1,"name":"Home","item":"https:\/\/kikimily.com.br\/"},{"@type":"ListItem","position":2,"name":"Loja","item":"https:\/\/kikimily.com.br\/loja\/"},{"@type":"ListItem","position":3,"name":"Camiseta Listrada Juvenil Menino"}]},{"@type":"WebSite","@id":"https:\/\/kikimily.com.br\/#website","url":"https:\/\/kikimily.com.br\/","name":"Kiki & Mily","description":"Moda infantil","publisher":{"@id":"https:\/\/kikimily.com.br\/#organization"},"potentialAction":[{"@type":"SearchAction","target":{"@type":"EntryPoint","urlTemplate":"https:\/\/kikimily.com.br\/?s={search_term_string}"},"query-input":{"@type":"PropertyValueSpecification","valueRequired":true,"valueName":"search_term_string"}}],"inLanguage":"pt-BR"},{"@type":"Organization","@id":"https:\/\/kikimily.com.br\/#organization","name":"Kiki & Mily","url":"https:\/\/kikimily.com.br\/","logo":{"@type":"ImageObject","inLanguage":"pt-BR","@id":"https:\/\/kikimily.com.br\/#\/schema\/logo\/image\/","url":"https:\/\/kikimily.com.br\/wp-content\/uploads\/MENINAS-3-2.png","contentUrl":"https:\/\/kikimily.com.br\/wp-content\/uploads\/MENINAS-3-2.png","width":1920,"height":768,"caption":"Kiki & Mily"},"image":{"@id":"https:\/\/kikimily.com.br\/#\/schema\/logo\/image\/"},"sameAs":["https:\/\/www.instagram.com\/kikimilyoficial\/"]}]}},"_links":{"self":[{"href":"https:\/\/kikimily.com.br\/pt_br\/wp-json\/wp\/v2\/product\/3393","targetHints":{"allow":["GET"]}}],"collection":[{"href":"https:\/\/kikimily.com.br\/pt_br\/wp-json\/wp\/v2\/product"}],"about":[{"href":"https:\/\/kikimily.com.br\/pt_br\/wp-json\/wp\/v2\/types\/product"}],"replies":[{"embeddable":true,"href":"https:\/\/kikimily.com.br\/pt_br\/wp-json\/wp\/v2\/comments?post=3393"}],"wp:featuredmedia":[{"embeddable":true,"href":"https:\/\/kikimily.com.br\/pt_br\/wp-json\/wp\/v2\/media\/3402"}],"wp:attachment":[{"href":"https:\/\/kikimily.com.br\/pt_br\/wp-json\/wp\/v2\/media?parent=3393"}],"wp:term":[{"taxonomy":"brand","embeddable":true,"href":"https:\/\/kikimily.com.br\/pt_br\/wp-json\/wp\/v2\/etheme_brands?post=3393"},{"taxonomy":"product_brand","embeddable":true,"href":"https:\/\/kikimily.com.br\/pt_br\/wp-json\/wp\/v2\/product_brand?post=3393"},{"taxonomy":"product_cat","embeddable":true,"href":"https:\/\/kikimily.com.br\/pt_br\/wp-json\/wp\/v2\/product_cat?post=3393"},{"taxonomy":"product_tag","embeddable":true,"href":"https:\/\/kikimily.com.br\/pt_br\/wp-json\/wp\/v2\/product_tag?post=3393"}],"curies":[{"name":"wp","href":"https:\/\/api.w.org\/{rel}","templated":true}]}}