{"id":3755,"date":"2025-02-06T11:02:23","date_gmt":"2025-02-06T11:02:23","guid":{"rendered":"https:\/\/kikimily.com.br\/?post_type=product&#038;p=3755"},"modified":"2025-02-25T13:33:50","modified_gmt":"2025-02-25T13:33:50","slug":"trico-bolso-com-capuz-infantil-menino","status":"publish","type":"product","link":"https:\/\/kikimily.com.br\/pt_br\/produto\/trico-bolso-com-capuz-infantil-menino\/","title":{"rendered":"Casaco Tric\u00f4 Bolso com Capuz Infantil Menino"},"content":{"rendered":"<div class=\"flex-shrink-0 flex flex-col relative items-end\">\n<div>\n<div class=\"pt-0\">\n<div class=\"gizmo-bot-avatar flex h-8 w-8 items-center justify-center overflow-hidden rounded-full\">\n<div class=\"relative p-1 rounded-sm flex items-center justify-center bg-token-main-surface-primary text-token-text-primary h-8 w-8\"><\/div>\n<\/div>\n<\/div>\n<\/div>\n<\/div>\n<div class=\"group\/conversation-turn relative flex w-full min-w-0 flex-col agent-turn px-4 @xs\/thread:px-0 @sm\/thread:px-1.5\">\n<div class=\"flex-col gap-1 md:gap-3\">\n<div class=\"flex max-w-full flex-col flex-grow\">\n<div class=\"min-h-8 text-message flex w-full flex-col items-end gap-2 whitespace-normal break-words text-start [.text-message+&amp;]:mt-5\" dir=\"auto\" data-message-author-role=\"assistant\" data-message-id=\"cdf8902f-151f-4f2b-b250-ba60ef693ede\" data-message-model-slug=\"gpt-4o-mini\">\n<div class=\"flex w-full flex-col gap-1 empty:hidden first:pt-[3px]\">\n<div class=\"markdown prose w-full break-words dark:prose-invert light\">\n<p>O <strong>tric\u00f4 com bolso e capuz infantil para menino<\/strong> \u00e9 uma pe\u00e7a charmosa e pr\u00e1tica para o inverno. Ele possui um design moderno e aconchegante, com detalhes que tornam a pe\u00e7a ainda mais funcional<\/p>\n<\/div>\n<\/div>\n<\/div>\n<\/div>\n<p>Tamanho<\/p>\n<p>3,4,5,6,7<\/p>\n<\/div>\n<\/div>\n<p>&nbsp;<\/p>\n<p>&nbsp;<\/p>\n<p>Composi\u00e7\u00e3o<\/p>\n<p>55% Acrilico<\/p>\n<p>16% Na\u00edlon<\/p>\n<p>29% Poliester<\/p>\n","protected":false},"excerpt":{"rendered":"<p>O tric\u00f4 com bolso e capuz infantil para menino \u00e9 uma pe\u00e7a charmosa e pr\u00e1tica para o inverno. Ele possui um design moderno e aconchegante,&#8230;<\/p>\n","protected":false},"featured_media":3767,"comment_status":"closed","ping_status":"closed","template":"","meta":[],"etheme_brands":[],"product_brand":[],"product_cat":[23,70],"product_tag":[],"class_list":{"0":"post-3755","1":"product","2":"type-product","3":"status-publish","4":"has-post-thumbnail","6":"product_cat-menino","7":"product_cat-trico-menino","9":"first","10":"instock","11":"shipping-taxable","12":"purchasable","13":"product-type-variable"},"yoast_head":"<!-- This site is optimized with the Yoast SEO plugin v25.9 - https:\/\/yoast.com\/wordpress\/plugins\/seo\/ -->\n<title>Casaco Tric\u00f4 Bolso com Capuz Infantil Menino - Kiki &amp; Mily<\/title>\n<meta name=\"robots\" content=\"index, follow, max-snippet:-1, max-image-preview:large, max-video-preview:-1\" \/>\n<link rel=\"canonical\" href=\"https:\/\/kikimily.com.br\/pt_br\/produto\/trico-bolso-com-capuz-infantil-menino\/\" \/>\n<meta property=\"og:locale\" content=\"pt_BR\" \/>\n<meta property=\"og:type\" content=\"article\" \/>\n<meta property=\"og:title\" content=\"Casaco Tric\u00f4 Bolso com Capuz Infantil Menino - Kiki &amp; Mily\" \/>\n<meta property=\"og:description\" content=\"O tric\u00f4 com bolso e capuz infantil para menino \u00e9 uma pe\u00e7a charmosa e pr\u00e1tica para o inverno. Ele possui um design moderno e aconchegante,...\" \/>\n<meta property=\"og:url\" content=\"https:\/\/kikimily.com.br\/pt_br\/produto\/trico-bolso-com-capuz-infantil-menino\/\" \/>\n<meta property=\"og:site_name\" content=\"Kiki &amp; Mily\" \/>\n<meta property=\"article:modified_time\" content=\"2025-02-25T13:33:50+00:00\" \/>\n<meta property=\"og:image\" content=\"https:\/\/kikimily.com.br\/wp-content\/uploads\/Fundos-para-fotos-meninos-2025-02-06T075223.317.png\" \/>\n\t<meta property=\"og:image:width\" content=\"1000\" \/>\n\t<meta property=\"og:image:height\" content=\"1500\" \/>\n\t<meta property=\"og:image:type\" content=\"image\/png\" \/>\n<meta name=\"twitter:card\" content=\"summary_large_image\" \/>\n<script type=\"application\/ld+json\" class=\"yoast-schema-graph\">{\"@context\":\"https:\/\/schema.org\",\"@graph\":[{\"@type\":\"WebPage\",\"@id\":\"https:\/\/kikimily.com.br\/produto\/trico-bolso-com-capuz-infantil-menino\/\",\"url\":\"https:\/\/kikimily.com.br\/produto\/trico-bolso-com-capuz-infantil-menino\/\",\"name\":\"Casaco Tric\u00f4 Bolso com Capuz Infantil Menino - Kiki &amp; Mily\",\"isPartOf\":{\"@id\":\"https:\/\/kikimily.com.br\/#website\"},\"primaryImageOfPage\":{\"@id\":\"https:\/\/kikimily.com.br\/produto\/trico-bolso-com-capuz-infantil-menino\/#primaryimage\"},\"image\":{\"@id\":\"https:\/\/kikimily.com.br\/produto\/trico-bolso-com-capuz-infantil-menino\/#primaryimage\"},\"thumbnailUrl\":\"https:\/\/kikimily.com.br\/wp-content\/uploads\/Fundos-para-fotos-meninos-2025-02-06T075223.317.png\",\"datePublished\":\"2025-02-06T11:02:23+00:00\",\"dateModified\":\"2025-02-25T13:33:50+00:00\",\"breadcrumb\":{\"@id\":\"https:\/\/kikimily.com.br\/produto\/trico-bolso-com-capuz-infantil-menino\/#breadcrumb\"},\"inLanguage\":\"pt-BR\",\"potentialAction\":[{\"@type\":\"ReadAction\",\"target\":[\"https:\/\/kikimily.com.br\/produto\/trico-bolso-com-capuz-infantil-menino\/\"]}]},{\"@type\":\"ImageObject\",\"inLanguage\":\"pt-BR\",\"@id\":\"https:\/\/kikimily.com.br\/produto\/trico-bolso-com-capuz-infantil-menino\/#primaryimage\",\"url\":\"https:\/\/kikimily.com.br\/wp-content\/uploads\/Fundos-para-fotos-meninos-2025-02-06T075223.317.png\",\"contentUrl\":\"https:\/\/kikimily.com.br\/wp-content\/uploads\/Fundos-para-fotos-meninos-2025-02-06T075223.317.png\",\"width\":1000,\"height\":1500},{\"@type\":\"BreadcrumbList\",\"@id\":\"https:\/\/kikimily.com.br\/produto\/trico-bolso-com-capuz-infantil-menino\/#breadcrumb\",\"itemListElement\":[{\"@type\":\"ListItem\",\"position\":1,\"name\":\"Home\",\"item\":\"https:\/\/kikimily.com.br\/\"},{\"@type\":\"ListItem\",\"position\":2,\"name\":\"Loja\",\"item\":\"https:\/\/kikimily.com.br\/loja\/\"},{\"@type\":\"ListItem\",\"position\":3,\"name\":\"Casaco Tric\u00f4 Bolso com Capuz Infantil Menino\"}]},{\"@type\":\"WebSite\",\"@id\":\"https:\/\/kikimily.com.br\/#website\",\"url\":\"https:\/\/kikimily.com.br\/\",\"name\":\"Kiki & Mily\",\"description\":\"Moda infantil\",\"publisher\":{\"@id\":\"https:\/\/kikimily.com.br\/#organization\"},\"potentialAction\":[{\"@type\":\"SearchAction\",\"target\":{\"@type\":\"EntryPoint\",\"urlTemplate\":\"https:\/\/kikimily.com.br\/?s={search_term_string}\"},\"query-input\":{\"@type\":\"PropertyValueSpecification\",\"valueRequired\":true,\"valueName\":\"search_term_string\"}}],\"inLanguage\":\"pt-BR\"},{\"@type\":\"Organization\",\"@id\":\"https:\/\/kikimily.com.br\/#organization\",\"name\":\"Kiki & Mily\",\"url\":\"https:\/\/kikimily.com.br\/\",\"logo\":{\"@type\":\"ImageObject\",\"inLanguage\":\"pt-BR\",\"@id\":\"https:\/\/kikimily.com.br\/#\/schema\/logo\/image\/\",\"url\":\"https:\/\/kikimily.com.br\/wp-content\/uploads\/MENINAS-3-2.png\",\"contentUrl\":\"https:\/\/kikimily.com.br\/wp-content\/uploads\/MENINAS-3-2.png\",\"width\":1920,\"height\":768,\"caption\":\"Kiki & Mily\"},\"image\":{\"@id\":\"https:\/\/kikimily.com.br\/#\/schema\/logo\/image\/\"},\"sameAs\":[\"https:\/\/www.instagram.com\/kikimilyoficial\/\"]}]}<\/script>\n<!-- \/ Yoast SEO plugin. -->","yoast_head_json":{"title":"Casaco Tric\u00f4 Bolso com Capuz Infantil Menino - Kiki &amp; Mily","robots":{"index":"index","follow":"follow","max-snippet":"max-snippet:-1","max-image-preview":"max-image-preview:large","max-video-preview":"max-video-preview:-1"},"canonical":"https:\/\/kikimily.com.br\/pt_br\/produto\/trico-bolso-com-capuz-infantil-menino\/","og_locale":"pt_BR","og_type":"article","og_title":"Casaco Tric\u00f4 Bolso com Capuz Infantil Menino - Kiki &amp; Mily","og_description":"O tric\u00f4 com bolso e capuz infantil para menino \u00e9 uma pe\u00e7a charmosa e pr\u00e1tica para o inverno. Ele possui um design moderno e aconchegante,...","og_url":"https:\/\/kikimily.com.br\/pt_br\/produto\/trico-bolso-com-capuz-infantil-menino\/","og_site_name":"Kiki &amp; Mily","article_modified_time":"2025-02-25T13:33:50+00:00","og_image":[{"width":1000,"height":1500,"url":"https:\/\/kikimily.com.br\/wp-content\/uploads\/Fundos-para-fotos-meninos-2025-02-06T075223.317.png","type":"image\/png"}],"twitter_card":"summary_large_image","schema":{"@context":"https:\/\/schema.org","@graph":[{"@type":"WebPage","@id":"https:\/\/kikimily.com.br\/produto\/trico-bolso-com-capuz-infantil-menino\/","url":"https:\/\/kikimily.com.br\/produto\/trico-bolso-com-capuz-infantil-menino\/","name":"Casaco Tric\u00f4 Bolso com Capuz Infantil Menino - Kiki &amp; Mily","isPartOf":{"@id":"https:\/\/kikimily.com.br\/#website"},"primaryImageOfPage":{"@id":"https:\/\/kikimily.com.br\/produto\/trico-bolso-com-capuz-infantil-menino\/#primaryimage"},"image":{"@id":"https:\/\/kikimily.com.br\/produto\/trico-bolso-com-capuz-infantil-menino\/#primaryimage"},"thumbnailUrl":"https:\/\/kikimily.com.br\/wp-content\/uploads\/Fundos-para-fotos-meninos-2025-02-06T075223.317.png","datePublished":"2025-02-06T11:02:23+00:00","dateModified":"2025-02-25T13:33:50+00:00","breadcrumb":{"@id":"https:\/\/kikimily.com.br\/produto\/trico-bolso-com-capuz-infantil-menino\/#breadcrumb"},"inLanguage":"pt-BR","potentialAction":[{"@type":"ReadAction","target":["https:\/\/kikimily.com.br\/produto\/trico-bolso-com-capuz-infantil-menino\/"]}]},{"@type":"ImageObject","inLanguage":"pt-BR","@id":"https:\/\/kikimily.com.br\/produto\/trico-bolso-com-capuz-infantil-menino\/#primaryimage","url":"https:\/\/kikimily.com.br\/wp-content\/uploads\/Fundos-para-fotos-meninos-2025-02-06T075223.317.png","contentUrl":"https:\/\/kikimily.com.br\/wp-content\/uploads\/Fundos-para-fotos-meninos-2025-02-06T075223.317.png","width":1000,"height":1500},{"@type":"BreadcrumbList","@id":"https:\/\/kikimily.com.br\/produto\/trico-bolso-com-capuz-infantil-menino\/#breadcrumb","itemListElement":[{"@type":"ListItem","position":1,"name":"Home","item":"https:\/\/kikimily.com.br\/"},{"@type":"ListItem","position":2,"name":"Loja","item":"https:\/\/kikimily.com.br\/loja\/"},{"@type":"ListItem","position":3,"name":"Casaco Tric\u00f4 Bolso com Capuz Infantil Menino"}]},{"@type":"WebSite","@id":"https:\/\/kikimily.com.br\/#website","url":"https:\/\/kikimily.com.br\/","name":"Kiki & Mily","description":"Moda infantil","publisher":{"@id":"https:\/\/kikimily.com.br\/#organization"},"potentialAction":[{"@type":"SearchAction","target":{"@type":"EntryPoint","urlTemplate":"https:\/\/kikimily.com.br\/?s={search_term_string}"},"query-input":{"@type":"PropertyValueSpecification","valueRequired":true,"valueName":"search_term_string"}}],"inLanguage":"pt-BR"},{"@type":"Organization","@id":"https:\/\/kikimily.com.br\/#organization","name":"Kiki & Mily","url":"https:\/\/kikimily.com.br\/","logo":{"@type":"ImageObject","inLanguage":"pt-BR","@id":"https:\/\/kikimily.com.br\/#\/schema\/logo\/image\/","url":"https:\/\/kikimily.com.br\/wp-content\/uploads\/MENINAS-3-2.png","contentUrl":"https:\/\/kikimily.com.br\/wp-content\/uploads\/MENINAS-3-2.png","width":1920,"height":768,"caption":"Kiki & Mily"},"image":{"@id":"https:\/\/kikimily.com.br\/#\/schema\/logo\/image\/"},"sameAs":["https:\/\/www.instagram.com\/kikimilyoficial\/"]}]}},"_links":{"self":[{"href":"https:\/\/kikimily.com.br\/pt_br\/wp-json\/wp\/v2\/product\/3755","targetHints":{"allow":["GET"]}}],"collection":[{"href":"https:\/\/kikimily.com.br\/pt_br\/wp-json\/wp\/v2\/product"}],"about":[{"href":"https:\/\/kikimily.com.br\/pt_br\/wp-json\/wp\/v2\/types\/product"}],"replies":[{"embeddable":true,"href":"https:\/\/kikimily.com.br\/pt_br\/wp-json\/wp\/v2\/comments?post=3755"}],"wp:featuredmedia":[{"embeddable":true,"href":"https:\/\/kikimily.com.br\/pt_br\/wp-json\/wp\/v2\/media\/3767"}],"wp:attachment":[{"href":"https:\/\/kikimily.com.br\/pt_br\/wp-json\/wp\/v2\/media?parent=3755"}],"wp:term":[{"taxonomy":"brand","embeddable":true,"href":"https:\/\/kikimily.com.br\/pt_br\/wp-json\/wp\/v2\/etheme_brands?post=3755"},{"taxonomy":"product_brand","embeddable":true,"href":"https:\/\/kikimily.com.br\/pt_br\/wp-json\/wp\/v2\/product_brand?post=3755"},{"taxonomy":"product_cat","embeddable":true,"href":"https:\/\/kikimily.com.br\/pt_br\/wp-json\/wp\/v2\/product_cat?post=3755"},{"taxonomy":"product_tag","embeddable":true,"href":"https:\/\/kikimily.com.br\/pt_br\/wp-json\/wp\/v2\/product_tag?post=3755"}],"curies":[{"name":"wp","href":"https:\/\/api.w.org\/{rel}","templated":true}]}}