{"id":3935,"date":"2025-02-11T17:50:27","date_gmt":"2025-02-11T17:50:27","guid":{"rendered":"https:\/\/kikimily.com.br\/?post_type=product&#038;p=3935"},"modified":"2025-11-18T11:30:17","modified_gmt":"2025-11-18T11:30:17","slug":"jaqueta-compacta-flores-baby-menina-copia-copia","status":"publish","type":"product","link":"https:\/\/kikimily.com.br\/pt_br\/produto\/jaqueta-compacta-flores-baby-menina-copia-copia\/","title":{"rendered":"Jaqueta Bobojaco Cachorro Baby Menino"},"content":{"rendered":"<p>A <strong>Jaqueta Compacta Cachorro Baby Menino<\/strong>\u00a0\u00e9 uma pe\u00e7a pr\u00e1tica, moderna e cheia de estilo, pensada para meninas que buscam conforto sem abrir m\u00e3o da moda. Com um design compacto e f\u00e1cil de dobrar ou guardar, ela \u00e9 ideal para quem precisa de uma jaqueta leve, mas com boa prote\u00e7\u00e3o contra o vento e o frio.<\/p>\n<p>A jaqueta \u00e9 feita com materiais leves e de boa qualidade, proporcionando liberdade de movimento. Seu visual vibrante, com cores alegres e tons suaves, reflete a energia e a personalidade das meninas. Ela possui detalhes como z\u00edper frontal, bolsos laterais e, dependendo do modelo, cap\u00f4 ou outros acabamentos, garantindo funcionalidade e praticidade.<\/p>\n<p>Essa pe\u00e7a \u00e9 perfeita para o dia a dia, tanto para atividades ao ar livre quanto para um look descontra\u00eddo em passeios. A <strong>Jaqueta Compacta Cachorro Baby Menino<\/strong>\u00a0\u00e9 a op\u00e7\u00e3o ideal para quem procura algo que seja f\u00e1cil de carregar, mas que tamb\u00e9m fa\u00e7a a diferen\u00e7a no visual!<\/p>\n<p>&nbsp;<\/p>\n<p>Tamanho<\/p>\n<p>1,2,3,4,5<\/p>\n<p>&nbsp;<\/p>\n<p>Composi\u00e7\u00e3o<\/p>\n<p>100% Poliester<\/p>\n","protected":false},"excerpt":{"rendered":"<p>A Jaqueta Compacta Cachorro Baby Menino\u00a0\u00e9 uma pe\u00e7a pr\u00e1tica, moderna e cheia de estilo, pensada para meninas que buscam conforto sem abrir m\u00e3o da moda&#8230;.<\/p>\n","protected":false},"featured_media":3942,"comment_status":"closed","ping_status":"closed","template":"","meta":[],"etheme_brands":[],"product_brand":[],"product_cat":[39,113,116],"product_tag":[156,249,248],"class_list":{"0":"post-3935","1":"product","2":"type-product","3":"status-publish","4":"has-post-thumbnail","6":"product_cat-baby","7":"product_cat-baby-menino-2","8":"product_cat-blusas-e-jaquetas","9":"product_tag-baby","10":"product_tag-jaqueta","11":"product_tag-jaqueta-baby-menino","13":"first","14":"instock","15":"shipping-taxable","16":"purchasable","17":"product-type-variable"},"yoast_head":"<!-- This site is optimized with the Yoast SEO plugin v25.9 - https:\/\/yoast.com\/wordpress\/plugins\/seo\/ -->\n<title>Jaqueta Bobojaco Cachorro Baby Menino - Kiki &amp; Mily<\/title>\n<meta name=\"description\" content=\"Essa pe\u00e7a \u00e9 perfeita para o dia a dia, tanto para atividades ao ar livre quanto para um look descontra\u00eddo em passeios. A Jaqueta Compacta Cachorro Baby\" \/>\n<meta name=\"robots\" content=\"index, follow, max-snippet:-1, max-image-preview:large, max-video-preview:-1\" \/>\n<link rel=\"canonical\" href=\"https:\/\/kikimily.com.br\/pt_br\/produto\/jaqueta-compacta-flores-baby-menina-copia-copia\/\" \/>\n<meta property=\"og:locale\" content=\"pt_BR\" \/>\n<meta property=\"og:type\" content=\"article\" \/>\n<meta property=\"og:title\" content=\"Jaqueta Bobojaco Cachorro Baby Menino - Kiki &amp; Mily\" \/>\n<meta property=\"og:description\" content=\"Essa pe\u00e7a \u00e9 perfeita para o dia a dia, tanto para atividades ao ar livre quanto para um look descontra\u00eddo em passeios. A Jaqueta Compacta Cachorro Baby\" \/>\n<meta property=\"og:url\" content=\"https:\/\/kikimily.com.br\/pt_br\/produto\/jaqueta-compacta-flores-baby-menina-copia-copia\/\" \/>\n<meta property=\"og:site_name\" content=\"Kiki &amp; Mily\" \/>\n<meta property=\"article:modified_time\" content=\"2025-11-18T11:30:17+00:00\" \/>\n<meta property=\"og:image\" content=\"https:\/\/kikimily.com.br\/wp-content\/uploads\/Este-cardigan-de-trico-para-menino-e-a-escolha-ideal-para-os-dias-mais-frescos-combinando-conforto-e-estilo-em-um-unico-item.-Perfeito-para-a-estacao-ele-oferece-aquecimento-sem-perder-o-toque-m-12.png\" \/>\n\t<meta property=\"og:image:width\" content=\"1000\" \/>\n\t<meta property=\"og:image:height\" content=\"1500\" \/>\n\t<meta property=\"og:image:type\" content=\"image\/png\" \/>\n<meta name=\"twitter:card\" content=\"summary_large_image\" \/>\n<meta name=\"twitter:label1\" content=\"Est. tempo de leitura\" \/>\n\t<meta name=\"twitter:data1\" content=\"2 minutos\" \/>\n<script type=\"application\/ld+json\" class=\"yoast-schema-graph\">{\"@context\":\"https:\/\/schema.org\",\"@graph\":[{\"@type\":\"WebPage\",\"@id\":\"https:\/\/kikimily.com.br\/produto\/jaqueta-compacta-flores-baby-menina-copia-copia\/\",\"url\":\"https:\/\/kikimily.com.br\/produto\/jaqueta-compacta-flores-baby-menina-copia-copia\/\",\"name\":\"Jaqueta Bobojaco Cachorro Baby Menino - Kiki &amp; Mily\",\"isPartOf\":{\"@id\":\"https:\/\/kikimily.com.br\/#website\"},\"primaryImageOfPage\":{\"@id\":\"https:\/\/kikimily.com.br\/produto\/jaqueta-compacta-flores-baby-menina-copia-copia\/#primaryimage\"},\"image\":{\"@id\":\"https:\/\/kikimily.com.br\/produto\/jaqueta-compacta-flores-baby-menina-copia-copia\/#primaryimage\"},\"thumbnailUrl\":\"https:\/\/kikimily.com.br\/wp-content\/uploads\/Este-cardigan-de-trico-para-menino-e-a-escolha-ideal-para-os-dias-mais-frescos-combinando-conforto-e-estilo-em-um-unico-item.-Perfeito-para-a-estacao-ele-oferece-aquecimento-sem-perder-o-toque-m-12.png\",\"datePublished\":\"2025-02-11T17:50:27+00:00\",\"dateModified\":\"2025-11-18T11:30:17+00:00\",\"description\":\"Essa pe\u00e7a \u00e9 perfeita para o dia a dia, tanto para atividades ao ar livre quanto para um look descontra\u00eddo em passeios. A Jaqueta Compacta Cachorro Baby\",\"breadcrumb\":{\"@id\":\"https:\/\/kikimily.com.br\/produto\/jaqueta-compacta-flores-baby-menina-copia-copia\/#breadcrumb\"},\"inLanguage\":\"pt-BR\",\"potentialAction\":[{\"@type\":\"ReadAction\",\"target\":[\"https:\/\/kikimily.com.br\/produto\/jaqueta-compacta-flores-baby-menina-copia-copia\/\"]}]},{\"@type\":\"ImageObject\",\"inLanguage\":\"pt-BR\",\"@id\":\"https:\/\/kikimily.com.br\/produto\/jaqueta-compacta-flores-baby-menina-copia-copia\/#primaryimage\",\"url\":\"https:\/\/kikimily.com.br\/wp-content\/uploads\/Este-cardigan-de-trico-para-menino-e-a-escolha-ideal-para-os-dias-mais-frescos-combinando-conforto-e-estilo-em-um-unico-item.-Perfeito-para-a-estacao-ele-oferece-aquecimento-sem-perder-o-toque-m-12.png\",\"contentUrl\":\"https:\/\/kikimily.com.br\/wp-content\/uploads\/Este-cardigan-de-trico-para-menino-e-a-escolha-ideal-para-os-dias-mais-frescos-combinando-conforto-e-estilo-em-um-unico-item.-Perfeito-para-a-estacao-ele-oferece-aquecimento-sem-perder-o-toque-m-12.png\",\"width\":1000,\"height\":1500},{\"@type\":\"BreadcrumbList\",\"@id\":\"https:\/\/kikimily.com.br\/produto\/jaqueta-compacta-flores-baby-menina-copia-copia\/#breadcrumb\",\"itemListElement\":[{\"@type\":\"ListItem\",\"position\":1,\"name\":\"Home\",\"item\":\"https:\/\/kikimily.com.br\/\"},{\"@type\":\"ListItem\",\"position\":2,\"name\":\"Loja\",\"item\":\"https:\/\/kikimily.com.br\/loja\/\"},{\"@type\":\"ListItem\",\"position\":3,\"name\":\"Jaqueta Bobojaco Cachorro Baby Menino\"}]},{\"@type\":\"WebSite\",\"@id\":\"https:\/\/kikimily.com.br\/#website\",\"url\":\"https:\/\/kikimily.com.br\/\",\"name\":\"Kiki & Mily\",\"description\":\"Moda infantil\",\"publisher\":{\"@id\":\"https:\/\/kikimily.com.br\/#organization\"},\"potentialAction\":[{\"@type\":\"SearchAction\",\"target\":{\"@type\":\"EntryPoint\",\"urlTemplate\":\"https:\/\/kikimily.com.br\/?s={search_term_string}\"},\"query-input\":{\"@type\":\"PropertyValueSpecification\",\"valueRequired\":true,\"valueName\":\"search_term_string\"}}],\"inLanguage\":\"pt-BR\"},{\"@type\":\"Organization\",\"@id\":\"https:\/\/kikimily.com.br\/#organization\",\"name\":\"Kiki & Mily\",\"url\":\"https:\/\/kikimily.com.br\/\",\"logo\":{\"@type\":\"ImageObject\",\"inLanguage\":\"pt-BR\",\"@id\":\"https:\/\/kikimily.com.br\/#\/schema\/logo\/image\/\",\"url\":\"https:\/\/kikimily.com.br\/wp-content\/uploads\/MENINAS-3-2.png\",\"contentUrl\":\"https:\/\/kikimily.com.br\/wp-content\/uploads\/MENINAS-3-2.png\",\"width\":1920,\"height\":768,\"caption\":\"Kiki & Mily\"},\"image\":{\"@id\":\"https:\/\/kikimily.com.br\/#\/schema\/logo\/image\/\"},\"sameAs\":[\"https:\/\/www.instagram.com\/kikimilyoficial\/\"]}]}<\/script>\n<!-- \/ Yoast SEO plugin. -->","yoast_head_json":{"title":"Jaqueta Bobojaco Cachorro Baby Menino - Kiki &amp; Mily","description":"Essa pe\u00e7a \u00e9 perfeita para o dia a dia, tanto para atividades ao ar livre quanto para um look descontra\u00eddo em passeios. A Jaqueta Compacta Cachorro Baby","robots":{"index":"index","follow":"follow","max-snippet":"max-snippet:-1","max-image-preview":"max-image-preview:large","max-video-preview":"max-video-preview:-1"},"canonical":"https:\/\/kikimily.com.br\/pt_br\/produto\/jaqueta-compacta-flores-baby-menina-copia-copia\/","og_locale":"pt_BR","og_type":"article","og_title":"Jaqueta Bobojaco Cachorro Baby Menino - Kiki &amp; Mily","og_description":"Essa pe\u00e7a \u00e9 perfeita para o dia a dia, tanto para atividades ao ar livre quanto para um look descontra\u00eddo em passeios. A Jaqueta Compacta Cachorro Baby","og_url":"https:\/\/kikimily.com.br\/pt_br\/produto\/jaqueta-compacta-flores-baby-menina-copia-copia\/","og_site_name":"Kiki &amp; Mily","article_modified_time":"2025-11-18T11:30:17+00:00","og_image":[{"width":1000,"height":1500,"url":"https:\/\/kikimily.com.br\/wp-content\/uploads\/Este-cardigan-de-trico-para-menino-e-a-escolha-ideal-para-os-dias-mais-frescos-combinando-conforto-e-estilo-em-um-unico-item.-Perfeito-para-a-estacao-ele-oferece-aquecimento-sem-perder-o-toque-m-12.png","type":"image\/png"}],"twitter_card":"summary_large_image","twitter_misc":{"Est. tempo de leitura":"2 minutos"},"schema":{"@context":"https:\/\/schema.org","@graph":[{"@type":"WebPage","@id":"https:\/\/kikimily.com.br\/produto\/jaqueta-compacta-flores-baby-menina-copia-copia\/","url":"https:\/\/kikimily.com.br\/produto\/jaqueta-compacta-flores-baby-menina-copia-copia\/","name":"Jaqueta Bobojaco Cachorro Baby Menino - Kiki &amp; Mily","isPartOf":{"@id":"https:\/\/kikimily.com.br\/#website"},"primaryImageOfPage":{"@id":"https:\/\/kikimily.com.br\/produto\/jaqueta-compacta-flores-baby-menina-copia-copia\/#primaryimage"},"image":{"@id":"https:\/\/kikimily.com.br\/produto\/jaqueta-compacta-flores-baby-menina-copia-copia\/#primaryimage"},"thumbnailUrl":"https:\/\/kikimily.com.br\/wp-content\/uploads\/Este-cardigan-de-trico-para-menino-e-a-escolha-ideal-para-os-dias-mais-frescos-combinando-conforto-e-estilo-em-um-unico-item.-Perfeito-para-a-estacao-ele-oferece-aquecimento-sem-perder-o-toque-m-12.png","datePublished":"2025-02-11T17:50:27+00:00","dateModified":"2025-11-18T11:30:17+00:00","description":"Essa pe\u00e7a \u00e9 perfeita para o dia a dia, tanto para atividades ao ar livre quanto para um look descontra\u00eddo em passeios. A Jaqueta Compacta Cachorro Baby","breadcrumb":{"@id":"https:\/\/kikimily.com.br\/produto\/jaqueta-compacta-flores-baby-menina-copia-copia\/#breadcrumb"},"inLanguage":"pt-BR","potentialAction":[{"@type":"ReadAction","target":["https:\/\/kikimily.com.br\/produto\/jaqueta-compacta-flores-baby-menina-copia-copia\/"]}]},{"@type":"ImageObject","inLanguage":"pt-BR","@id":"https:\/\/kikimily.com.br\/produto\/jaqueta-compacta-flores-baby-menina-copia-copia\/#primaryimage","url":"https:\/\/kikimily.com.br\/wp-content\/uploads\/Este-cardigan-de-trico-para-menino-e-a-escolha-ideal-para-os-dias-mais-frescos-combinando-conforto-e-estilo-em-um-unico-item.-Perfeito-para-a-estacao-ele-oferece-aquecimento-sem-perder-o-toque-m-12.png","contentUrl":"https:\/\/kikimily.com.br\/wp-content\/uploads\/Este-cardigan-de-trico-para-menino-e-a-escolha-ideal-para-os-dias-mais-frescos-combinando-conforto-e-estilo-em-um-unico-item.-Perfeito-para-a-estacao-ele-oferece-aquecimento-sem-perder-o-toque-m-12.png","width":1000,"height":1500},{"@type":"BreadcrumbList","@id":"https:\/\/kikimily.com.br\/produto\/jaqueta-compacta-flores-baby-menina-copia-copia\/#breadcrumb","itemListElement":[{"@type":"ListItem","position":1,"name":"Home","item":"https:\/\/kikimily.com.br\/"},{"@type":"ListItem","position":2,"name":"Loja","item":"https:\/\/kikimily.com.br\/loja\/"},{"@type":"ListItem","position":3,"name":"Jaqueta Bobojaco Cachorro Baby Menino"}]},{"@type":"WebSite","@id":"https:\/\/kikimily.com.br\/#website","url":"https:\/\/kikimily.com.br\/","name":"Kiki & Mily","description":"Moda infantil","publisher":{"@id":"https:\/\/kikimily.com.br\/#organization"},"potentialAction":[{"@type":"SearchAction","target":{"@type":"EntryPoint","urlTemplate":"https:\/\/kikimily.com.br\/?s={search_term_string}"},"query-input":{"@type":"PropertyValueSpecification","valueRequired":true,"valueName":"search_term_string"}}],"inLanguage":"pt-BR"},{"@type":"Organization","@id":"https:\/\/kikimily.com.br\/#organization","name":"Kiki & Mily","url":"https:\/\/kikimily.com.br\/","logo":{"@type":"ImageObject","inLanguage":"pt-BR","@id":"https:\/\/kikimily.com.br\/#\/schema\/logo\/image\/","url":"https:\/\/kikimily.com.br\/wp-content\/uploads\/MENINAS-3-2.png","contentUrl":"https:\/\/kikimily.com.br\/wp-content\/uploads\/MENINAS-3-2.png","width":1920,"height":768,"caption":"Kiki & Mily"},"image":{"@id":"https:\/\/kikimily.com.br\/#\/schema\/logo\/image\/"},"sameAs":["https:\/\/www.instagram.com\/kikimilyoficial\/"]}]}},"_links":{"self":[{"href":"https:\/\/kikimily.com.br\/pt_br\/wp-json\/wp\/v2\/product\/3935","targetHints":{"allow":["GET"]}}],"collection":[{"href":"https:\/\/kikimily.com.br\/pt_br\/wp-json\/wp\/v2\/product"}],"about":[{"href":"https:\/\/kikimily.com.br\/pt_br\/wp-json\/wp\/v2\/types\/product"}],"replies":[{"embeddable":true,"href":"https:\/\/kikimily.com.br\/pt_br\/wp-json\/wp\/v2\/comments?post=3935"}],"wp:featuredmedia":[{"embeddable":true,"href":"https:\/\/kikimily.com.br\/pt_br\/wp-json\/wp\/v2\/media\/3942"}],"wp:attachment":[{"href":"https:\/\/kikimily.com.br\/pt_br\/wp-json\/wp\/v2\/media?parent=3935"}],"wp:term":[{"taxonomy":"brand","embeddable":true,"href":"https:\/\/kikimily.com.br\/pt_br\/wp-json\/wp\/v2\/etheme_brands?post=3935"},{"taxonomy":"product_brand","embeddable":true,"href":"https:\/\/kikimily.com.br\/pt_br\/wp-json\/wp\/v2\/product_brand?post=3935"},{"taxonomy":"product_cat","embeddable":true,"href":"https:\/\/kikimily.com.br\/pt_br\/wp-json\/wp\/v2\/product_cat?post=3935"},{"taxonomy":"product_tag","embeddable":true,"href":"https:\/\/kikimily.com.br\/pt_br\/wp-json\/wp\/v2\/product_tag?post=3935"}],"curies":[{"name":"wp","href":"https:\/\/api.w.org\/{rel}","templated":true}]}}