{"id":4288,"date":"2025-02-13T11:51:17","date_gmt":"2025-02-13T11:51:17","guid":{"rendered":"https:\/\/kikimily.com.br\/?post_type=product&#038;p=4288"},"modified":"2025-09-12T18:46:25","modified_gmt":"2025-09-12T18:46:25","slug":"vestido-fada-baby-menina","status":"publish","type":"product","link":"https:\/\/kikimily.com.br\/pt_br\/produto\/vestido-fada-baby-menina\/","title":{"rendered":"Vestido Fada Baby Menina"},"content":{"rendered":"<p data-start=\"216\" data-end=\"245\"><strong data-start=\"216\" data-end=\"244\">Vestido Fada Baby Menina<\/strong>:<\/p>\n<p data-start=\"247\" data-end=\"571\">Este vestido encantador \u00e9 perfeito para criar uma atmosfera m\u00e1gica para qualquer evento especial, seja uma festa de anivers\u00e1rio, um baile de fadas ou at\u00e9 mesmo um ensaio fotogr\u00e1fico. Confeccionado com tecidos suaves e confort\u00e1veis, como tule, cetim e organza, o vestido apresenta um design que mistura delicadeza e divers\u00e3o.<\/p>\n<p data-start=\"247\" data-end=\"571\">Tamanho<\/p>\n<p data-start=\"247\" data-end=\"571\">1,2,3<\/p>\n<p data-start=\"247\" data-end=\"571\">Composi\u00e7\u00e3o<\/p>\n<p data-start=\"247\" data-end=\"571\">100% Poliester<\/p>\n","protected":false},"excerpt":{"rendered":"<p>Vestido Fada Baby Menina: Este vestido encantador \u00e9 perfeito para criar uma atmosfera m\u00e1gica para qualquer evento especial, seja uma festa de anivers\u00e1rio, um baile&#8230;<\/p>\n","protected":false},"featured_media":4289,"comment_status":"closed","ping_status":"closed","template":"","meta":[],"etheme_brands":[],"product_brand":[],"product_cat":[39,73],"product_tag":[],"class_list":{"0":"post-4288","1":"product","2":"type-product","3":"status-publish","4":"has-post-thumbnail","6":"product_cat-baby","7":"product_cat-vestido","9":"first","10":"instock","11":"shipping-taxable","12":"purchasable","13":"product-type-variable"},"yoast_head":"<!-- This site is optimized with the Yoast SEO plugin v25.9 - https:\/\/yoast.com\/wordpress\/plugins\/seo\/ -->\n<title>Vestido Fada Baby Menina - Kiki &amp; Mily<\/title>\n<meta name=\"description\" content=\"Este vestido encantador \u00e9 perfeito para criar uma atmosfera m\u00e1gica para qualquer evento especial, seja uma festa de anivers\u00e1rio\" \/>\n<meta name=\"robots\" content=\"index, follow, max-snippet:-1, max-image-preview:large, max-video-preview:-1\" \/>\n<link rel=\"canonical\" href=\"https:\/\/kikimily.com.br\/pt_br\/produto\/vestido-fada-baby-menina\/\" \/>\n<meta property=\"og:locale\" content=\"pt_BR\" \/>\n<meta property=\"og:type\" content=\"article\" \/>\n<meta property=\"og:title\" content=\"Vestido Fada Baby Menina - Kiki &amp; Mily\" \/>\n<meta property=\"og:description\" content=\"Este vestido encantador \u00e9 perfeito para criar uma atmosfera m\u00e1gica para qualquer evento especial, seja uma festa de anivers\u00e1rio\" \/>\n<meta property=\"og:url\" content=\"https:\/\/kikimily.com.br\/pt_br\/produto\/vestido-fada-baby-menina\/\" \/>\n<meta property=\"og:site_name\" content=\"Kiki &amp; Mily\" \/>\n<meta property=\"article:modified_time\" content=\"2025-09-12T18:46:25+00:00\" \/>\n<meta property=\"og:image\" content=\"https:\/\/kikimily.com.br\/wp-content\/uploads\/Design-sem-nome-2024-06-06T141416.368.png\" \/>\n\t<meta property=\"og:image:width\" content=\"1414\" \/>\n\t<meta property=\"og:image:height\" content=\"2000\" \/>\n\t<meta property=\"og:image:type\" content=\"image\/png\" \/>\n<meta name=\"twitter:card\" content=\"summary_large_image\" \/>\n<meta name=\"twitter:label1\" content=\"Est. tempo de leitura\" \/>\n\t<meta name=\"twitter:data1\" content=\"1 minuto\" \/>\n<script type=\"application\/ld+json\" class=\"yoast-schema-graph\">{\"@context\":\"https:\/\/schema.org\",\"@graph\":[{\"@type\":\"WebPage\",\"@id\":\"https:\/\/kikimily.com.br\/produto\/vestido-fada-baby-menina\/\",\"url\":\"https:\/\/kikimily.com.br\/produto\/vestido-fada-baby-menina\/\",\"name\":\"Vestido Fada Baby Menina - Kiki &amp; Mily\",\"isPartOf\":{\"@id\":\"https:\/\/kikimily.com.br\/#website\"},\"primaryImageOfPage\":{\"@id\":\"https:\/\/kikimily.com.br\/produto\/vestido-fada-baby-menina\/#primaryimage\"},\"image\":{\"@id\":\"https:\/\/kikimily.com.br\/produto\/vestido-fada-baby-menina\/#primaryimage\"},\"thumbnailUrl\":\"https:\/\/kikimily.com.br\/wp-content\/uploads\/Design-sem-nome-2024-06-06T141416.368.png\",\"datePublished\":\"2025-02-13T11:51:17+00:00\",\"dateModified\":\"2025-09-12T18:46:25+00:00\",\"description\":\"Este vestido encantador \u00e9 perfeito para criar uma atmosfera m\u00e1gica para qualquer evento especial, seja uma festa de anivers\u00e1rio\",\"breadcrumb\":{\"@id\":\"https:\/\/kikimily.com.br\/produto\/vestido-fada-baby-menina\/#breadcrumb\"},\"inLanguage\":\"pt-BR\",\"potentialAction\":[{\"@type\":\"ReadAction\",\"target\":[\"https:\/\/kikimily.com.br\/produto\/vestido-fada-baby-menina\/\"]}]},{\"@type\":\"ImageObject\",\"inLanguage\":\"pt-BR\",\"@id\":\"https:\/\/kikimily.com.br\/produto\/vestido-fada-baby-menina\/#primaryimage\",\"url\":\"https:\/\/kikimily.com.br\/wp-content\/uploads\/Design-sem-nome-2024-06-06T141416.368.png\",\"contentUrl\":\"https:\/\/kikimily.com.br\/wp-content\/uploads\/Design-sem-nome-2024-06-06T141416.368.png\",\"width\":1414,\"height\":2000},{\"@type\":\"BreadcrumbList\",\"@id\":\"https:\/\/kikimily.com.br\/produto\/vestido-fada-baby-menina\/#breadcrumb\",\"itemListElement\":[{\"@type\":\"ListItem\",\"position\":1,\"name\":\"Home\",\"item\":\"https:\/\/kikimily.com.br\/\"},{\"@type\":\"ListItem\",\"position\":2,\"name\":\"Loja\",\"item\":\"https:\/\/kikimily.com.br\/loja\/\"},{\"@type\":\"ListItem\",\"position\":3,\"name\":\"Vestido Fada Baby Menina\"}]},{\"@type\":\"WebSite\",\"@id\":\"https:\/\/kikimily.com.br\/#website\",\"url\":\"https:\/\/kikimily.com.br\/\",\"name\":\"Kiki & Mily\",\"description\":\"Moda infantil\",\"publisher\":{\"@id\":\"https:\/\/kikimily.com.br\/#organization\"},\"potentialAction\":[{\"@type\":\"SearchAction\",\"target\":{\"@type\":\"EntryPoint\",\"urlTemplate\":\"https:\/\/kikimily.com.br\/?s={search_term_string}\"},\"query-input\":{\"@type\":\"PropertyValueSpecification\",\"valueRequired\":true,\"valueName\":\"search_term_string\"}}],\"inLanguage\":\"pt-BR\"},{\"@type\":\"Organization\",\"@id\":\"https:\/\/kikimily.com.br\/#organization\",\"name\":\"Kiki & Mily\",\"url\":\"https:\/\/kikimily.com.br\/\",\"logo\":{\"@type\":\"ImageObject\",\"inLanguage\":\"pt-BR\",\"@id\":\"https:\/\/kikimily.com.br\/#\/schema\/logo\/image\/\",\"url\":\"https:\/\/kikimily.com.br\/wp-content\/uploads\/MENINAS-3-2.png\",\"contentUrl\":\"https:\/\/kikimily.com.br\/wp-content\/uploads\/MENINAS-3-2.png\",\"width\":1920,\"height\":768,\"caption\":\"Kiki & Mily\"},\"image\":{\"@id\":\"https:\/\/kikimily.com.br\/#\/schema\/logo\/image\/\"},\"sameAs\":[\"https:\/\/www.instagram.com\/kikimilyoficial\/\"]}]}<\/script>\n<!-- \/ Yoast SEO plugin. -->","yoast_head_json":{"title":"Vestido Fada Baby Menina - Kiki &amp; Mily","description":"Este vestido encantador \u00e9 perfeito para criar uma atmosfera m\u00e1gica para qualquer evento especial, seja uma festa de anivers\u00e1rio","robots":{"index":"index","follow":"follow","max-snippet":"max-snippet:-1","max-image-preview":"max-image-preview:large","max-video-preview":"max-video-preview:-1"},"canonical":"https:\/\/kikimily.com.br\/pt_br\/produto\/vestido-fada-baby-menina\/","og_locale":"pt_BR","og_type":"article","og_title":"Vestido Fada Baby Menina - Kiki &amp; Mily","og_description":"Este vestido encantador \u00e9 perfeito para criar uma atmosfera m\u00e1gica para qualquer evento especial, seja uma festa de anivers\u00e1rio","og_url":"https:\/\/kikimily.com.br\/pt_br\/produto\/vestido-fada-baby-menina\/","og_site_name":"Kiki &amp; Mily","article_modified_time":"2025-09-12T18:46:25+00:00","og_image":[{"width":1414,"height":2000,"url":"https:\/\/kikimily.com.br\/wp-content\/uploads\/Design-sem-nome-2024-06-06T141416.368.png","type":"image\/png"}],"twitter_card":"summary_large_image","twitter_misc":{"Est. tempo de leitura":"1 minuto"},"schema":{"@context":"https:\/\/schema.org","@graph":[{"@type":"WebPage","@id":"https:\/\/kikimily.com.br\/produto\/vestido-fada-baby-menina\/","url":"https:\/\/kikimily.com.br\/produto\/vestido-fada-baby-menina\/","name":"Vestido Fada Baby Menina - Kiki &amp; Mily","isPartOf":{"@id":"https:\/\/kikimily.com.br\/#website"},"primaryImageOfPage":{"@id":"https:\/\/kikimily.com.br\/produto\/vestido-fada-baby-menina\/#primaryimage"},"image":{"@id":"https:\/\/kikimily.com.br\/produto\/vestido-fada-baby-menina\/#primaryimage"},"thumbnailUrl":"https:\/\/kikimily.com.br\/wp-content\/uploads\/Design-sem-nome-2024-06-06T141416.368.png","datePublished":"2025-02-13T11:51:17+00:00","dateModified":"2025-09-12T18:46:25+00:00","description":"Este vestido encantador \u00e9 perfeito para criar uma atmosfera m\u00e1gica para qualquer evento especial, seja uma festa de anivers\u00e1rio","breadcrumb":{"@id":"https:\/\/kikimily.com.br\/produto\/vestido-fada-baby-menina\/#breadcrumb"},"inLanguage":"pt-BR","potentialAction":[{"@type":"ReadAction","target":["https:\/\/kikimily.com.br\/produto\/vestido-fada-baby-menina\/"]}]},{"@type":"ImageObject","inLanguage":"pt-BR","@id":"https:\/\/kikimily.com.br\/produto\/vestido-fada-baby-menina\/#primaryimage","url":"https:\/\/kikimily.com.br\/wp-content\/uploads\/Design-sem-nome-2024-06-06T141416.368.png","contentUrl":"https:\/\/kikimily.com.br\/wp-content\/uploads\/Design-sem-nome-2024-06-06T141416.368.png","width":1414,"height":2000},{"@type":"BreadcrumbList","@id":"https:\/\/kikimily.com.br\/produto\/vestido-fada-baby-menina\/#breadcrumb","itemListElement":[{"@type":"ListItem","position":1,"name":"Home","item":"https:\/\/kikimily.com.br\/"},{"@type":"ListItem","position":2,"name":"Loja","item":"https:\/\/kikimily.com.br\/loja\/"},{"@type":"ListItem","position":3,"name":"Vestido Fada Baby Menina"}]},{"@type":"WebSite","@id":"https:\/\/kikimily.com.br\/#website","url":"https:\/\/kikimily.com.br\/","name":"Kiki & Mily","description":"Moda infantil","publisher":{"@id":"https:\/\/kikimily.com.br\/#organization"},"potentialAction":[{"@type":"SearchAction","target":{"@type":"EntryPoint","urlTemplate":"https:\/\/kikimily.com.br\/?s={search_term_string}"},"query-input":{"@type":"PropertyValueSpecification","valueRequired":true,"valueName":"search_term_string"}}],"inLanguage":"pt-BR"},{"@type":"Organization","@id":"https:\/\/kikimily.com.br\/#organization","name":"Kiki & Mily","url":"https:\/\/kikimily.com.br\/","logo":{"@type":"ImageObject","inLanguage":"pt-BR","@id":"https:\/\/kikimily.com.br\/#\/schema\/logo\/image\/","url":"https:\/\/kikimily.com.br\/wp-content\/uploads\/MENINAS-3-2.png","contentUrl":"https:\/\/kikimily.com.br\/wp-content\/uploads\/MENINAS-3-2.png","width":1920,"height":768,"caption":"Kiki & Mily"},"image":{"@id":"https:\/\/kikimily.com.br\/#\/schema\/logo\/image\/"},"sameAs":["https:\/\/www.instagram.com\/kikimilyoficial\/"]}]}},"_links":{"self":[{"href":"https:\/\/kikimily.com.br\/pt_br\/wp-json\/wp\/v2\/product\/4288","targetHints":{"allow":["GET"]}}],"collection":[{"href":"https:\/\/kikimily.com.br\/pt_br\/wp-json\/wp\/v2\/product"}],"about":[{"href":"https:\/\/kikimily.com.br\/pt_br\/wp-json\/wp\/v2\/types\/product"}],"replies":[{"embeddable":true,"href":"https:\/\/kikimily.com.br\/pt_br\/wp-json\/wp\/v2\/comments?post=4288"}],"wp:featuredmedia":[{"embeddable":true,"href":"https:\/\/kikimily.com.br\/pt_br\/wp-json\/wp\/v2\/media\/4289"}],"wp:attachment":[{"href":"https:\/\/kikimily.com.br\/pt_br\/wp-json\/wp\/v2\/media?parent=4288"}],"wp:term":[{"taxonomy":"brand","embeddable":true,"href":"https:\/\/kikimily.com.br\/pt_br\/wp-json\/wp\/v2\/etheme_brands?post=4288"},{"taxonomy":"product_brand","embeddable":true,"href":"https:\/\/kikimily.com.br\/pt_br\/wp-json\/wp\/v2\/product_brand?post=4288"},{"taxonomy":"product_cat","embeddable":true,"href":"https:\/\/kikimily.com.br\/pt_br\/wp-json\/wp\/v2\/product_cat?post=4288"},{"taxonomy":"product_tag","embeddable":true,"href":"https:\/\/kikimily.com.br\/pt_br\/wp-json\/wp\/v2\/product_tag?post=4288"}],"curies":[{"name":"wp","href":"https:\/\/api.w.org\/{rel}","templated":true}]}}