{"id":4365,"date":"2025-02-13T19:06:15","date_gmt":"2025-02-13T19:06:15","guid":{"rendered":"https:\/\/kikimily.com.br\/?post_type=product&#038;p=4365"},"modified":"2025-06-17T11:29:46","modified_gmt":"2025-06-17T11:29:46","slug":"blusa-estampada-infantil-menina-verao","status":"publish","type":"product","link":"https:\/\/kikimily.com.br\/pt_br\/produto\/blusa-estampada-infantil-menina-verao\/","title":{"rendered":"Blusa Estampada Infantil Menina Ver\u00e3o"},"content":{"rendered":"<h3 data-start=\"323\" data-end=\"369\"><strong data-start=\"327\" data-end=\"368\">Blusa Estampada Infantil Menina Ver\u00e3o<\/strong>:<\/h3>\n<p data-start=\"371\" data-end=\"579\">Essa blusa estampada \u00e9 ideal para os dias ensolarados, oferecendo conforto e um visual cheio de personalidade. Feita com tecidos leves e respir\u00e1veis, ela mant\u00e9m a crian\u00e7a fresquinha e elegante ao mesmo tempo.<\/p>\n<p data-start=\"371\" data-end=\"579\">Tamanho<\/p>\n<p data-start=\"371\" data-end=\"579\">4,6,8<\/p>\n<p data-start=\"371\" data-end=\"579\">Composi\u00e7\u00e3o<\/p>\n<p data-start=\"371\" data-end=\"579\">96% Algod\u00e3o<\/p>\n<p data-start=\"371\" data-end=\"579\">4% Elastano<\/p>\n","protected":false},"excerpt":{"rendered":"<p>Blusa Estampada Infantil Menina Ver\u00e3o: Essa blusa estampada \u00e9 ideal para os dias ensolarados, oferecendo conforto e um visual cheio de personalidade. Feita com tecidos&#8230;<\/p>\n","protected":false},"featured_media":4394,"comment_status":"closed","ping_status":"closed","template":"","meta":[],"etheme_brands":[],"product_brand":[],"product_cat":[33,32],"product_tag":[],"class_list":{"0":"post-4365","1":"product","2":"type-product","3":"status-publish","4":"has-post-thumbnail","6":"product_cat-blusas-primavera-verao","7":"product_cat-menina","9":"first","10":"instock","11":"shipping-taxable","12":"purchasable","13":"product-type-variable"},"yoast_head":"<!-- This site is optimized with the Yoast SEO plugin v25.9 - https:\/\/yoast.com\/wordpress\/plugins\/seo\/ -->\n<title>Blusa Estampada Infantil Menina Ver\u00e3o - Kiki &amp; Mily<\/title>\n<meta name=\"robots\" content=\"index, follow, max-snippet:-1, max-image-preview:large, max-video-preview:-1\" \/>\n<link rel=\"canonical\" href=\"https:\/\/kikimily.com.br\/pt_br\/produto\/blusa-estampada-infantil-menina-verao\/\" \/>\n<meta property=\"og:locale\" content=\"pt_BR\" \/>\n<meta property=\"og:type\" content=\"article\" \/>\n<meta property=\"og:title\" content=\"Blusa Estampada Infantil Menina Ver\u00e3o - Kiki &amp; Mily\" \/>\n<meta property=\"og:description\" content=\"Blusa Estampada Infantil Menina Ver\u00e3o: Essa blusa estampada \u00e9 ideal para os dias ensolarados, oferecendo conforto e um visual cheio de personalidade. Feita com tecidos...\" \/>\n<meta property=\"og:url\" content=\"https:\/\/kikimily.com.br\/pt_br\/produto\/blusa-estampada-infantil-menina-verao\/\" \/>\n<meta property=\"og:site_name\" content=\"Kiki &amp; Mily\" \/>\n<meta property=\"article:modified_time\" content=\"2025-06-17T11:29:46+00:00\" \/>\n<meta property=\"og:image\" content=\"https:\/\/kikimily.com.br\/wp-content\/uploads\/Design-sem-nome-2025-02-13T162937.619.png\" \/>\n\t<meta property=\"og:image:width\" content=\"1414\" \/>\n\t<meta property=\"og:image:height\" content=\"2000\" \/>\n\t<meta property=\"og:image:type\" content=\"image\/png\" \/>\n<meta name=\"twitter:card\" content=\"summary_large_image\" \/>\n<script type=\"application\/ld+json\" class=\"yoast-schema-graph\">{\"@context\":\"https:\/\/schema.org\",\"@graph\":[{\"@type\":\"WebPage\",\"@id\":\"https:\/\/kikimily.com.br\/produto\/blusa-estampada-infantil-menina-verao\/\",\"url\":\"https:\/\/kikimily.com.br\/produto\/blusa-estampada-infantil-menina-verao\/\",\"name\":\"Blusa Estampada Infantil Menina Ver\u00e3o - Kiki &amp; Mily\",\"isPartOf\":{\"@id\":\"https:\/\/kikimily.com.br\/#website\"},\"primaryImageOfPage\":{\"@id\":\"https:\/\/kikimily.com.br\/produto\/blusa-estampada-infantil-menina-verao\/#primaryimage\"},\"image\":{\"@id\":\"https:\/\/kikimily.com.br\/produto\/blusa-estampada-infantil-menina-verao\/#primaryimage\"},\"thumbnailUrl\":\"https:\/\/kikimily.com.br\/wp-content\/uploads\/Design-sem-nome-2025-02-13T162937.619.png\",\"datePublished\":\"2025-02-13T19:06:15+00:00\",\"dateModified\":\"2025-06-17T11:29:46+00:00\",\"breadcrumb\":{\"@id\":\"https:\/\/kikimily.com.br\/produto\/blusa-estampada-infantil-menina-verao\/#breadcrumb\"},\"inLanguage\":\"pt-BR\",\"potentialAction\":[{\"@type\":\"ReadAction\",\"target\":[\"https:\/\/kikimily.com.br\/produto\/blusa-estampada-infantil-menina-verao\/\"]}]},{\"@type\":\"ImageObject\",\"inLanguage\":\"pt-BR\",\"@id\":\"https:\/\/kikimily.com.br\/produto\/blusa-estampada-infantil-menina-verao\/#primaryimage\",\"url\":\"https:\/\/kikimily.com.br\/wp-content\/uploads\/Design-sem-nome-2025-02-13T162937.619.png\",\"contentUrl\":\"https:\/\/kikimily.com.br\/wp-content\/uploads\/Design-sem-nome-2025-02-13T162937.619.png\",\"width\":1414,\"height\":2000},{\"@type\":\"BreadcrumbList\",\"@id\":\"https:\/\/kikimily.com.br\/produto\/blusa-estampada-infantil-menina-verao\/#breadcrumb\",\"itemListElement\":[{\"@type\":\"ListItem\",\"position\":1,\"name\":\"Home\",\"item\":\"https:\/\/kikimily.com.br\/\"},{\"@type\":\"ListItem\",\"position\":2,\"name\":\"Loja\",\"item\":\"https:\/\/kikimily.com.br\/loja\/\"},{\"@type\":\"ListItem\",\"position\":3,\"name\":\"Blusa Estampada Infantil Menina Ver\u00e3o\"}]},{\"@type\":\"WebSite\",\"@id\":\"https:\/\/kikimily.com.br\/#website\",\"url\":\"https:\/\/kikimily.com.br\/\",\"name\":\"Kiki & Mily\",\"description\":\"Moda infantil\",\"publisher\":{\"@id\":\"https:\/\/kikimily.com.br\/#organization\"},\"potentialAction\":[{\"@type\":\"SearchAction\",\"target\":{\"@type\":\"EntryPoint\",\"urlTemplate\":\"https:\/\/kikimily.com.br\/?s={search_term_string}\"},\"query-input\":{\"@type\":\"PropertyValueSpecification\",\"valueRequired\":true,\"valueName\":\"search_term_string\"}}],\"inLanguage\":\"pt-BR\"},{\"@type\":\"Organization\",\"@id\":\"https:\/\/kikimily.com.br\/#organization\",\"name\":\"Kiki & Mily\",\"url\":\"https:\/\/kikimily.com.br\/\",\"logo\":{\"@type\":\"ImageObject\",\"inLanguage\":\"pt-BR\",\"@id\":\"https:\/\/kikimily.com.br\/#\/schema\/logo\/image\/\",\"url\":\"https:\/\/kikimily.com.br\/wp-content\/uploads\/MENINAS-3-2.png\",\"contentUrl\":\"https:\/\/kikimily.com.br\/wp-content\/uploads\/MENINAS-3-2.png\",\"width\":1920,\"height\":768,\"caption\":\"Kiki & Mily\"},\"image\":{\"@id\":\"https:\/\/kikimily.com.br\/#\/schema\/logo\/image\/\"},\"sameAs\":[\"https:\/\/www.instagram.com\/kikimilyoficial\/\"]}]}<\/script>\n<!-- \/ Yoast SEO plugin. -->","yoast_head_json":{"title":"Blusa Estampada Infantil Menina Ver\u00e3o - Kiki &amp; Mily","robots":{"index":"index","follow":"follow","max-snippet":"max-snippet:-1","max-image-preview":"max-image-preview:large","max-video-preview":"max-video-preview:-1"},"canonical":"https:\/\/kikimily.com.br\/pt_br\/produto\/blusa-estampada-infantil-menina-verao\/","og_locale":"pt_BR","og_type":"article","og_title":"Blusa Estampada Infantil Menina Ver\u00e3o - Kiki &amp; Mily","og_description":"Blusa Estampada Infantil Menina Ver\u00e3o: Essa blusa estampada \u00e9 ideal para os dias ensolarados, oferecendo conforto e um visual cheio de personalidade. Feita com tecidos...","og_url":"https:\/\/kikimily.com.br\/pt_br\/produto\/blusa-estampada-infantil-menina-verao\/","og_site_name":"Kiki &amp; Mily","article_modified_time":"2025-06-17T11:29:46+00:00","og_image":[{"url":"https:\/\/kikimily.com.br\/wp-content\/uploads\/Design-sem-nome-2025-02-13T162937.619.png","width":1414,"height":2000,"type":"image\/png"}],"twitter_card":"summary_large_image","schema":{"@context":"https:\/\/schema.org","@graph":[{"@type":"WebPage","@id":"https:\/\/kikimily.com.br\/produto\/blusa-estampada-infantil-menina-verao\/","url":"https:\/\/kikimily.com.br\/produto\/blusa-estampada-infantil-menina-verao\/","name":"Blusa Estampada Infantil Menina Ver\u00e3o - Kiki &amp; Mily","isPartOf":{"@id":"https:\/\/kikimily.com.br\/#website"},"primaryImageOfPage":{"@id":"https:\/\/kikimily.com.br\/produto\/blusa-estampada-infantil-menina-verao\/#primaryimage"},"image":{"@id":"https:\/\/kikimily.com.br\/produto\/blusa-estampada-infantil-menina-verao\/#primaryimage"},"thumbnailUrl":"https:\/\/kikimily.com.br\/wp-content\/uploads\/Design-sem-nome-2025-02-13T162937.619.png","datePublished":"2025-02-13T19:06:15+00:00","dateModified":"2025-06-17T11:29:46+00:00","breadcrumb":{"@id":"https:\/\/kikimily.com.br\/produto\/blusa-estampada-infantil-menina-verao\/#breadcrumb"},"inLanguage":"pt-BR","potentialAction":[{"@type":"ReadAction","target":["https:\/\/kikimily.com.br\/produto\/blusa-estampada-infantil-menina-verao\/"]}]},{"@type":"ImageObject","inLanguage":"pt-BR","@id":"https:\/\/kikimily.com.br\/produto\/blusa-estampada-infantil-menina-verao\/#primaryimage","url":"https:\/\/kikimily.com.br\/wp-content\/uploads\/Design-sem-nome-2025-02-13T162937.619.png","contentUrl":"https:\/\/kikimily.com.br\/wp-content\/uploads\/Design-sem-nome-2025-02-13T162937.619.png","width":1414,"height":2000},{"@type":"BreadcrumbList","@id":"https:\/\/kikimily.com.br\/produto\/blusa-estampada-infantil-menina-verao\/#breadcrumb","itemListElement":[{"@type":"ListItem","position":1,"name":"Home","item":"https:\/\/kikimily.com.br\/"},{"@type":"ListItem","position":2,"name":"Loja","item":"https:\/\/kikimily.com.br\/loja\/"},{"@type":"ListItem","position":3,"name":"Blusa Estampada Infantil Menina Ver\u00e3o"}]},{"@type":"WebSite","@id":"https:\/\/kikimily.com.br\/#website","url":"https:\/\/kikimily.com.br\/","name":"Kiki & Mily","description":"Moda infantil","publisher":{"@id":"https:\/\/kikimily.com.br\/#organization"},"potentialAction":[{"@type":"SearchAction","target":{"@type":"EntryPoint","urlTemplate":"https:\/\/kikimily.com.br\/?s={search_term_string}"},"query-input":{"@type":"PropertyValueSpecification","valueRequired":true,"valueName":"search_term_string"}}],"inLanguage":"pt-BR"},{"@type":"Organization","@id":"https:\/\/kikimily.com.br\/#organization","name":"Kiki & Mily","url":"https:\/\/kikimily.com.br\/","logo":{"@type":"ImageObject","inLanguage":"pt-BR","@id":"https:\/\/kikimily.com.br\/#\/schema\/logo\/image\/","url":"https:\/\/kikimily.com.br\/wp-content\/uploads\/MENINAS-3-2.png","contentUrl":"https:\/\/kikimily.com.br\/wp-content\/uploads\/MENINAS-3-2.png","width":1920,"height":768,"caption":"Kiki & Mily"},"image":{"@id":"https:\/\/kikimily.com.br\/#\/schema\/logo\/image\/"},"sameAs":["https:\/\/www.instagram.com\/kikimilyoficial\/"]}]}},"_links":{"self":[{"href":"https:\/\/kikimily.com.br\/pt_br\/wp-json\/wp\/v2\/product\/4365","targetHints":{"allow":["GET"]}}],"collection":[{"href":"https:\/\/kikimily.com.br\/pt_br\/wp-json\/wp\/v2\/product"}],"about":[{"href":"https:\/\/kikimily.com.br\/pt_br\/wp-json\/wp\/v2\/types\/product"}],"replies":[{"embeddable":true,"href":"https:\/\/kikimily.com.br\/pt_br\/wp-json\/wp\/v2\/comments?post=4365"}],"wp:featuredmedia":[{"embeddable":true,"href":"https:\/\/kikimily.com.br\/pt_br\/wp-json\/wp\/v2\/media\/4394"}],"wp:attachment":[{"href":"https:\/\/kikimily.com.br\/pt_br\/wp-json\/wp\/v2\/media?parent=4365"}],"wp:term":[{"taxonomy":"brand","embeddable":true,"href":"https:\/\/kikimily.com.br\/pt_br\/wp-json\/wp\/v2\/etheme_brands?post=4365"},{"taxonomy":"product_brand","embeddable":true,"href":"https:\/\/kikimily.com.br\/pt_br\/wp-json\/wp\/v2\/product_brand?post=4365"},{"taxonomy":"product_cat","embeddable":true,"href":"https:\/\/kikimily.com.br\/pt_br\/wp-json\/wp\/v2\/product_cat?post=4365"},{"taxonomy":"product_tag","embeddable":true,"href":"https:\/\/kikimily.com.br\/pt_br\/wp-json\/wp\/v2\/product_tag?post=4365"}],"curies":[{"name":"wp","href":"https:\/\/api.w.org\/{rel}","templated":true}]}}