{"id":4788,"date":"2025-02-19T11:42:04","date_gmt":"2025-02-19T11:42:04","guid":{"rendered":"https:\/\/kikimily.com.br\/?post_type=product&#038;p=4788"},"modified":"2025-11-18T11:48:39","modified_gmt":"2025-11-18T11:48:39","slug":"blusa-corta-vento-floral-baby-menina","status":"publish","type":"product","link":"https:\/\/kikimily.com.br\/pt_br\/produto\/blusa-corta-vento-floral-baby-menina\/","title":{"rendered":"Blusa Corta Vento Floral Baby Menina"},"content":{"rendered":"<p>Uma blusa corta-vento floral para menina \u00e9 uma pe\u00e7a de roupa leve e pr\u00e1tica, ideal para proteger contraventos mais frios sem comprometer o estilo. Ela pode ter um design com estampas florais suaves, t\u00edpicas de roupas infantis, com cores suaves como rosa, lil\u00e1s, azul ou at\u00e9 mesmo cores mais vibrantes, como amarelo ou verde, dependendo da marca ou tend\u00eancia. Esse tipo de blusa costuma ser feito de materiais resistentes ao vento, como n\u00e1ilon ou poli\u00e9ster, e \u00e9 bastante vers\u00e1til, podendo ser usada em diferentes ocasi\u00f5es, desde passeios ao ar livre at\u00e9 momentos de lazer.<\/p>\n<p>&nbsp;<\/p>\n<p>Tamanho<\/p>\n<p>1,2,3<\/p>\n<p>&nbsp;<\/p>\n<p>&nbsp;<\/p>\n<p>Composi\u00e7\u00e3o<\/p>\n<p>100% Poliester<\/p>\n","protected":false},"excerpt":{"rendered":"<p>Uma blusa corta-vento floral para menina \u00e9 uma pe\u00e7a de roupa leve e pr\u00e1tica, ideal para proteger contraventos mais frios sem comprometer o estilo. Ela&#8230;<\/p>\n","protected":false},"featured_media":4792,"comment_status":"closed","ping_status":"closed","template":"","meta":[],"etheme_brands":[],"product_brand":[],"product_cat":[39,103,259],"product_tag":[156,247],"class_list":{"0":"post-4788","1":"product","2":"type-product","3":"status-publish","4":"has-post-thumbnail","6":"product_cat-baby","7":"product_cat-baby-menina","8":"product_cat-blusas-jaquetas-baby-menina","9":"product_tag-baby","10":"product_tag-jaquetas-baby-menina","12":"first","13":"instock","14":"shipping-taxable","15":"purchasable","16":"product-type-variable"},"yoast_head":"<!-- This site is optimized with the Yoast SEO plugin v25.9 - https:\/\/yoast.com\/wordpress\/plugins\/seo\/ -->\n<title>Blusa Corta Vento Floral Baby Menina - Kiki &amp; Mily<\/title>\n<meta name=\"description\" content=\"Uma blusa corta-vento floral para menina \u00e9 uma pe\u00e7a de roupa leve e pr\u00e1tica, ideal para proteger contra ventos mais frios sem comprometer o estilo.\" \/>\n<meta name=\"robots\" content=\"index, follow, max-snippet:-1, max-image-preview:large, max-video-preview:-1\" \/>\n<link rel=\"canonical\" href=\"https:\/\/kikimily.com.br\/pt_br\/produto\/blusa-corta-vento-floral-baby-menina\/\" \/>\n<meta property=\"og:locale\" content=\"pt_BR\" \/>\n<meta property=\"og:type\" content=\"article\" \/>\n<meta property=\"og:title\" content=\"Blusa Corta Vento Floral Baby Menina - Kiki &amp; Mily\" \/>\n<meta property=\"og:description\" content=\"Uma blusa corta-vento floral para menina \u00e9 uma pe\u00e7a de roupa leve e pr\u00e1tica, ideal para proteger contra ventos mais frios sem comprometer o estilo.\" \/>\n<meta property=\"og:url\" content=\"https:\/\/kikimily.com.br\/pt_br\/produto\/blusa-corta-vento-floral-baby-menina\/\" \/>\n<meta property=\"og:site_name\" content=\"Kiki &amp; Mily\" \/>\n<meta property=\"article:modified_time\" content=\"2025-11-18T11:48:39+00:00\" \/>\n<meta property=\"og:image\" content=\"https:\/\/kikimily.com.br\/wp-content\/uploads\/12-2.png\" \/>\n\t<meta property=\"og:image:width\" content=\"1414\" \/>\n\t<meta property=\"og:image:height\" content=\"2000\" \/>\n\t<meta property=\"og:image:type\" content=\"image\/png\" \/>\n<meta name=\"twitter:card\" content=\"summary_large_image\" \/>\n<meta name=\"twitter:label1\" content=\"Est. tempo de leitura\" \/>\n\t<meta name=\"twitter:data1\" content=\"1 minuto\" \/>\n<script type=\"application\/ld+json\" class=\"yoast-schema-graph\">{\"@context\":\"https:\/\/schema.org\",\"@graph\":[{\"@type\":\"WebPage\",\"@id\":\"https:\/\/kikimily.com.br\/produto\/blusa-corta-vento-floral-baby-menina\/\",\"url\":\"https:\/\/kikimily.com.br\/produto\/blusa-corta-vento-floral-baby-menina\/\",\"name\":\"Blusa Corta Vento Floral Baby Menina - Kiki &amp; Mily\",\"isPartOf\":{\"@id\":\"https:\/\/kikimily.com.br\/#website\"},\"primaryImageOfPage\":{\"@id\":\"https:\/\/kikimily.com.br\/produto\/blusa-corta-vento-floral-baby-menina\/#primaryimage\"},\"image\":{\"@id\":\"https:\/\/kikimily.com.br\/produto\/blusa-corta-vento-floral-baby-menina\/#primaryimage\"},\"thumbnailUrl\":\"https:\/\/kikimily.com.br\/wp-content\/uploads\/12-2.png\",\"datePublished\":\"2025-02-19T11:42:04+00:00\",\"dateModified\":\"2025-11-18T11:48:39+00:00\",\"description\":\"Uma blusa corta-vento floral para menina \u00e9 uma pe\u00e7a de roupa leve e pr\u00e1tica, ideal para proteger contra ventos mais frios sem comprometer o estilo.\",\"breadcrumb\":{\"@id\":\"https:\/\/kikimily.com.br\/produto\/blusa-corta-vento-floral-baby-menina\/#breadcrumb\"},\"inLanguage\":\"pt-BR\",\"potentialAction\":[{\"@type\":\"ReadAction\",\"target\":[\"https:\/\/kikimily.com.br\/produto\/blusa-corta-vento-floral-baby-menina\/\"]}]},{\"@type\":\"ImageObject\",\"inLanguage\":\"pt-BR\",\"@id\":\"https:\/\/kikimily.com.br\/produto\/blusa-corta-vento-floral-baby-menina\/#primaryimage\",\"url\":\"https:\/\/kikimily.com.br\/wp-content\/uploads\/12-2.png\",\"contentUrl\":\"https:\/\/kikimily.com.br\/wp-content\/uploads\/12-2.png\",\"width\":1414,\"height\":2000},{\"@type\":\"BreadcrumbList\",\"@id\":\"https:\/\/kikimily.com.br\/produto\/blusa-corta-vento-floral-baby-menina\/#breadcrumb\",\"itemListElement\":[{\"@type\":\"ListItem\",\"position\":1,\"name\":\"Home\",\"item\":\"https:\/\/kikimily.com.br\/\"},{\"@type\":\"ListItem\",\"position\":2,\"name\":\"Loja\",\"item\":\"https:\/\/kikimily.com.br\/loja\/\"},{\"@type\":\"ListItem\",\"position\":3,\"name\":\"Blusa Corta Vento Floral Baby Menina\"}]},{\"@type\":\"WebSite\",\"@id\":\"https:\/\/kikimily.com.br\/#website\",\"url\":\"https:\/\/kikimily.com.br\/\",\"name\":\"Kiki & Mily\",\"description\":\"Moda infantil\",\"publisher\":{\"@id\":\"https:\/\/kikimily.com.br\/#organization\"},\"potentialAction\":[{\"@type\":\"SearchAction\",\"target\":{\"@type\":\"EntryPoint\",\"urlTemplate\":\"https:\/\/kikimily.com.br\/?s={search_term_string}\"},\"query-input\":{\"@type\":\"PropertyValueSpecification\",\"valueRequired\":true,\"valueName\":\"search_term_string\"}}],\"inLanguage\":\"pt-BR\"},{\"@type\":\"Organization\",\"@id\":\"https:\/\/kikimily.com.br\/#organization\",\"name\":\"Kiki & Mily\",\"url\":\"https:\/\/kikimily.com.br\/\",\"logo\":{\"@type\":\"ImageObject\",\"inLanguage\":\"pt-BR\",\"@id\":\"https:\/\/kikimily.com.br\/#\/schema\/logo\/image\/\",\"url\":\"https:\/\/kikimily.com.br\/wp-content\/uploads\/MENINAS-3-2.png\",\"contentUrl\":\"https:\/\/kikimily.com.br\/wp-content\/uploads\/MENINAS-3-2.png\",\"width\":1920,\"height\":768,\"caption\":\"Kiki & Mily\"},\"image\":{\"@id\":\"https:\/\/kikimily.com.br\/#\/schema\/logo\/image\/\"},\"sameAs\":[\"https:\/\/www.instagram.com\/kikimilyoficial\/\"]}]}<\/script>\n<!-- \/ Yoast SEO plugin. -->","yoast_head_json":{"title":"Blusa Corta Vento Floral Baby Menina - Kiki &amp; Mily","description":"Uma blusa corta-vento floral para menina \u00e9 uma pe\u00e7a de roupa leve e pr\u00e1tica, ideal para proteger contra ventos mais frios sem comprometer o estilo.","robots":{"index":"index","follow":"follow","max-snippet":"max-snippet:-1","max-image-preview":"max-image-preview:large","max-video-preview":"max-video-preview:-1"},"canonical":"https:\/\/kikimily.com.br\/pt_br\/produto\/blusa-corta-vento-floral-baby-menina\/","og_locale":"pt_BR","og_type":"article","og_title":"Blusa Corta Vento Floral Baby Menina - Kiki &amp; Mily","og_description":"Uma blusa corta-vento floral para menina \u00e9 uma pe\u00e7a de roupa leve e pr\u00e1tica, ideal para proteger contra ventos mais frios sem comprometer o estilo.","og_url":"https:\/\/kikimily.com.br\/pt_br\/produto\/blusa-corta-vento-floral-baby-menina\/","og_site_name":"Kiki &amp; Mily","article_modified_time":"2025-11-18T11:48:39+00:00","og_image":[{"width":1414,"height":2000,"url":"https:\/\/kikimily.com.br\/wp-content\/uploads\/12-2.png","type":"image\/png"}],"twitter_card":"summary_large_image","twitter_misc":{"Est. tempo de leitura":"1 minuto"},"schema":{"@context":"https:\/\/schema.org","@graph":[{"@type":"WebPage","@id":"https:\/\/kikimily.com.br\/produto\/blusa-corta-vento-floral-baby-menina\/","url":"https:\/\/kikimily.com.br\/produto\/blusa-corta-vento-floral-baby-menina\/","name":"Blusa Corta Vento Floral Baby Menina - Kiki &amp; Mily","isPartOf":{"@id":"https:\/\/kikimily.com.br\/#website"},"primaryImageOfPage":{"@id":"https:\/\/kikimily.com.br\/produto\/blusa-corta-vento-floral-baby-menina\/#primaryimage"},"image":{"@id":"https:\/\/kikimily.com.br\/produto\/blusa-corta-vento-floral-baby-menina\/#primaryimage"},"thumbnailUrl":"https:\/\/kikimily.com.br\/wp-content\/uploads\/12-2.png","datePublished":"2025-02-19T11:42:04+00:00","dateModified":"2025-11-18T11:48:39+00:00","description":"Uma blusa corta-vento floral para menina \u00e9 uma pe\u00e7a de roupa leve e pr\u00e1tica, ideal para proteger contra ventos mais frios sem comprometer o estilo.","breadcrumb":{"@id":"https:\/\/kikimily.com.br\/produto\/blusa-corta-vento-floral-baby-menina\/#breadcrumb"},"inLanguage":"pt-BR","potentialAction":[{"@type":"ReadAction","target":["https:\/\/kikimily.com.br\/produto\/blusa-corta-vento-floral-baby-menina\/"]}]},{"@type":"ImageObject","inLanguage":"pt-BR","@id":"https:\/\/kikimily.com.br\/produto\/blusa-corta-vento-floral-baby-menina\/#primaryimage","url":"https:\/\/kikimily.com.br\/wp-content\/uploads\/12-2.png","contentUrl":"https:\/\/kikimily.com.br\/wp-content\/uploads\/12-2.png","width":1414,"height":2000},{"@type":"BreadcrumbList","@id":"https:\/\/kikimily.com.br\/produto\/blusa-corta-vento-floral-baby-menina\/#breadcrumb","itemListElement":[{"@type":"ListItem","position":1,"name":"Home","item":"https:\/\/kikimily.com.br\/"},{"@type":"ListItem","position":2,"name":"Loja","item":"https:\/\/kikimily.com.br\/loja\/"},{"@type":"ListItem","position":3,"name":"Blusa Corta Vento Floral Baby Menina"}]},{"@type":"WebSite","@id":"https:\/\/kikimily.com.br\/#website","url":"https:\/\/kikimily.com.br\/","name":"Kiki & Mily","description":"Moda infantil","publisher":{"@id":"https:\/\/kikimily.com.br\/#organization"},"potentialAction":[{"@type":"SearchAction","target":{"@type":"EntryPoint","urlTemplate":"https:\/\/kikimily.com.br\/?s={search_term_string}"},"query-input":{"@type":"PropertyValueSpecification","valueRequired":true,"valueName":"search_term_string"}}],"inLanguage":"pt-BR"},{"@type":"Organization","@id":"https:\/\/kikimily.com.br\/#organization","name":"Kiki & Mily","url":"https:\/\/kikimily.com.br\/","logo":{"@type":"ImageObject","inLanguage":"pt-BR","@id":"https:\/\/kikimily.com.br\/#\/schema\/logo\/image\/","url":"https:\/\/kikimily.com.br\/wp-content\/uploads\/MENINAS-3-2.png","contentUrl":"https:\/\/kikimily.com.br\/wp-content\/uploads\/MENINAS-3-2.png","width":1920,"height":768,"caption":"Kiki & Mily"},"image":{"@id":"https:\/\/kikimily.com.br\/#\/schema\/logo\/image\/"},"sameAs":["https:\/\/www.instagram.com\/kikimilyoficial\/"]}]}},"_links":{"self":[{"href":"https:\/\/kikimily.com.br\/pt_br\/wp-json\/wp\/v2\/product\/4788","targetHints":{"allow":["GET"]}}],"collection":[{"href":"https:\/\/kikimily.com.br\/pt_br\/wp-json\/wp\/v2\/product"}],"about":[{"href":"https:\/\/kikimily.com.br\/pt_br\/wp-json\/wp\/v2\/types\/product"}],"replies":[{"embeddable":true,"href":"https:\/\/kikimily.com.br\/pt_br\/wp-json\/wp\/v2\/comments?post=4788"}],"wp:featuredmedia":[{"embeddable":true,"href":"https:\/\/kikimily.com.br\/pt_br\/wp-json\/wp\/v2\/media\/4792"}],"wp:attachment":[{"href":"https:\/\/kikimily.com.br\/pt_br\/wp-json\/wp\/v2\/media?parent=4788"}],"wp:term":[{"taxonomy":"brand","embeddable":true,"href":"https:\/\/kikimily.com.br\/pt_br\/wp-json\/wp\/v2\/etheme_brands?post=4788"},{"taxonomy":"product_brand","embeddable":true,"href":"https:\/\/kikimily.com.br\/pt_br\/wp-json\/wp\/v2\/product_brand?post=4788"},{"taxonomy":"product_cat","embeddable":true,"href":"https:\/\/kikimily.com.br\/pt_br\/wp-json\/wp\/v2\/product_cat?post=4788"},{"taxonomy":"product_tag","embeddable":true,"href":"https:\/\/kikimily.com.br\/pt_br\/wp-json\/wp\/v2\/product_tag?post=4788"}],"curies":[{"name":"wp","href":"https:\/\/api.w.org\/{rel}","templated":true}]}}