{"id":5099,"date":"2025-02-21T11:17:37","date_gmt":"2025-02-21T11:17:37","guid":{"rendered":"https:\/\/kikimily.com.br\/?post_type=product&#038;p=5099"},"modified":"2025-06-07T01:00:10","modified_gmt":"2025-06-07T01:00:10","slug":"blusa-ciganinha-infantil-menina","status":"publish","type":"product","link":"https:\/\/kikimily.com.br\/pt_br\/produto\/blusa-ciganinha-infantil-menina\/","title":{"rendered":"Blusa Ciganinha Infantil Menina"},"content":{"rendered":"<p data-start=\"0\" data-end=\"253\">Uma &#8220;blusa ciganinha infantil para menina&#8221; \u00e9 uma pe\u00e7a de roupa popular, que tem o estilo inspirado na tradicional roupa cigana. Geralmente, esse tipo de blusa \u00e9 caracterizado por um decote ombro a ombro, o que d\u00e1 um toque delicado e rom\u00e2ntico ao visual.<\/p>\n<p data-start=\"255\" data-end=\"566\">Essas blusas podem ser feitas de diferentes tecidos, como algod\u00e3o, malha ou chiffon, e podem ser encontradas em diversos estilos, como com mangas bufantes ou com detalhes em babados. Al\u00e9m disso, elas costumam ser bem coloridas ou com estampas florais, muito usadas para ocasi\u00f5es casuais, como festas e passeios.<\/p>\n<p data-start=\"255\" data-end=\"566\">Tamanho<\/p>\n<p data-start=\"255\" data-end=\"566\">4,6,8,10<\/p>\n<p data-start=\"255\" data-end=\"566\">Composi\u00e7\u00e3o<\/p>\n<p data-start=\"255\" data-end=\"566\">100% Poliester<\/p>\n<p data-start=\"255\" data-end=\"566\">\n","protected":false},"excerpt":{"rendered":"<p>Uma &#8220;blusa ciganinha infantil para menina&#8221; \u00e9 uma pe\u00e7a de roupa popular, que tem o estilo inspirado na tradicional roupa cigana. Geralmente, esse tipo de&#8230;<\/p>\n","protected":false},"featured_media":5103,"comment_status":"closed","ping_status":"closed","template":"","meta":[],"etheme_brands":[],"product_brand":[],"product_cat":[33,32],"product_tag":[],"class_list":{"0":"post-5099","1":"product","2":"type-product","3":"status-publish","4":"has-post-thumbnail","6":"product_cat-blusas-primavera-verao","7":"product_cat-menina","9":"first","10":"instock","11":"shipping-taxable","12":"purchasable","13":"product-type-variable"},"yoast_head":"<!-- This site is optimized with the Yoast SEO plugin v25.9 - https:\/\/yoast.com\/wordpress\/plugins\/seo\/ -->\n<title>Blusa Ciganinha Infantil Menina - Kiki &amp; Mily<\/title>\n<meta name=\"robots\" content=\"index, follow, max-snippet:-1, max-image-preview:large, max-video-preview:-1\" \/>\n<link rel=\"canonical\" href=\"https:\/\/kikimily.com.br\/pt_br\/produto\/blusa-ciganinha-infantil-menina\/\" \/>\n<meta property=\"og:locale\" content=\"pt_BR\" \/>\n<meta property=\"og:type\" content=\"article\" \/>\n<meta property=\"og:title\" content=\"Blusa Ciganinha Infantil Menina - Kiki &amp; Mily\" \/>\n<meta property=\"og:description\" content=\"Uma &#8220;blusa ciganinha infantil para menina&#8221; \u00e9 uma pe\u00e7a de roupa popular, que tem o estilo inspirado na tradicional roupa cigana. Geralmente, esse tipo de...\" \/>\n<meta property=\"og:url\" content=\"https:\/\/kikimily.com.br\/pt_br\/produto\/blusa-ciganinha-infantil-menina\/\" \/>\n<meta property=\"og:site_name\" content=\"Kiki &amp; Mily\" \/>\n<meta property=\"article:modified_time\" content=\"2025-06-07T01:00:10+00:00\" \/>\n<meta property=\"og:image\" content=\"https:\/\/kikimily.com.br\/wp-content\/uploads\/90-2.png\" \/>\n\t<meta property=\"og:image:width\" content=\"1000\" \/>\n\t<meta property=\"og:image:height\" content=\"1500\" \/>\n\t<meta property=\"og:image:type\" content=\"image\/png\" \/>\n<meta name=\"twitter:card\" content=\"summary_large_image\" \/>\n<meta name=\"twitter:label1\" content=\"Est. tempo de leitura\" \/>\n\t<meta name=\"twitter:data1\" content=\"1 minuto\" \/>\n<script type=\"application\/ld+json\" class=\"yoast-schema-graph\">{\"@context\":\"https:\/\/schema.org\",\"@graph\":[{\"@type\":\"WebPage\",\"@id\":\"https:\/\/kikimily.com.br\/produto\/blusa-ciganinha-infantil-menina\/\",\"url\":\"https:\/\/kikimily.com.br\/produto\/blusa-ciganinha-infantil-menina\/\",\"name\":\"Blusa Ciganinha Infantil Menina - Kiki &amp; Mily\",\"isPartOf\":{\"@id\":\"https:\/\/kikimily.com.br\/#website\"},\"primaryImageOfPage\":{\"@id\":\"https:\/\/kikimily.com.br\/produto\/blusa-ciganinha-infantil-menina\/#primaryimage\"},\"image\":{\"@id\":\"https:\/\/kikimily.com.br\/produto\/blusa-ciganinha-infantil-menina\/#primaryimage\"},\"thumbnailUrl\":\"https:\/\/kikimily.com.br\/wp-content\/uploads\/90-2.png\",\"datePublished\":\"2025-02-21T11:17:37+00:00\",\"dateModified\":\"2025-06-07T01:00:10+00:00\",\"breadcrumb\":{\"@id\":\"https:\/\/kikimily.com.br\/produto\/blusa-ciganinha-infantil-menina\/#breadcrumb\"},\"inLanguage\":\"pt-BR\",\"potentialAction\":[{\"@type\":\"ReadAction\",\"target\":[\"https:\/\/kikimily.com.br\/produto\/blusa-ciganinha-infantil-menina\/\"]}]},{\"@type\":\"ImageObject\",\"inLanguage\":\"pt-BR\",\"@id\":\"https:\/\/kikimily.com.br\/produto\/blusa-ciganinha-infantil-menina\/#primaryimage\",\"url\":\"https:\/\/kikimily.com.br\/wp-content\/uploads\/90-2.png\",\"contentUrl\":\"https:\/\/kikimily.com.br\/wp-content\/uploads\/90-2.png\",\"width\":1000,\"height\":1500},{\"@type\":\"BreadcrumbList\",\"@id\":\"https:\/\/kikimily.com.br\/produto\/blusa-ciganinha-infantil-menina\/#breadcrumb\",\"itemListElement\":[{\"@type\":\"ListItem\",\"position\":1,\"name\":\"Home\",\"item\":\"https:\/\/kikimily.com.br\/\"},{\"@type\":\"ListItem\",\"position\":2,\"name\":\"Loja\",\"item\":\"https:\/\/kikimily.com.br\/loja\/\"},{\"@type\":\"ListItem\",\"position\":3,\"name\":\"Blusa Ciganinha Infantil Menina\"}]},{\"@type\":\"WebSite\",\"@id\":\"https:\/\/kikimily.com.br\/#website\",\"url\":\"https:\/\/kikimily.com.br\/\",\"name\":\"Kiki & Mily\",\"description\":\"Moda infantil\",\"publisher\":{\"@id\":\"https:\/\/kikimily.com.br\/#organization\"},\"potentialAction\":[{\"@type\":\"SearchAction\",\"target\":{\"@type\":\"EntryPoint\",\"urlTemplate\":\"https:\/\/kikimily.com.br\/?s={search_term_string}\"},\"query-input\":{\"@type\":\"PropertyValueSpecification\",\"valueRequired\":true,\"valueName\":\"search_term_string\"}}],\"inLanguage\":\"pt-BR\"},{\"@type\":\"Organization\",\"@id\":\"https:\/\/kikimily.com.br\/#organization\",\"name\":\"Kiki & Mily\",\"url\":\"https:\/\/kikimily.com.br\/\",\"logo\":{\"@type\":\"ImageObject\",\"inLanguage\":\"pt-BR\",\"@id\":\"https:\/\/kikimily.com.br\/#\/schema\/logo\/image\/\",\"url\":\"https:\/\/kikimily.com.br\/wp-content\/uploads\/MENINAS-3-2.png\",\"contentUrl\":\"https:\/\/kikimily.com.br\/wp-content\/uploads\/MENINAS-3-2.png\",\"width\":1920,\"height\":768,\"caption\":\"Kiki & Mily\"},\"image\":{\"@id\":\"https:\/\/kikimily.com.br\/#\/schema\/logo\/image\/\"},\"sameAs\":[\"https:\/\/www.instagram.com\/kikimilyoficial\/\"]}]}<\/script>\n<!-- \/ Yoast SEO plugin. -->","yoast_head_json":{"title":"Blusa Ciganinha Infantil Menina - Kiki &amp; Mily","robots":{"index":"index","follow":"follow","max-snippet":"max-snippet:-1","max-image-preview":"max-image-preview:large","max-video-preview":"max-video-preview:-1"},"canonical":"https:\/\/kikimily.com.br\/pt_br\/produto\/blusa-ciganinha-infantil-menina\/","og_locale":"pt_BR","og_type":"article","og_title":"Blusa Ciganinha Infantil Menina - Kiki &amp; Mily","og_description":"Uma &#8220;blusa ciganinha infantil para menina&#8221; \u00e9 uma pe\u00e7a de roupa popular, que tem o estilo inspirado na tradicional roupa cigana. Geralmente, esse tipo de...","og_url":"https:\/\/kikimily.com.br\/pt_br\/produto\/blusa-ciganinha-infantil-menina\/","og_site_name":"Kiki &amp; Mily","article_modified_time":"2025-06-07T01:00:10+00:00","og_image":[{"width":1000,"height":1500,"url":"https:\/\/kikimily.com.br\/wp-content\/uploads\/90-2.png","type":"image\/png"}],"twitter_card":"summary_large_image","twitter_misc":{"Est. tempo de leitura":"1 minuto"},"schema":{"@context":"https:\/\/schema.org","@graph":[{"@type":"WebPage","@id":"https:\/\/kikimily.com.br\/produto\/blusa-ciganinha-infantil-menina\/","url":"https:\/\/kikimily.com.br\/produto\/blusa-ciganinha-infantil-menina\/","name":"Blusa Ciganinha Infantil Menina - Kiki &amp; Mily","isPartOf":{"@id":"https:\/\/kikimily.com.br\/#website"},"primaryImageOfPage":{"@id":"https:\/\/kikimily.com.br\/produto\/blusa-ciganinha-infantil-menina\/#primaryimage"},"image":{"@id":"https:\/\/kikimily.com.br\/produto\/blusa-ciganinha-infantil-menina\/#primaryimage"},"thumbnailUrl":"https:\/\/kikimily.com.br\/wp-content\/uploads\/90-2.png","datePublished":"2025-02-21T11:17:37+00:00","dateModified":"2025-06-07T01:00:10+00:00","breadcrumb":{"@id":"https:\/\/kikimily.com.br\/produto\/blusa-ciganinha-infantil-menina\/#breadcrumb"},"inLanguage":"pt-BR","potentialAction":[{"@type":"ReadAction","target":["https:\/\/kikimily.com.br\/produto\/blusa-ciganinha-infantil-menina\/"]}]},{"@type":"ImageObject","inLanguage":"pt-BR","@id":"https:\/\/kikimily.com.br\/produto\/blusa-ciganinha-infantil-menina\/#primaryimage","url":"https:\/\/kikimily.com.br\/wp-content\/uploads\/90-2.png","contentUrl":"https:\/\/kikimily.com.br\/wp-content\/uploads\/90-2.png","width":1000,"height":1500},{"@type":"BreadcrumbList","@id":"https:\/\/kikimily.com.br\/produto\/blusa-ciganinha-infantil-menina\/#breadcrumb","itemListElement":[{"@type":"ListItem","position":1,"name":"Home","item":"https:\/\/kikimily.com.br\/"},{"@type":"ListItem","position":2,"name":"Loja","item":"https:\/\/kikimily.com.br\/loja\/"},{"@type":"ListItem","position":3,"name":"Blusa Ciganinha Infantil Menina"}]},{"@type":"WebSite","@id":"https:\/\/kikimily.com.br\/#website","url":"https:\/\/kikimily.com.br\/","name":"Kiki & Mily","description":"Moda infantil","publisher":{"@id":"https:\/\/kikimily.com.br\/#organization"},"potentialAction":[{"@type":"SearchAction","target":{"@type":"EntryPoint","urlTemplate":"https:\/\/kikimily.com.br\/?s={search_term_string}"},"query-input":{"@type":"PropertyValueSpecification","valueRequired":true,"valueName":"search_term_string"}}],"inLanguage":"pt-BR"},{"@type":"Organization","@id":"https:\/\/kikimily.com.br\/#organization","name":"Kiki & Mily","url":"https:\/\/kikimily.com.br\/","logo":{"@type":"ImageObject","inLanguage":"pt-BR","@id":"https:\/\/kikimily.com.br\/#\/schema\/logo\/image\/","url":"https:\/\/kikimily.com.br\/wp-content\/uploads\/MENINAS-3-2.png","contentUrl":"https:\/\/kikimily.com.br\/wp-content\/uploads\/MENINAS-3-2.png","width":1920,"height":768,"caption":"Kiki & Mily"},"image":{"@id":"https:\/\/kikimily.com.br\/#\/schema\/logo\/image\/"},"sameAs":["https:\/\/www.instagram.com\/kikimilyoficial\/"]}]}},"_links":{"self":[{"href":"https:\/\/kikimily.com.br\/pt_br\/wp-json\/wp\/v2\/product\/5099","targetHints":{"allow":["GET"]}}],"collection":[{"href":"https:\/\/kikimily.com.br\/pt_br\/wp-json\/wp\/v2\/product"}],"about":[{"href":"https:\/\/kikimily.com.br\/pt_br\/wp-json\/wp\/v2\/types\/product"}],"replies":[{"embeddable":true,"href":"https:\/\/kikimily.com.br\/pt_br\/wp-json\/wp\/v2\/comments?post=5099"}],"wp:featuredmedia":[{"embeddable":true,"href":"https:\/\/kikimily.com.br\/pt_br\/wp-json\/wp\/v2\/media\/5103"}],"wp:attachment":[{"href":"https:\/\/kikimily.com.br\/pt_br\/wp-json\/wp\/v2\/media?parent=5099"}],"wp:term":[{"taxonomy":"brand","embeddable":true,"href":"https:\/\/kikimily.com.br\/pt_br\/wp-json\/wp\/v2\/etheme_brands?post=5099"},{"taxonomy":"product_brand","embeddable":true,"href":"https:\/\/kikimily.com.br\/pt_br\/wp-json\/wp\/v2\/product_brand?post=5099"},{"taxonomy":"product_cat","embeddable":true,"href":"https:\/\/kikimily.com.br\/pt_br\/wp-json\/wp\/v2\/product_cat?post=5099"},{"taxonomy":"product_tag","embeddable":true,"href":"https:\/\/kikimily.com.br\/pt_br\/wp-json\/wp\/v2\/product_tag?post=5099"}],"curies":[{"name":"wp","href":"https:\/\/api.w.org\/{rel}","templated":true}]}}