{"id":5741,"date":"2025-02-26T13:49:34","date_gmt":"2025-02-26T13:49:34","guid":{"rendered":"https:\/\/kikimily.com.br\/?post_type=product&#038;p=5741"},"modified":"2025-05-30T10:39:58","modified_gmt":"2025-05-30T10:39:58","slug":"camiseta-listra-gola-polo","status":"publish","type":"product","link":"https:\/\/kikimily.com.br\/pt_br\/produto\/camiseta-listra-gola-polo\/","title":{"rendered":"Camiseta Listra Gola Polo Juvenil Menino"},"content":{"rendered":"<p>A <strong data-start=\"2\" data-end=\"46\">Camiseta Listra Gola Polo Juvenil Menino<\/strong> \u00e9 uma pe\u00e7a de vestu\u00e1rio estilosa, que combina o cl\u00e1ssico estilo de gola polo com um design moderno de listras. \u00c9 ideal para meninos na faixa et\u00e1ria juvenil que buscam um look casual, mas ao mesmo tempo um pouco mais arrumado e cheio de personalidade.<\/p>\n<p>&nbsp;<\/p>\n<p>Tamanho<\/p>\n<p>10,12,14,16<\/p>\n<p>&nbsp;<\/p>\n<p>Composi\u00e7\u00e3o<\/p>\n<p>95% Algod\u00e3o<\/p>\n<p>5%Elastano<\/p>\n","protected":false},"excerpt":{"rendered":"<p>A Camiseta Listra Gola Polo Juvenil Menino \u00e9 uma pe\u00e7a de vestu\u00e1rio estilosa, que combina o cl\u00e1ssico estilo de gola polo com um design moderno&#8230;<\/p>\n","protected":false},"featured_media":8133,"comment_status":"closed","ping_status":"closed","template":"","meta":[],"etheme_brands":[],"product_brand":[],"product_cat":[87,64],"product_tag":[],"class_list":{"0":"post-5741","1":"product","2":"type-product","3":"status-publish","4":"has-post-thumbnail","6":"product_cat-camisetas-primavera-verao","7":"product_cat-juvenil-menino","9":"first","10":"instock","11":"shipping-taxable","12":"purchasable","13":"product-type-variable"},"yoast_head":"<!-- This site is optimized with the Yoast SEO plugin v25.9 - https:\/\/yoast.com\/wordpress\/plugins\/seo\/ -->\n<title>Camiseta Listra Gola Polo Juvenil Menino - Kiki &amp; Mily<\/title>\n<meta name=\"robots\" content=\"index, follow, max-snippet:-1, max-image-preview:large, max-video-preview:-1\" \/>\n<link rel=\"canonical\" href=\"https:\/\/kikimily.com.br\/pt_br\/produto\/camiseta-listra-gola-polo\/\" \/>\n<meta property=\"og:locale\" content=\"pt_BR\" \/>\n<meta property=\"og:type\" content=\"article\" \/>\n<meta property=\"og:title\" content=\"Camiseta Listra Gola Polo Juvenil Menino - Kiki &amp; Mily\" \/>\n<meta property=\"og:description\" content=\"A Camiseta Listra Gola Polo Juvenil Menino \u00e9 uma pe\u00e7a de vestu\u00e1rio estilosa, que combina o cl\u00e1ssico estilo de gola polo com um design moderno...\" \/>\n<meta property=\"og:url\" content=\"https:\/\/kikimily.com.br\/pt_br\/produto\/camiseta-listra-gola-polo\/\" \/>\n<meta property=\"og:site_name\" content=\"Kiki &amp; Mily\" \/>\n<meta property=\"article:modified_time\" content=\"2025-05-30T10:39:58+00:00\" \/>\n<meta property=\"og:image\" content=\"https:\/\/kikimily.com.br\/wp-content\/uploads\/Este-cardigan-de-trico-para-menino-e-a-escolha-ideal-para-os-dias-mais-frescos-combinando-conforto-e-estilo-em-um-unico-item.-Perfeito-para-a-estacao-ele-oferece-aquecimento-sem-perde-2025-05-29T154634.494.png\" \/>\n\t<meta property=\"og:image:width\" content=\"1000\" \/>\n\t<meta property=\"og:image:height\" content=\"1500\" \/>\n\t<meta property=\"og:image:type\" content=\"image\/png\" \/>\n<meta name=\"twitter:card\" content=\"summary_large_image\" \/>\n<script type=\"application\/ld+json\" class=\"yoast-schema-graph\">{\"@context\":\"https:\/\/schema.org\",\"@graph\":[{\"@type\":\"WebPage\",\"@id\":\"https:\/\/kikimily.com.br\/produto\/camiseta-listra-gola-polo\/\",\"url\":\"https:\/\/kikimily.com.br\/produto\/camiseta-listra-gola-polo\/\",\"name\":\"Camiseta Listra Gola Polo Juvenil Menino - Kiki &amp; Mily\",\"isPartOf\":{\"@id\":\"https:\/\/kikimily.com.br\/#website\"},\"primaryImageOfPage\":{\"@id\":\"https:\/\/kikimily.com.br\/produto\/camiseta-listra-gola-polo\/#primaryimage\"},\"image\":{\"@id\":\"https:\/\/kikimily.com.br\/produto\/camiseta-listra-gola-polo\/#primaryimage\"},\"thumbnailUrl\":\"https:\/\/kikimily.com.br\/wp-content\/uploads\/Este-cardigan-de-trico-para-menino-e-a-escolha-ideal-para-os-dias-mais-frescos-combinando-conforto-e-estilo-em-um-unico-item.-Perfeito-para-a-estacao-ele-oferece-aquecimento-sem-perde-2025-05-29T154634.494.png\",\"datePublished\":\"2025-02-26T13:49:34+00:00\",\"dateModified\":\"2025-05-30T10:39:58+00:00\",\"breadcrumb\":{\"@id\":\"https:\/\/kikimily.com.br\/produto\/camiseta-listra-gola-polo\/#breadcrumb\"},\"inLanguage\":\"pt-BR\",\"potentialAction\":[{\"@type\":\"ReadAction\",\"target\":[\"https:\/\/kikimily.com.br\/produto\/camiseta-listra-gola-polo\/\"]}]},{\"@type\":\"ImageObject\",\"inLanguage\":\"pt-BR\",\"@id\":\"https:\/\/kikimily.com.br\/produto\/camiseta-listra-gola-polo\/#primaryimage\",\"url\":\"https:\/\/kikimily.com.br\/wp-content\/uploads\/Este-cardigan-de-trico-para-menino-e-a-escolha-ideal-para-os-dias-mais-frescos-combinando-conforto-e-estilo-em-um-unico-item.-Perfeito-para-a-estacao-ele-oferece-aquecimento-sem-perde-2025-05-29T154634.494.png\",\"contentUrl\":\"https:\/\/kikimily.com.br\/wp-content\/uploads\/Este-cardigan-de-trico-para-menino-e-a-escolha-ideal-para-os-dias-mais-frescos-combinando-conforto-e-estilo-em-um-unico-item.-Perfeito-para-a-estacao-ele-oferece-aquecimento-sem-perde-2025-05-29T154634.494.png\",\"width\":1000,\"height\":1500},{\"@type\":\"BreadcrumbList\",\"@id\":\"https:\/\/kikimily.com.br\/produto\/camiseta-listra-gola-polo\/#breadcrumb\",\"itemListElement\":[{\"@type\":\"ListItem\",\"position\":1,\"name\":\"Home\",\"item\":\"https:\/\/kikimily.com.br\/\"},{\"@type\":\"ListItem\",\"position\":2,\"name\":\"Loja\",\"item\":\"https:\/\/kikimily.com.br\/loja\/\"},{\"@type\":\"ListItem\",\"position\":3,\"name\":\"Camiseta Listra Gola Polo Juvenil Menino\"}]},{\"@type\":\"WebSite\",\"@id\":\"https:\/\/kikimily.com.br\/#website\",\"url\":\"https:\/\/kikimily.com.br\/\",\"name\":\"Kiki & Mily\",\"description\":\"Moda infantil\",\"publisher\":{\"@id\":\"https:\/\/kikimily.com.br\/#organization\"},\"potentialAction\":[{\"@type\":\"SearchAction\",\"target\":{\"@type\":\"EntryPoint\",\"urlTemplate\":\"https:\/\/kikimily.com.br\/?s={search_term_string}\"},\"query-input\":{\"@type\":\"PropertyValueSpecification\",\"valueRequired\":true,\"valueName\":\"search_term_string\"}}],\"inLanguage\":\"pt-BR\"},{\"@type\":\"Organization\",\"@id\":\"https:\/\/kikimily.com.br\/#organization\",\"name\":\"Kiki & Mily\",\"url\":\"https:\/\/kikimily.com.br\/\",\"logo\":{\"@type\":\"ImageObject\",\"inLanguage\":\"pt-BR\",\"@id\":\"https:\/\/kikimily.com.br\/#\/schema\/logo\/image\/\",\"url\":\"https:\/\/kikimily.com.br\/wp-content\/uploads\/MENINAS-3-2.png\",\"contentUrl\":\"https:\/\/kikimily.com.br\/wp-content\/uploads\/MENINAS-3-2.png\",\"width\":1920,\"height\":768,\"caption\":\"Kiki & Mily\"},\"image\":{\"@id\":\"https:\/\/kikimily.com.br\/#\/schema\/logo\/image\/\"},\"sameAs\":[\"https:\/\/www.instagram.com\/kikimilyoficial\/\"]}]}<\/script>\n<!-- \/ Yoast SEO plugin. -->","yoast_head_json":{"title":"Camiseta Listra Gola Polo Juvenil Menino - Kiki &amp; Mily","robots":{"index":"index","follow":"follow","max-snippet":"max-snippet:-1","max-image-preview":"max-image-preview:large","max-video-preview":"max-video-preview:-1"},"canonical":"https:\/\/kikimily.com.br\/pt_br\/produto\/camiseta-listra-gola-polo\/","og_locale":"pt_BR","og_type":"article","og_title":"Camiseta Listra Gola Polo Juvenil Menino - Kiki &amp; Mily","og_description":"A Camiseta Listra Gola Polo Juvenil Menino \u00e9 uma pe\u00e7a de vestu\u00e1rio estilosa, que combina o cl\u00e1ssico estilo de gola polo com um design moderno...","og_url":"https:\/\/kikimily.com.br\/pt_br\/produto\/camiseta-listra-gola-polo\/","og_site_name":"Kiki &amp; Mily","article_modified_time":"2025-05-30T10:39:58+00:00","og_image":[{"width":1000,"height":1500,"url":"https:\/\/kikimily.com.br\/wp-content\/uploads\/Este-cardigan-de-trico-para-menino-e-a-escolha-ideal-para-os-dias-mais-frescos-combinando-conforto-e-estilo-em-um-unico-item.-Perfeito-para-a-estacao-ele-oferece-aquecimento-sem-perde-2025-05-29T154634.494.png","type":"image\/png"}],"twitter_card":"summary_large_image","schema":{"@context":"https:\/\/schema.org","@graph":[{"@type":"WebPage","@id":"https:\/\/kikimily.com.br\/produto\/camiseta-listra-gola-polo\/","url":"https:\/\/kikimily.com.br\/produto\/camiseta-listra-gola-polo\/","name":"Camiseta Listra Gola Polo Juvenil Menino - Kiki &amp; Mily","isPartOf":{"@id":"https:\/\/kikimily.com.br\/#website"},"primaryImageOfPage":{"@id":"https:\/\/kikimily.com.br\/produto\/camiseta-listra-gola-polo\/#primaryimage"},"image":{"@id":"https:\/\/kikimily.com.br\/produto\/camiseta-listra-gola-polo\/#primaryimage"},"thumbnailUrl":"https:\/\/kikimily.com.br\/wp-content\/uploads\/Este-cardigan-de-trico-para-menino-e-a-escolha-ideal-para-os-dias-mais-frescos-combinando-conforto-e-estilo-em-um-unico-item.-Perfeito-para-a-estacao-ele-oferece-aquecimento-sem-perde-2025-05-29T154634.494.png","datePublished":"2025-02-26T13:49:34+00:00","dateModified":"2025-05-30T10:39:58+00:00","breadcrumb":{"@id":"https:\/\/kikimily.com.br\/produto\/camiseta-listra-gola-polo\/#breadcrumb"},"inLanguage":"pt-BR","potentialAction":[{"@type":"ReadAction","target":["https:\/\/kikimily.com.br\/produto\/camiseta-listra-gola-polo\/"]}]},{"@type":"ImageObject","inLanguage":"pt-BR","@id":"https:\/\/kikimily.com.br\/produto\/camiseta-listra-gola-polo\/#primaryimage","url":"https:\/\/kikimily.com.br\/wp-content\/uploads\/Este-cardigan-de-trico-para-menino-e-a-escolha-ideal-para-os-dias-mais-frescos-combinando-conforto-e-estilo-em-um-unico-item.-Perfeito-para-a-estacao-ele-oferece-aquecimento-sem-perde-2025-05-29T154634.494.png","contentUrl":"https:\/\/kikimily.com.br\/wp-content\/uploads\/Este-cardigan-de-trico-para-menino-e-a-escolha-ideal-para-os-dias-mais-frescos-combinando-conforto-e-estilo-em-um-unico-item.-Perfeito-para-a-estacao-ele-oferece-aquecimento-sem-perde-2025-05-29T154634.494.png","width":1000,"height":1500},{"@type":"BreadcrumbList","@id":"https:\/\/kikimily.com.br\/produto\/camiseta-listra-gola-polo\/#breadcrumb","itemListElement":[{"@type":"ListItem","position":1,"name":"Home","item":"https:\/\/kikimily.com.br\/"},{"@type":"ListItem","position":2,"name":"Loja","item":"https:\/\/kikimily.com.br\/loja\/"},{"@type":"ListItem","position":3,"name":"Camiseta Listra Gola Polo Juvenil Menino"}]},{"@type":"WebSite","@id":"https:\/\/kikimily.com.br\/#website","url":"https:\/\/kikimily.com.br\/","name":"Kiki & Mily","description":"Moda infantil","publisher":{"@id":"https:\/\/kikimily.com.br\/#organization"},"potentialAction":[{"@type":"SearchAction","target":{"@type":"EntryPoint","urlTemplate":"https:\/\/kikimily.com.br\/?s={search_term_string}"},"query-input":{"@type":"PropertyValueSpecification","valueRequired":true,"valueName":"search_term_string"}}],"inLanguage":"pt-BR"},{"@type":"Organization","@id":"https:\/\/kikimily.com.br\/#organization","name":"Kiki & Mily","url":"https:\/\/kikimily.com.br\/","logo":{"@type":"ImageObject","inLanguage":"pt-BR","@id":"https:\/\/kikimily.com.br\/#\/schema\/logo\/image\/","url":"https:\/\/kikimily.com.br\/wp-content\/uploads\/MENINAS-3-2.png","contentUrl":"https:\/\/kikimily.com.br\/wp-content\/uploads\/MENINAS-3-2.png","width":1920,"height":768,"caption":"Kiki & Mily"},"image":{"@id":"https:\/\/kikimily.com.br\/#\/schema\/logo\/image\/"},"sameAs":["https:\/\/www.instagram.com\/kikimilyoficial\/"]}]}},"_links":{"self":[{"href":"https:\/\/kikimily.com.br\/pt_br\/wp-json\/wp\/v2\/product\/5741","targetHints":{"allow":["GET"]}}],"collection":[{"href":"https:\/\/kikimily.com.br\/pt_br\/wp-json\/wp\/v2\/product"}],"about":[{"href":"https:\/\/kikimily.com.br\/pt_br\/wp-json\/wp\/v2\/types\/product"}],"replies":[{"embeddable":true,"href":"https:\/\/kikimily.com.br\/pt_br\/wp-json\/wp\/v2\/comments?post=5741"}],"wp:featuredmedia":[{"embeddable":true,"href":"https:\/\/kikimily.com.br\/pt_br\/wp-json\/wp\/v2\/media\/8133"}],"wp:attachment":[{"href":"https:\/\/kikimily.com.br\/pt_br\/wp-json\/wp\/v2\/media?parent=5741"}],"wp:term":[{"taxonomy":"brand","embeddable":true,"href":"https:\/\/kikimily.com.br\/pt_br\/wp-json\/wp\/v2\/etheme_brands?post=5741"},{"taxonomy":"product_brand","embeddable":true,"href":"https:\/\/kikimily.com.br\/pt_br\/wp-json\/wp\/v2\/product_brand?post=5741"},{"taxonomy":"product_cat","embeddable":true,"href":"https:\/\/kikimily.com.br\/pt_br\/wp-json\/wp\/v2\/product_cat?post=5741"},{"taxonomy":"product_tag","embeddable":true,"href":"https:\/\/kikimily.com.br\/pt_br\/wp-json\/wp\/v2\/product_tag?post=5741"}],"curies":[{"name":"wp","href":"https:\/\/api.w.org\/{rel}","templated":true}]}}