{"id":5893,"date":"2025-02-27T13:50:17","date_gmt":"2025-02-27T13:50:17","guid":{"rendered":"https:\/\/kikimily.com.br\/?post_type=product&#038;p=5893"},"modified":"2025-02-27T13:50:17","modified_gmt":"2025-02-27T13:50:17","slug":"camiseta-gola-polo-listrado-infantil-menino","status":"publish","type":"product","link":"https:\/\/kikimily.com.br\/pt_br\/produto\/camiseta-gola-polo-listrado-infantil-menino\/","title":{"rendered":"Camiseta Gola Polo Listrado Infantil Menino"},"content":{"rendered":"<p>A <strong data-start=\"2\" data-end=\"49\">Camiseta Gola Polo Listrado Infantil Menino<\/strong> \u00e9 uma pe\u00e7a cl\u00e1ssica e elegante que pode ser usada em v\u00e1rias ocasi\u00f5es, oferecendo um visual descontra\u00eddo e ao mesmo tempo arrumado. Geralmente, esse tipo de camiseta tem listras horizontais ou verticais em v\u00e1rias cores, dando um toque moderno e vibrante \u00e0 pe\u00e7a. A gola polo adiciona um ar mais sofisticado, tornando a camiseta vers\u00e1til para eventos informais, como passeios, festas de anivers\u00e1rio ou at\u00e9 mesmo para a escola.]<\/p>\n<p>&nbsp;<\/p>\n<p>Tamanho<\/p>\n<p>4,6,8<\/p>\n<p>&nbsp;<\/p>\n<p>Composi\u00e7\u00e3o<\/p>\n","protected":false},"excerpt":{"rendered":"<p>A Camiseta Gola Polo Listrado Infantil Menino \u00e9 uma pe\u00e7a cl\u00e1ssica e elegante que pode ser usada em v\u00e1rias ocasi\u00f5es, oferecendo um visual descontra\u00eddo e&#8230;<\/p>\n","protected":false},"featured_media":5897,"comment_status":"closed","ping_status":"closed","template":"","meta":[],"etheme_brands":[],"product_brand":[],"product_cat":[28,23],"product_tag":[],"class_list":{"0":"post-5893","1":"product","2":"type-product","3":"status-publish","4":"has-post-thumbnail","6":"product_cat-camisetas-primavera-verao-menino-4-8","7":"product_cat-menino","9":"first","10":"instock","11":"shipping-taxable","12":"purchasable","13":"product-type-variable"},"yoast_head":"<!-- This site is optimized with the Yoast SEO plugin v25.9 - https:\/\/yoast.com\/wordpress\/plugins\/seo\/ -->\n<title>Camiseta Gola Polo Listrado Infantil Menino - Kiki &amp; Mily<\/title>\n<meta name=\"robots\" content=\"index, follow, max-snippet:-1, max-image-preview:large, max-video-preview:-1\" \/>\n<link rel=\"canonical\" href=\"https:\/\/kikimily.com.br\/pt_br\/produto\/camiseta-gola-polo-listrado-infantil-menino\/\" \/>\n<meta property=\"og:locale\" content=\"pt_BR\" \/>\n<meta property=\"og:type\" content=\"article\" \/>\n<meta property=\"og:title\" content=\"Camiseta Gola Polo Listrado Infantil Menino - Kiki &amp; Mily\" \/>\n<meta property=\"og:description\" content=\"A Camiseta Gola Polo Listrado Infantil Menino \u00e9 uma pe\u00e7a cl\u00e1ssica e elegante que pode ser usada em v\u00e1rias ocasi\u00f5es, oferecendo um visual descontra\u00eddo e...\" \/>\n<meta property=\"og:url\" content=\"https:\/\/kikimily.com.br\/pt_br\/produto\/camiseta-gola-polo-listrado-infantil-menino\/\" \/>\n<meta property=\"og:site_name\" content=\"Kiki &amp; Mily\" \/>\n<meta property=\"og:image\" content=\"https:\/\/kikimily.com.br\/wp-content\/uploads\/Fundos-para-fotos-meninos-2024-07-12T073818.466.png\" \/>\n\t<meta property=\"og:image:width\" content=\"1000\" \/>\n\t<meta property=\"og:image:height\" content=\"1500\" \/>\n\t<meta property=\"og:image:type\" content=\"image\/png\" \/>\n<meta name=\"twitter:card\" content=\"summary_large_image\" \/>\n<script type=\"application\/ld+json\" class=\"yoast-schema-graph\">{\"@context\":\"https:\/\/schema.org\",\"@graph\":[{\"@type\":\"WebPage\",\"@id\":\"https:\/\/kikimily.com.br\/produto\/camiseta-gola-polo-listrado-infantil-menino\/\",\"url\":\"https:\/\/kikimily.com.br\/produto\/camiseta-gola-polo-listrado-infantil-menino\/\",\"name\":\"Camiseta Gola Polo Listrado Infantil Menino - Kiki &amp; Mily\",\"isPartOf\":{\"@id\":\"https:\/\/kikimily.com.br\/#website\"},\"primaryImageOfPage\":{\"@id\":\"https:\/\/kikimily.com.br\/produto\/camiseta-gola-polo-listrado-infantil-menino\/#primaryimage\"},\"image\":{\"@id\":\"https:\/\/kikimily.com.br\/produto\/camiseta-gola-polo-listrado-infantil-menino\/#primaryimage\"},\"thumbnailUrl\":\"https:\/\/kikimily.com.br\/wp-content\/uploads\/Fundos-para-fotos-meninos-2024-07-12T073818.466.png\",\"datePublished\":\"2025-02-27T13:50:17+00:00\",\"breadcrumb\":{\"@id\":\"https:\/\/kikimily.com.br\/produto\/camiseta-gola-polo-listrado-infantil-menino\/#breadcrumb\"},\"inLanguage\":\"pt-BR\",\"potentialAction\":[{\"@type\":\"ReadAction\",\"target\":[\"https:\/\/kikimily.com.br\/produto\/camiseta-gola-polo-listrado-infantil-menino\/\"]}]},{\"@type\":\"ImageObject\",\"inLanguage\":\"pt-BR\",\"@id\":\"https:\/\/kikimily.com.br\/produto\/camiseta-gola-polo-listrado-infantil-menino\/#primaryimage\",\"url\":\"https:\/\/kikimily.com.br\/wp-content\/uploads\/Fundos-para-fotos-meninos-2024-07-12T073818.466.png\",\"contentUrl\":\"https:\/\/kikimily.com.br\/wp-content\/uploads\/Fundos-para-fotos-meninos-2024-07-12T073818.466.png\",\"width\":1000,\"height\":1500},{\"@type\":\"BreadcrumbList\",\"@id\":\"https:\/\/kikimily.com.br\/produto\/camiseta-gola-polo-listrado-infantil-menino\/#breadcrumb\",\"itemListElement\":[{\"@type\":\"ListItem\",\"position\":1,\"name\":\"Home\",\"item\":\"https:\/\/kikimily.com.br\/\"},{\"@type\":\"ListItem\",\"position\":2,\"name\":\"Loja\",\"item\":\"https:\/\/kikimily.com.br\/loja\/\"},{\"@type\":\"ListItem\",\"position\":3,\"name\":\"Camiseta Gola Polo Listrado Infantil Menino\"}]},{\"@type\":\"WebSite\",\"@id\":\"https:\/\/kikimily.com.br\/#website\",\"url\":\"https:\/\/kikimily.com.br\/\",\"name\":\"Kiki & Mily\",\"description\":\"Moda infantil\",\"publisher\":{\"@id\":\"https:\/\/kikimily.com.br\/#organization\"},\"potentialAction\":[{\"@type\":\"SearchAction\",\"target\":{\"@type\":\"EntryPoint\",\"urlTemplate\":\"https:\/\/kikimily.com.br\/?s={search_term_string}\"},\"query-input\":{\"@type\":\"PropertyValueSpecification\",\"valueRequired\":true,\"valueName\":\"search_term_string\"}}],\"inLanguage\":\"pt-BR\"},{\"@type\":\"Organization\",\"@id\":\"https:\/\/kikimily.com.br\/#organization\",\"name\":\"Kiki & Mily\",\"url\":\"https:\/\/kikimily.com.br\/\",\"logo\":{\"@type\":\"ImageObject\",\"inLanguage\":\"pt-BR\",\"@id\":\"https:\/\/kikimily.com.br\/#\/schema\/logo\/image\/\",\"url\":\"https:\/\/kikimily.com.br\/wp-content\/uploads\/MENINAS-3-2.png\",\"contentUrl\":\"https:\/\/kikimily.com.br\/wp-content\/uploads\/MENINAS-3-2.png\",\"width\":1920,\"height\":768,\"caption\":\"Kiki & Mily\"},\"image\":{\"@id\":\"https:\/\/kikimily.com.br\/#\/schema\/logo\/image\/\"},\"sameAs\":[\"https:\/\/www.instagram.com\/kikimilyoficial\/\"]}]}<\/script>\n<!-- \/ Yoast SEO plugin. -->","yoast_head_json":{"title":"Camiseta Gola Polo Listrado Infantil Menino - Kiki &amp; Mily","robots":{"index":"index","follow":"follow","max-snippet":"max-snippet:-1","max-image-preview":"max-image-preview:large","max-video-preview":"max-video-preview:-1"},"canonical":"https:\/\/kikimily.com.br\/pt_br\/produto\/camiseta-gola-polo-listrado-infantil-menino\/","og_locale":"pt_BR","og_type":"article","og_title":"Camiseta Gola Polo Listrado Infantil Menino - Kiki &amp; Mily","og_description":"A Camiseta Gola Polo Listrado Infantil Menino \u00e9 uma pe\u00e7a cl\u00e1ssica e elegante que pode ser usada em v\u00e1rias ocasi\u00f5es, oferecendo um visual descontra\u00eddo e...","og_url":"https:\/\/kikimily.com.br\/pt_br\/produto\/camiseta-gola-polo-listrado-infantil-menino\/","og_site_name":"Kiki &amp; Mily","og_image":[{"width":1000,"height":1500,"url":"https:\/\/kikimily.com.br\/wp-content\/uploads\/Fundos-para-fotos-meninos-2024-07-12T073818.466.png","type":"image\/png"}],"twitter_card":"summary_large_image","schema":{"@context":"https:\/\/schema.org","@graph":[{"@type":"WebPage","@id":"https:\/\/kikimily.com.br\/produto\/camiseta-gola-polo-listrado-infantil-menino\/","url":"https:\/\/kikimily.com.br\/produto\/camiseta-gola-polo-listrado-infantil-menino\/","name":"Camiseta Gola Polo Listrado Infantil Menino - Kiki &amp; Mily","isPartOf":{"@id":"https:\/\/kikimily.com.br\/#website"},"primaryImageOfPage":{"@id":"https:\/\/kikimily.com.br\/produto\/camiseta-gola-polo-listrado-infantil-menino\/#primaryimage"},"image":{"@id":"https:\/\/kikimily.com.br\/produto\/camiseta-gola-polo-listrado-infantil-menino\/#primaryimage"},"thumbnailUrl":"https:\/\/kikimily.com.br\/wp-content\/uploads\/Fundos-para-fotos-meninos-2024-07-12T073818.466.png","datePublished":"2025-02-27T13:50:17+00:00","breadcrumb":{"@id":"https:\/\/kikimily.com.br\/produto\/camiseta-gola-polo-listrado-infantil-menino\/#breadcrumb"},"inLanguage":"pt-BR","potentialAction":[{"@type":"ReadAction","target":["https:\/\/kikimily.com.br\/produto\/camiseta-gola-polo-listrado-infantil-menino\/"]}]},{"@type":"ImageObject","inLanguage":"pt-BR","@id":"https:\/\/kikimily.com.br\/produto\/camiseta-gola-polo-listrado-infantil-menino\/#primaryimage","url":"https:\/\/kikimily.com.br\/wp-content\/uploads\/Fundos-para-fotos-meninos-2024-07-12T073818.466.png","contentUrl":"https:\/\/kikimily.com.br\/wp-content\/uploads\/Fundos-para-fotos-meninos-2024-07-12T073818.466.png","width":1000,"height":1500},{"@type":"BreadcrumbList","@id":"https:\/\/kikimily.com.br\/produto\/camiseta-gola-polo-listrado-infantil-menino\/#breadcrumb","itemListElement":[{"@type":"ListItem","position":1,"name":"Home","item":"https:\/\/kikimily.com.br\/"},{"@type":"ListItem","position":2,"name":"Loja","item":"https:\/\/kikimily.com.br\/loja\/"},{"@type":"ListItem","position":3,"name":"Camiseta Gola Polo Listrado Infantil Menino"}]},{"@type":"WebSite","@id":"https:\/\/kikimily.com.br\/#website","url":"https:\/\/kikimily.com.br\/","name":"Kiki & Mily","description":"Moda infantil","publisher":{"@id":"https:\/\/kikimily.com.br\/#organization"},"potentialAction":[{"@type":"SearchAction","target":{"@type":"EntryPoint","urlTemplate":"https:\/\/kikimily.com.br\/?s={search_term_string}"},"query-input":{"@type":"PropertyValueSpecification","valueRequired":true,"valueName":"search_term_string"}}],"inLanguage":"pt-BR"},{"@type":"Organization","@id":"https:\/\/kikimily.com.br\/#organization","name":"Kiki & Mily","url":"https:\/\/kikimily.com.br\/","logo":{"@type":"ImageObject","inLanguage":"pt-BR","@id":"https:\/\/kikimily.com.br\/#\/schema\/logo\/image\/","url":"https:\/\/kikimily.com.br\/wp-content\/uploads\/MENINAS-3-2.png","contentUrl":"https:\/\/kikimily.com.br\/wp-content\/uploads\/MENINAS-3-2.png","width":1920,"height":768,"caption":"Kiki & Mily"},"image":{"@id":"https:\/\/kikimily.com.br\/#\/schema\/logo\/image\/"},"sameAs":["https:\/\/www.instagram.com\/kikimilyoficial\/"]}]}},"_links":{"self":[{"href":"https:\/\/kikimily.com.br\/pt_br\/wp-json\/wp\/v2\/product\/5893","targetHints":{"allow":["GET"]}}],"collection":[{"href":"https:\/\/kikimily.com.br\/pt_br\/wp-json\/wp\/v2\/product"}],"about":[{"href":"https:\/\/kikimily.com.br\/pt_br\/wp-json\/wp\/v2\/types\/product"}],"replies":[{"embeddable":true,"href":"https:\/\/kikimily.com.br\/pt_br\/wp-json\/wp\/v2\/comments?post=5893"}],"wp:featuredmedia":[{"embeddable":true,"href":"https:\/\/kikimily.com.br\/pt_br\/wp-json\/wp\/v2\/media\/5897"}],"wp:attachment":[{"href":"https:\/\/kikimily.com.br\/pt_br\/wp-json\/wp\/v2\/media?parent=5893"}],"wp:term":[{"taxonomy":"brand","embeddable":true,"href":"https:\/\/kikimily.com.br\/pt_br\/wp-json\/wp\/v2\/etheme_brands?post=5893"},{"taxonomy":"product_brand","embeddable":true,"href":"https:\/\/kikimily.com.br\/pt_br\/wp-json\/wp\/v2\/product_brand?post=5893"},{"taxonomy":"product_cat","embeddable":true,"href":"https:\/\/kikimily.com.br\/pt_br\/wp-json\/wp\/v2\/product_cat?post=5893"},{"taxonomy":"product_tag","embeddable":true,"href":"https:\/\/kikimily.com.br\/pt_br\/wp-json\/wp\/v2\/product_tag?post=5893"}],"curies":[{"name":"wp","href":"https:\/\/api.w.org\/{rel}","templated":true}]}}