{"id":6377,"date":"2025-03-12T12:12:18","date_gmt":"2025-03-12T12:12:18","guid":{"rendered":"https:\/\/kikimily.com.br\/?post_type=product&#038;p=6377"},"modified":"2025-03-12T12:12:18","modified_gmt":"2025-03-12T12:12:18","slug":"blusa-weef-tie-dye-infantil-menina","status":"publish","type":"product","link":"https:\/\/kikimily.com.br\/pt_br\/produto\/blusa-weef-tie-dye-infantil-menina\/","title":{"rendered":"Blusa Weef Tie Dye Infantil Menina"},"content":{"rendered":"<p>A <strong data-start=\"2\" data-end=\"40\">Blusa Weef Tie Dye Infantil Menina<\/strong> \u00e9 uma pe\u00e7a de roupa feminina, geralmente destinada a meninas, com estilo tie dye, que \u00e9 uma t\u00e9cnica de tingimento de tecidos que cria padr\u00f5es coloridos e irregulares. Esse estilo ficou muito popular nos \u00faltimos anos, trazendo um visual alegre e descolado.<\/p>\n<p>&nbsp;<\/p>\n<p>Tamanho<\/p>\n<p>4,6,8<\/p>\n<p>&nbsp;<\/p>\n<p>&nbsp;<\/p>\n<p>Composi\u00e7\u00e3o<\/p>\n<p>95% Algod\u00e3o<\/p>\n<p>5% Elastano<\/p>\n","protected":false},"excerpt":{"rendered":"<p>A Blusa Weef Tie Dye Infantil Menina \u00e9 uma pe\u00e7a de roupa feminina, geralmente destinada a meninas, com estilo tie dye, que \u00e9 uma t\u00e9cnica&#8230;<\/p>\n","protected":false},"featured_media":6380,"comment_status":"closed","ping_status":"closed","template":"","meta":[],"etheme_brands":[],"product_brand":[],"product_cat":[33,32],"product_tag":[],"class_list":{"0":"post-6377","1":"product","2":"type-product","3":"status-publish","4":"has-post-thumbnail","6":"product_cat-blusas-primavera-verao","7":"product_cat-menina","9":"first","10":"instock","11":"shipping-taxable","12":"purchasable","13":"product-type-variable"},"yoast_head":"<!-- This site is optimized with the Yoast SEO plugin v25.9 - https:\/\/yoast.com\/wordpress\/plugins\/seo\/ -->\n<title>Blusa Weef Tie Dye Infantil Menina - Kiki &amp; Mily<\/title>\n<meta name=\"robots\" content=\"index, follow, max-snippet:-1, max-image-preview:large, max-video-preview:-1\" \/>\n<link rel=\"canonical\" href=\"https:\/\/kikimily.com.br\/pt_br\/produto\/blusa-weef-tie-dye-infantil-menina\/\" \/>\n<meta property=\"og:locale\" content=\"pt_BR\" \/>\n<meta property=\"og:type\" content=\"article\" \/>\n<meta property=\"og:title\" content=\"Blusa Weef Tie Dye Infantil Menina - Kiki &amp; Mily\" \/>\n<meta property=\"og:description\" content=\"A Blusa Weef Tie Dye Infantil Menina \u00e9 uma pe\u00e7a de roupa feminina, geralmente destinada a meninas, com estilo tie dye, que \u00e9 uma t\u00e9cnica...\" \/>\n<meta property=\"og:url\" content=\"https:\/\/kikimily.com.br\/pt_br\/produto\/blusa-weef-tie-dye-infantil-menina\/\" \/>\n<meta property=\"og:site_name\" content=\"Kiki &amp; Mily\" \/>\n<meta property=\"og:image\" content=\"https:\/\/kikimily.com.br\/wp-content\/uploads\/Design-sem-nome-2024-08-01T073503.702-1.png\" \/>\n\t<meta property=\"og:image:width\" content=\"1000\" \/>\n\t<meta property=\"og:image:height\" content=\"1500\" \/>\n\t<meta property=\"og:image:type\" content=\"image\/png\" \/>\n<meta name=\"twitter:card\" content=\"summary_large_image\" \/>\n<script type=\"application\/ld+json\" class=\"yoast-schema-graph\">{\"@context\":\"https:\/\/schema.org\",\"@graph\":[{\"@type\":\"WebPage\",\"@id\":\"https:\/\/kikimily.com.br\/produto\/blusa-weef-tie-dye-infantil-menina\/\",\"url\":\"https:\/\/kikimily.com.br\/produto\/blusa-weef-tie-dye-infantil-menina\/\",\"name\":\"Blusa Weef Tie Dye Infantil Menina - Kiki &amp; Mily\",\"isPartOf\":{\"@id\":\"https:\/\/kikimily.com.br\/#website\"},\"primaryImageOfPage\":{\"@id\":\"https:\/\/kikimily.com.br\/produto\/blusa-weef-tie-dye-infantil-menina\/#primaryimage\"},\"image\":{\"@id\":\"https:\/\/kikimily.com.br\/produto\/blusa-weef-tie-dye-infantil-menina\/#primaryimage\"},\"thumbnailUrl\":\"https:\/\/kikimily.com.br\/wp-content\/uploads\/Design-sem-nome-2024-08-01T073503.702-1.png\",\"datePublished\":\"2025-03-12T12:12:18+00:00\",\"breadcrumb\":{\"@id\":\"https:\/\/kikimily.com.br\/produto\/blusa-weef-tie-dye-infantil-menina\/#breadcrumb\"},\"inLanguage\":\"pt-BR\",\"potentialAction\":[{\"@type\":\"ReadAction\",\"target\":[\"https:\/\/kikimily.com.br\/produto\/blusa-weef-tie-dye-infantil-menina\/\"]}]},{\"@type\":\"ImageObject\",\"inLanguage\":\"pt-BR\",\"@id\":\"https:\/\/kikimily.com.br\/produto\/blusa-weef-tie-dye-infantil-menina\/#primaryimage\",\"url\":\"https:\/\/kikimily.com.br\/wp-content\/uploads\/Design-sem-nome-2024-08-01T073503.702-1.png\",\"contentUrl\":\"https:\/\/kikimily.com.br\/wp-content\/uploads\/Design-sem-nome-2024-08-01T073503.702-1.png\",\"width\":1000,\"height\":1500},{\"@type\":\"BreadcrumbList\",\"@id\":\"https:\/\/kikimily.com.br\/produto\/blusa-weef-tie-dye-infantil-menina\/#breadcrumb\",\"itemListElement\":[{\"@type\":\"ListItem\",\"position\":1,\"name\":\"Home\",\"item\":\"https:\/\/kikimily.com.br\/\"},{\"@type\":\"ListItem\",\"position\":2,\"name\":\"Loja\",\"item\":\"https:\/\/kikimily.com.br\/loja\/\"},{\"@type\":\"ListItem\",\"position\":3,\"name\":\"Blusa Weef Tie Dye Infantil Menina\"}]},{\"@type\":\"WebSite\",\"@id\":\"https:\/\/kikimily.com.br\/#website\",\"url\":\"https:\/\/kikimily.com.br\/\",\"name\":\"Kiki & Mily\",\"description\":\"Moda infantil\",\"publisher\":{\"@id\":\"https:\/\/kikimily.com.br\/#organization\"},\"potentialAction\":[{\"@type\":\"SearchAction\",\"target\":{\"@type\":\"EntryPoint\",\"urlTemplate\":\"https:\/\/kikimily.com.br\/?s={search_term_string}\"},\"query-input\":{\"@type\":\"PropertyValueSpecification\",\"valueRequired\":true,\"valueName\":\"search_term_string\"}}],\"inLanguage\":\"pt-BR\"},{\"@type\":\"Organization\",\"@id\":\"https:\/\/kikimily.com.br\/#organization\",\"name\":\"Kiki & Mily\",\"url\":\"https:\/\/kikimily.com.br\/\",\"logo\":{\"@type\":\"ImageObject\",\"inLanguage\":\"pt-BR\",\"@id\":\"https:\/\/kikimily.com.br\/#\/schema\/logo\/image\/\",\"url\":\"https:\/\/kikimily.com.br\/wp-content\/uploads\/MENINAS-3-2.png\",\"contentUrl\":\"https:\/\/kikimily.com.br\/wp-content\/uploads\/MENINAS-3-2.png\",\"width\":1920,\"height\":768,\"caption\":\"Kiki & Mily\"},\"image\":{\"@id\":\"https:\/\/kikimily.com.br\/#\/schema\/logo\/image\/\"},\"sameAs\":[\"https:\/\/www.instagram.com\/kikimilyoficial\/\"]}]}<\/script>\n<!-- \/ Yoast SEO plugin. -->","yoast_head_json":{"title":"Blusa Weef Tie Dye Infantil Menina - Kiki &amp; Mily","robots":{"index":"index","follow":"follow","max-snippet":"max-snippet:-1","max-image-preview":"max-image-preview:large","max-video-preview":"max-video-preview:-1"},"canonical":"https:\/\/kikimily.com.br\/pt_br\/produto\/blusa-weef-tie-dye-infantil-menina\/","og_locale":"pt_BR","og_type":"article","og_title":"Blusa Weef Tie Dye Infantil Menina - Kiki &amp; Mily","og_description":"A Blusa Weef Tie Dye Infantil Menina \u00e9 uma pe\u00e7a de roupa feminina, geralmente destinada a meninas, com estilo tie dye, que \u00e9 uma t\u00e9cnica...","og_url":"https:\/\/kikimily.com.br\/pt_br\/produto\/blusa-weef-tie-dye-infantil-menina\/","og_site_name":"Kiki &amp; Mily","og_image":[{"width":1000,"height":1500,"url":"https:\/\/kikimily.com.br\/wp-content\/uploads\/Design-sem-nome-2024-08-01T073503.702-1.png","type":"image\/png"}],"twitter_card":"summary_large_image","schema":{"@context":"https:\/\/schema.org","@graph":[{"@type":"WebPage","@id":"https:\/\/kikimily.com.br\/produto\/blusa-weef-tie-dye-infantil-menina\/","url":"https:\/\/kikimily.com.br\/produto\/blusa-weef-tie-dye-infantil-menina\/","name":"Blusa Weef Tie Dye Infantil Menina - Kiki &amp; Mily","isPartOf":{"@id":"https:\/\/kikimily.com.br\/#website"},"primaryImageOfPage":{"@id":"https:\/\/kikimily.com.br\/produto\/blusa-weef-tie-dye-infantil-menina\/#primaryimage"},"image":{"@id":"https:\/\/kikimily.com.br\/produto\/blusa-weef-tie-dye-infantil-menina\/#primaryimage"},"thumbnailUrl":"https:\/\/kikimily.com.br\/wp-content\/uploads\/Design-sem-nome-2024-08-01T073503.702-1.png","datePublished":"2025-03-12T12:12:18+00:00","breadcrumb":{"@id":"https:\/\/kikimily.com.br\/produto\/blusa-weef-tie-dye-infantil-menina\/#breadcrumb"},"inLanguage":"pt-BR","potentialAction":[{"@type":"ReadAction","target":["https:\/\/kikimily.com.br\/produto\/blusa-weef-tie-dye-infantil-menina\/"]}]},{"@type":"ImageObject","inLanguage":"pt-BR","@id":"https:\/\/kikimily.com.br\/produto\/blusa-weef-tie-dye-infantil-menina\/#primaryimage","url":"https:\/\/kikimily.com.br\/wp-content\/uploads\/Design-sem-nome-2024-08-01T073503.702-1.png","contentUrl":"https:\/\/kikimily.com.br\/wp-content\/uploads\/Design-sem-nome-2024-08-01T073503.702-1.png","width":1000,"height":1500},{"@type":"BreadcrumbList","@id":"https:\/\/kikimily.com.br\/produto\/blusa-weef-tie-dye-infantil-menina\/#breadcrumb","itemListElement":[{"@type":"ListItem","position":1,"name":"Home","item":"https:\/\/kikimily.com.br\/"},{"@type":"ListItem","position":2,"name":"Loja","item":"https:\/\/kikimily.com.br\/loja\/"},{"@type":"ListItem","position":3,"name":"Blusa Weef Tie Dye Infantil Menina"}]},{"@type":"WebSite","@id":"https:\/\/kikimily.com.br\/#website","url":"https:\/\/kikimily.com.br\/","name":"Kiki & Mily","description":"Moda infantil","publisher":{"@id":"https:\/\/kikimily.com.br\/#organization"},"potentialAction":[{"@type":"SearchAction","target":{"@type":"EntryPoint","urlTemplate":"https:\/\/kikimily.com.br\/?s={search_term_string}"},"query-input":{"@type":"PropertyValueSpecification","valueRequired":true,"valueName":"search_term_string"}}],"inLanguage":"pt-BR"},{"@type":"Organization","@id":"https:\/\/kikimily.com.br\/#organization","name":"Kiki & Mily","url":"https:\/\/kikimily.com.br\/","logo":{"@type":"ImageObject","inLanguage":"pt-BR","@id":"https:\/\/kikimily.com.br\/#\/schema\/logo\/image\/","url":"https:\/\/kikimily.com.br\/wp-content\/uploads\/MENINAS-3-2.png","contentUrl":"https:\/\/kikimily.com.br\/wp-content\/uploads\/MENINAS-3-2.png","width":1920,"height":768,"caption":"Kiki & Mily"},"image":{"@id":"https:\/\/kikimily.com.br\/#\/schema\/logo\/image\/"},"sameAs":["https:\/\/www.instagram.com\/kikimilyoficial\/"]}]}},"_links":{"self":[{"href":"https:\/\/kikimily.com.br\/pt_br\/wp-json\/wp\/v2\/product\/6377","targetHints":{"allow":["GET"]}}],"collection":[{"href":"https:\/\/kikimily.com.br\/pt_br\/wp-json\/wp\/v2\/product"}],"about":[{"href":"https:\/\/kikimily.com.br\/pt_br\/wp-json\/wp\/v2\/types\/product"}],"replies":[{"embeddable":true,"href":"https:\/\/kikimily.com.br\/pt_br\/wp-json\/wp\/v2\/comments?post=6377"}],"wp:featuredmedia":[{"embeddable":true,"href":"https:\/\/kikimily.com.br\/pt_br\/wp-json\/wp\/v2\/media\/6380"}],"wp:attachment":[{"href":"https:\/\/kikimily.com.br\/pt_br\/wp-json\/wp\/v2\/media?parent=6377"}],"wp:term":[{"taxonomy":"brand","embeddable":true,"href":"https:\/\/kikimily.com.br\/pt_br\/wp-json\/wp\/v2\/etheme_brands?post=6377"},{"taxonomy":"product_brand","embeddable":true,"href":"https:\/\/kikimily.com.br\/pt_br\/wp-json\/wp\/v2\/product_brand?post=6377"},{"taxonomy":"product_cat","embeddable":true,"href":"https:\/\/kikimily.com.br\/pt_br\/wp-json\/wp\/v2\/product_cat?post=6377"},{"taxonomy":"product_tag","embeddable":true,"href":"https:\/\/kikimily.com.br\/pt_br\/wp-json\/wp\/v2\/product_tag?post=6377"}],"curies":[{"name":"wp","href":"https:\/\/api.w.org\/{rel}","templated":true}]}}