{"id":6465,"date":"2025-03-12T13:58:26","date_gmt":"2025-03-12T13:58:26","guid":{"rendered":"https:\/\/kikimily.com.br\/?post_type=product&#038;p=6465"},"modified":"2025-03-12T13:58:26","modified_gmt":"2025-03-12T13:58:26","slug":"conjunto-social-listrado-infantil-menino","status":"publish","type":"product","link":"https:\/\/kikimily.com.br\/pt_br\/produto\/conjunto-social-listrado-infantil-menino\/","title":{"rendered":"Conjunto Social Listrado Infantil Menino"},"content":{"rendered":"<p>O <strong data-start=\"2\" data-end=\"46\">Conjunto Social Listrado Infantil Menino<\/strong> \u00e9 uma \u00f3tima escolha para eventos formais, como casamentos, festas de anivers\u00e1rio ou outras ocasi\u00f5es que exigem um look mais sofisticado, mas ainda adequado para crian\u00e7as. Com listras finas e elegantes, o conjunto traz um toque cl\u00e1ssico e moderno ao mesmo tempo.<\/p>\n<p>&nbsp;<\/p>\n<p>Tamanho<\/p>\n<p>4,6,8,10<\/p>\n","protected":false},"excerpt":{"rendered":"<p>O Conjunto Social Listrado Infantil Menino \u00e9 uma \u00f3tima escolha para eventos formais, como casamentos, festas de anivers\u00e1rio ou outras ocasi\u00f5es que exigem um look&#8230;<\/p>\n","protected":false},"featured_media":6469,"comment_status":"closed","ping_status":"closed","template":"","meta":[],"etheme_brands":[],"product_brand":[],"product_cat":[41,23],"product_tag":[],"class_list":{"0":"post-6465","1":"product","2":"type-product","3":"status-publish","4":"has-post-thumbnail","6":"product_cat-conjuntos-primavera-verao-menino","7":"product_cat-menino","9":"first","10":"instock","11":"shipping-taxable","12":"purchasable","13":"product-type-variable"},"yoast_head":"<!-- This site is optimized with the Yoast SEO plugin v25.9 - https:\/\/yoast.com\/wordpress\/plugins\/seo\/ -->\n<title>Conjunto Social Listrado Infantil Menino - Kiki &amp; Mily<\/title>\n<meta name=\"robots\" content=\"index, follow, max-snippet:-1, max-image-preview:large, max-video-preview:-1\" \/>\n<link rel=\"canonical\" href=\"https:\/\/kikimily.com.br\/pt_br\/produto\/conjunto-social-listrado-infantil-menino\/\" \/>\n<meta property=\"og:locale\" content=\"pt_BR\" \/>\n<meta property=\"og:type\" content=\"article\" \/>\n<meta property=\"og:title\" content=\"Conjunto Social Listrado Infantil Menino - Kiki &amp; Mily\" \/>\n<meta property=\"og:description\" content=\"O Conjunto Social Listrado Infantil Menino \u00e9 uma \u00f3tima escolha para eventos formais, como casamentos, festas de anivers\u00e1rio ou outras ocasi\u00f5es que exigem um look...\" \/>\n<meta property=\"og:url\" content=\"https:\/\/kikimily.com.br\/pt_br\/produto\/conjunto-social-listrado-infantil-menino\/\" \/>\n<meta property=\"og:site_name\" content=\"Kiki &amp; Mily\" \/>\n<meta property=\"og:image\" content=\"https:\/\/kikimily.com.br\/wp-content\/uploads\/Fundos-para-fotos-meninos-2025-03-12T105002.129.png\" \/>\n\t<meta property=\"og:image:width\" content=\"1000\" \/>\n\t<meta property=\"og:image:height\" content=\"1500\" \/>\n\t<meta property=\"og:image:type\" content=\"image\/png\" \/>\n<meta name=\"twitter:card\" content=\"summary_large_image\" \/>\n<script type=\"application\/ld+json\" class=\"yoast-schema-graph\">{\"@context\":\"https:\/\/schema.org\",\"@graph\":[{\"@type\":\"WebPage\",\"@id\":\"https:\/\/kikimily.com.br\/produto\/conjunto-social-listrado-infantil-menino\/\",\"url\":\"https:\/\/kikimily.com.br\/produto\/conjunto-social-listrado-infantil-menino\/\",\"name\":\"Conjunto Social Listrado Infantil Menino - Kiki &amp; Mily\",\"isPartOf\":{\"@id\":\"https:\/\/kikimily.com.br\/#website\"},\"primaryImageOfPage\":{\"@id\":\"https:\/\/kikimily.com.br\/produto\/conjunto-social-listrado-infantil-menino\/#primaryimage\"},\"image\":{\"@id\":\"https:\/\/kikimily.com.br\/produto\/conjunto-social-listrado-infantil-menino\/#primaryimage\"},\"thumbnailUrl\":\"https:\/\/kikimily.com.br\/wp-content\/uploads\/Fundos-para-fotos-meninos-2025-03-12T105002.129.png\",\"datePublished\":\"2025-03-12T13:58:26+00:00\",\"breadcrumb\":{\"@id\":\"https:\/\/kikimily.com.br\/produto\/conjunto-social-listrado-infantil-menino\/#breadcrumb\"},\"inLanguage\":\"pt-BR\",\"potentialAction\":[{\"@type\":\"ReadAction\",\"target\":[\"https:\/\/kikimily.com.br\/produto\/conjunto-social-listrado-infantil-menino\/\"]}]},{\"@type\":\"ImageObject\",\"inLanguage\":\"pt-BR\",\"@id\":\"https:\/\/kikimily.com.br\/produto\/conjunto-social-listrado-infantil-menino\/#primaryimage\",\"url\":\"https:\/\/kikimily.com.br\/wp-content\/uploads\/Fundos-para-fotos-meninos-2025-03-12T105002.129.png\",\"contentUrl\":\"https:\/\/kikimily.com.br\/wp-content\/uploads\/Fundos-para-fotos-meninos-2025-03-12T105002.129.png\",\"width\":1000,\"height\":1500},{\"@type\":\"BreadcrumbList\",\"@id\":\"https:\/\/kikimily.com.br\/produto\/conjunto-social-listrado-infantil-menino\/#breadcrumb\",\"itemListElement\":[{\"@type\":\"ListItem\",\"position\":1,\"name\":\"Home\",\"item\":\"https:\/\/kikimily.com.br\/\"},{\"@type\":\"ListItem\",\"position\":2,\"name\":\"Loja\",\"item\":\"https:\/\/kikimily.com.br\/loja\/\"},{\"@type\":\"ListItem\",\"position\":3,\"name\":\"Conjunto Social Listrado Infantil Menino\"}]},{\"@type\":\"WebSite\",\"@id\":\"https:\/\/kikimily.com.br\/#website\",\"url\":\"https:\/\/kikimily.com.br\/\",\"name\":\"Kiki & Mily\",\"description\":\"Moda infantil\",\"publisher\":{\"@id\":\"https:\/\/kikimily.com.br\/#organization\"},\"potentialAction\":[{\"@type\":\"SearchAction\",\"target\":{\"@type\":\"EntryPoint\",\"urlTemplate\":\"https:\/\/kikimily.com.br\/?s={search_term_string}\"},\"query-input\":{\"@type\":\"PropertyValueSpecification\",\"valueRequired\":true,\"valueName\":\"search_term_string\"}}],\"inLanguage\":\"pt-BR\"},{\"@type\":\"Organization\",\"@id\":\"https:\/\/kikimily.com.br\/#organization\",\"name\":\"Kiki & Mily\",\"url\":\"https:\/\/kikimily.com.br\/\",\"logo\":{\"@type\":\"ImageObject\",\"inLanguage\":\"pt-BR\",\"@id\":\"https:\/\/kikimily.com.br\/#\/schema\/logo\/image\/\",\"url\":\"https:\/\/kikimily.com.br\/wp-content\/uploads\/MENINAS-3-2.png\",\"contentUrl\":\"https:\/\/kikimily.com.br\/wp-content\/uploads\/MENINAS-3-2.png\",\"width\":1920,\"height\":768,\"caption\":\"Kiki & Mily\"},\"image\":{\"@id\":\"https:\/\/kikimily.com.br\/#\/schema\/logo\/image\/\"},\"sameAs\":[\"https:\/\/www.instagram.com\/kikimilyoficial\/\"]}]}<\/script>\n<!-- \/ Yoast SEO plugin. -->","yoast_head_json":{"title":"Conjunto Social Listrado Infantil Menino - Kiki &amp; Mily","robots":{"index":"index","follow":"follow","max-snippet":"max-snippet:-1","max-image-preview":"max-image-preview:large","max-video-preview":"max-video-preview:-1"},"canonical":"https:\/\/kikimily.com.br\/pt_br\/produto\/conjunto-social-listrado-infantil-menino\/","og_locale":"pt_BR","og_type":"article","og_title":"Conjunto Social Listrado Infantil Menino - Kiki &amp; Mily","og_description":"O Conjunto Social Listrado Infantil Menino \u00e9 uma \u00f3tima escolha para eventos formais, como casamentos, festas de anivers\u00e1rio ou outras ocasi\u00f5es que exigem um look...","og_url":"https:\/\/kikimily.com.br\/pt_br\/produto\/conjunto-social-listrado-infantil-menino\/","og_site_name":"Kiki &amp; Mily","og_image":[{"width":1000,"height":1500,"url":"https:\/\/kikimily.com.br\/wp-content\/uploads\/Fundos-para-fotos-meninos-2025-03-12T105002.129.png","type":"image\/png"}],"twitter_card":"summary_large_image","schema":{"@context":"https:\/\/schema.org","@graph":[{"@type":"WebPage","@id":"https:\/\/kikimily.com.br\/produto\/conjunto-social-listrado-infantil-menino\/","url":"https:\/\/kikimily.com.br\/produto\/conjunto-social-listrado-infantil-menino\/","name":"Conjunto Social Listrado Infantil Menino - Kiki &amp; Mily","isPartOf":{"@id":"https:\/\/kikimily.com.br\/#website"},"primaryImageOfPage":{"@id":"https:\/\/kikimily.com.br\/produto\/conjunto-social-listrado-infantil-menino\/#primaryimage"},"image":{"@id":"https:\/\/kikimily.com.br\/produto\/conjunto-social-listrado-infantil-menino\/#primaryimage"},"thumbnailUrl":"https:\/\/kikimily.com.br\/wp-content\/uploads\/Fundos-para-fotos-meninos-2025-03-12T105002.129.png","datePublished":"2025-03-12T13:58:26+00:00","breadcrumb":{"@id":"https:\/\/kikimily.com.br\/produto\/conjunto-social-listrado-infantil-menino\/#breadcrumb"},"inLanguage":"pt-BR","potentialAction":[{"@type":"ReadAction","target":["https:\/\/kikimily.com.br\/produto\/conjunto-social-listrado-infantil-menino\/"]}]},{"@type":"ImageObject","inLanguage":"pt-BR","@id":"https:\/\/kikimily.com.br\/produto\/conjunto-social-listrado-infantil-menino\/#primaryimage","url":"https:\/\/kikimily.com.br\/wp-content\/uploads\/Fundos-para-fotos-meninos-2025-03-12T105002.129.png","contentUrl":"https:\/\/kikimily.com.br\/wp-content\/uploads\/Fundos-para-fotos-meninos-2025-03-12T105002.129.png","width":1000,"height":1500},{"@type":"BreadcrumbList","@id":"https:\/\/kikimily.com.br\/produto\/conjunto-social-listrado-infantil-menino\/#breadcrumb","itemListElement":[{"@type":"ListItem","position":1,"name":"Home","item":"https:\/\/kikimily.com.br\/"},{"@type":"ListItem","position":2,"name":"Loja","item":"https:\/\/kikimily.com.br\/loja\/"},{"@type":"ListItem","position":3,"name":"Conjunto Social Listrado Infantil Menino"}]},{"@type":"WebSite","@id":"https:\/\/kikimily.com.br\/#website","url":"https:\/\/kikimily.com.br\/","name":"Kiki & Mily","description":"Moda infantil","publisher":{"@id":"https:\/\/kikimily.com.br\/#organization"},"potentialAction":[{"@type":"SearchAction","target":{"@type":"EntryPoint","urlTemplate":"https:\/\/kikimily.com.br\/?s={search_term_string}"},"query-input":{"@type":"PropertyValueSpecification","valueRequired":true,"valueName":"search_term_string"}}],"inLanguage":"pt-BR"},{"@type":"Organization","@id":"https:\/\/kikimily.com.br\/#organization","name":"Kiki & Mily","url":"https:\/\/kikimily.com.br\/","logo":{"@type":"ImageObject","inLanguage":"pt-BR","@id":"https:\/\/kikimily.com.br\/#\/schema\/logo\/image\/","url":"https:\/\/kikimily.com.br\/wp-content\/uploads\/MENINAS-3-2.png","contentUrl":"https:\/\/kikimily.com.br\/wp-content\/uploads\/MENINAS-3-2.png","width":1920,"height":768,"caption":"Kiki & Mily"},"image":{"@id":"https:\/\/kikimily.com.br\/#\/schema\/logo\/image\/"},"sameAs":["https:\/\/www.instagram.com\/kikimilyoficial\/"]}]}},"_links":{"self":[{"href":"https:\/\/kikimily.com.br\/pt_br\/wp-json\/wp\/v2\/product\/6465","targetHints":{"allow":["GET"]}}],"collection":[{"href":"https:\/\/kikimily.com.br\/pt_br\/wp-json\/wp\/v2\/product"}],"about":[{"href":"https:\/\/kikimily.com.br\/pt_br\/wp-json\/wp\/v2\/types\/product"}],"replies":[{"embeddable":true,"href":"https:\/\/kikimily.com.br\/pt_br\/wp-json\/wp\/v2\/comments?post=6465"}],"wp:featuredmedia":[{"embeddable":true,"href":"https:\/\/kikimily.com.br\/pt_br\/wp-json\/wp\/v2\/media\/6469"}],"wp:attachment":[{"href":"https:\/\/kikimily.com.br\/pt_br\/wp-json\/wp\/v2\/media?parent=6465"}],"wp:term":[{"taxonomy":"brand","embeddable":true,"href":"https:\/\/kikimily.com.br\/pt_br\/wp-json\/wp\/v2\/etheme_brands?post=6465"},{"taxonomy":"product_brand","embeddable":true,"href":"https:\/\/kikimily.com.br\/pt_br\/wp-json\/wp\/v2\/product_brand?post=6465"},{"taxonomy":"product_cat","embeddable":true,"href":"https:\/\/kikimily.com.br\/pt_br\/wp-json\/wp\/v2\/product_cat?post=6465"},{"taxonomy":"product_tag","embeddable":true,"href":"https:\/\/kikimily.com.br\/pt_br\/wp-json\/wp\/v2\/product_tag?post=6465"}],"curies":[{"name":"wp","href":"https:\/\/api.w.org\/{rel}","templated":true}]}}