{"id":7313,"date":"2025-05-06T18:51:42","date_gmt":"2025-05-06T18:51:42","guid":{"rendered":"https:\/\/kikimily.com.br\/?post_type=product&#038;p=7313"},"modified":"2025-09-12T19:43:42","modified_gmt":"2025-09-12T19:43:42","slug":"vestido-tule-color-baby-menina","status":"publish","type":"product","link":"https:\/\/kikimily.com.br\/pt_br\/produto\/vestido-tule-color-baby-menina\/","title":{"rendered":"Vestido Tule Color Baby Menina"},"content":{"rendered":"<p>\u200b<span class=\"relative -mx-px my-[-0.2rem] rounded px-px py-[0.2rem]\">Os vestidos de tule colorido para meninas s\u00e3o pe\u00e7as encantadoras, ideais para ocasi\u00f5es especiais como festas, batizados ou sess\u00f5es de fotos.<\/span> <span class=\"relative -mx-px my-[-0.2rem] rounded px-px py-[0.2rem]\">Confeccionados com materiais delicados e detalhes sofisticados, esses vestidos oferecem conforto e estilo para as pequenas.<\/span><\/p>\n<p>&nbsp;<\/p>\n<p>Tamanho<\/p>\n<p>1,2,3<\/p>\n<p>&nbsp;<\/p>\n<p>Composi\u00e7\u00e3o<\/p>\n<p>95%\u00a0 Algod\u00e3o<\/p>\n<p>5% Elastano<\/p>\n","protected":false},"excerpt":{"rendered":"<p>\u200bOs vestidos de tule colorido para meninas s\u00e3o pe\u00e7as encantadoras, ideais para ocasi\u00f5es especiais como festas, batizados ou sess\u00f5es de fotos. Confeccionados com materiais delicados&#8230;<\/p>\n","protected":false},"featured_media":7317,"comment_status":"closed","ping_status":"closed","template":"","meta":[],"etheme_brands":[],"product_brand":[],"product_cat":[39,73],"product_tag":[],"class_list":{"0":"post-7313","1":"product","2":"type-product","3":"status-publish","4":"has-post-thumbnail","6":"product_cat-baby","7":"product_cat-vestido","9":"first","10":"instock","11":"shipping-taxable","12":"purchasable","13":"product-type-variable"},"yoast_head":"<!-- This site is optimized with the Yoast SEO plugin v25.9 - https:\/\/yoast.com\/wordpress\/plugins\/seo\/ -->\n<title>Vestido Tule Color Baby Menina - Kiki &amp; Mily<\/title>\n<meta name=\"description\" content=\"\u200bOs vestidos de tule colorido para meninas s\u00e3o pe\u00e7as encantadoras, ideais para ocasi\u00f5es especiais como festas, batizados ou sess\u00f5es de fotos.\" \/>\n<meta name=\"robots\" content=\"index, follow, max-snippet:-1, max-image-preview:large, max-video-preview:-1\" \/>\n<link rel=\"canonical\" href=\"https:\/\/kikimily.com.br\/pt_br\/produto\/vestido-tule-color-baby-menina\/\" \/>\n<meta property=\"og:locale\" content=\"pt_BR\" \/>\n<meta property=\"og:type\" content=\"article\" \/>\n<meta property=\"og:title\" content=\"Vestido Tule Color Baby Menina - Kiki &amp; Mily\" \/>\n<meta property=\"og:description\" content=\"\u200bOs vestidos de tule colorido para meninas s\u00e3o pe\u00e7as encantadoras, ideais para ocasi\u00f5es especiais como festas, batizados ou sess\u00f5es de fotos.\" \/>\n<meta property=\"og:url\" content=\"https:\/\/kikimily.com.br\/pt_br\/produto\/vestido-tule-color-baby-menina\/\" \/>\n<meta property=\"og:site_name\" content=\"Kiki &amp; Mily\" \/>\n<meta property=\"article:modified_time\" content=\"2025-09-12T19:43:42+00:00\" \/>\n<meta property=\"og:image\" content=\"https:\/\/kikimily.com.br\/wp-content\/uploads\/Design-sem-nome-2025-05-05T115613.359.png\" \/>\n\t<meta property=\"og:image:width\" content=\"1414\" \/>\n\t<meta property=\"og:image:height\" content=\"2000\" \/>\n\t<meta property=\"og:image:type\" content=\"image\/png\" \/>\n<meta name=\"twitter:card\" content=\"summary_large_image\" \/>\n<meta name=\"twitter:label1\" content=\"Est. tempo de leitura\" \/>\n\t<meta name=\"twitter:data1\" content=\"1 minuto\" \/>\n<script type=\"application\/ld+json\" class=\"yoast-schema-graph\">{\"@context\":\"https:\/\/schema.org\",\"@graph\":[{\"@type\":\"WebPage\",\"@id\":\"https:\/\/kikimily.com.br\/produto\/vestido-tule-color-baby-menina\/\",\"url\":\"https:\/\/kikimily.com.br\/produto\/vestido-tule-color-baby-menina\/\",\"name\":\"Vestido Tule Color Baby Menina - Kiki &amp; Mily\",\"isPartOf\":{\"@id\":\"https:\/\/kikimily.com.br\/#website\"},\"primaryImageOfPage\":{\"@id\":\"https:\/\/kikimily.com.br\/produto\/vestido-tule-color-baby-menina\/#primaryimage\"},\"image\":{\"@id\":\"https:\/\/kikimily.com.br\/produto\/vestido-tule-color-baby-menina\/#primaryimage\"},\"thumbnailUrl\":\"https:\/\/kikimily.com.br\/wp-content\/uploads\/Design-sem-nome-2025-05-05T115613.359.png\",\"datePublished\":\"2025-05-06T18:51:42+00:00\",\"dateModified\":\"2025-09-12T19:43:42+00:00\",\"description\":\"\u200bOs vestidos de tule colorido para meninas s\u00e3o pe\u00e7as encantadoras, ideais para ocasi\u00f5es especiais como festas, batizados ou sess\u00f5es de fotos.\",\"breadcrumb\":{\"@id\":\"https:\/\/kikimily.com.br\/produto\/vestido-tule-color-baby-menina\/#breadcrumb\"},\"inLanguage\":\"pt-BR\",\"potentialAction\":[{\"@type\":\"ReadAction\",\"target\":[\"https:\/\/kikimily.com.br\/produto\/vestido-tule-color-baby-menina\/\"]}]},{\"@type\":\"ImageObject\",\"inLanguage\":\"pt-BR\",\"@id\":\"https:\/\/kikimily.com.br\/produto\/vestido-tule-color-baby-menina\/#primaryimage\",\"url\":\"https:\/\/kikimily.com.br\/wp-content\/uploads\/Design-sem-nome-2025-05-05T115613.359.png\",\"contentUrl\":\"https:\/\/kikimily.com.br\/wp-content\/uploads\/Design-sem-nome-2025-05-05T115613.359.png\",\"width\":1414,\"height\":2000},{\"@type\":\"BreadcrumbList\",\"@id\":\"https:\/\/kikimily.com.br\/produto\/vestido-tule-color-baby-menina\/#breadcrumb\",\"itemListElement\":[{\"@type\":\"ListItem\",\"position\":1,\"name\":\"Home\",\"item\":\"https:\/\/kikimily.com.br\/\"},{\"@type\":\"ListItem\",\"position\":2,\"name\":\"Loja\",\"item\":\"https:\/\/kikimily.com.br\/loja\/\"},{\"@type\":\"ListItem\",\"position\":3,\"name\":\"Vestido Tule Color Baby Menina\"}]},{\"@type\":\"WebSite\",\"@id\":\"https:\/\/kikimily.com.br\/#website\",\"url\":\"https:\/\/kikimily.com.br\/\",\"name\":\"Kiki & Mily\",\"description\":\"Moda infantil\",\"publisher\":{\"@id\":\"https:\/\/kikimily.com.br\/#organization\"},\"potentialAction\":[{\"@type\":\"SearchAction\",\"target\":{\"@type\":\"EntryPoint\",\"urlTemplate\":\"https:\/\/kikimily.com.br\/?s={search_term_string}\"},\"query-input\":{\"@type\":\"PropertyValueSpecification\",\"valueRequired\":true,\"valueName\":\"search_term_string\"}}],\"inLanguage\":\"pt-BR\"},{\"@type\":\"Organization\",\"@id\":\"https:\/\/kikimily.com.br\/#organization\",\"name\":\"Kiki & Mily\",\"url\":\"https:\/\/kikimily.com.br\/\",\"logo\":{\"@type\":\"ImageObject\",\"inLanguage\":\"pt-BR\",\"@id\":\"https:\/\/kikimily.com.br\/#\/schema\/logo\/image\/\",\"url\":\"https:\/\/kikimily.com.br\/wp-content\/uploads\/MENINAS-3-2.png\",\"contentUrl\":\"https:\/\/kikimily.com.br\/wp-content\/uploads\/MENINAS-3-2.png\",\"width\":1920,\"height\":768,\"caption\":\"Kiki & Mily\"},\"image\":{\"@id\":\"https:\/\/kikimily.com.br\/#\/schema\/logo\/image\/\"},\"sameAs\":[\"https:\/\/www.instagram.com\/kikimilyoficial\/\"]}]}<\/script>\n<!-- \/ Yoast SEO plugin. -->","yoast_head_json":{"title":"Vestido Tule Color Baby Menina - Kiki &amp; Mily","description":"\u200bOs vestidos de tule colorido para meninas s\u00e3o pe\u00e7as encantadoras, ideais para ocasi\u00f5es especiais como festas, batizados ou sess\u00f5es de fotos.","robots":{"index":"index","follow":"follow","max-snippet":"max-snippet:-1","max-image-preview":"max-image-preview:large","max-video-preview":"max-video-preview:-1"},"canonical":"https:\/\/kikimily.com.br\/pt_br\/produto\/vestido-tule-color-baby-menina\/","og_locale":"pt_BR","og_type":"article","og_title":"Vestido Tule Color Baby Menina - Kiki &amp; Mily","og_description":"\u200bOs vestidos de tule colorido para meninas s\u00e3o pe\u00e7as encantadoras, ideais para ocasi\u00f5es especiais como festas, batizados ou sess\u00f5es de fotos.","og_url":"https:\/\/kikimily.com.br\/pt_br\/produto\/vestido-tule-color-baby-menina\/","og_site_name":"Kiki &amp; Mily","article_modified_time":"2025-09-12T19:43:42+00:00","og_image":[{"width":1414,"height":2000,"url":"https:\/\/kikimily.com.br\/wp-content\/uploads\/Design-sem-nome-2025-05-05T115613.359.png","type":"image\/png"}],"twitter_card":"summary_large_image","twitter_misc":{"Est. tempo de leitura":"1 minuto"},"schema":{"@context":"https:\/\/schema.org","@graph":[{"@type":"WebPage","@id":"https:\/\/kikimily.com.br\/produto\/vestido-tule-color-baby-menina\/","url":"https:\/\/kikimily.com.br\/produto\/vestido-tule-color-baby-menina\/","name":"Vestido Tule Color Baby Menina - Kiki &amp; Mily","isPartOf":{"@id":"https:\/\/kikimily.com.br\/#website"},"primaryImageOfPage":{"@id":"https:\/\/kikimily.com.br\/produto\/vestido-tule-color-baby-menina\/#primaryimage"},"image":{"@id":"https:\/\/kikimily.com.br\/produto\/vestido-tule-color-baby-menina\/#primaryimage"},"thumbnailUrl":"https:\/\/kikimily.com.br\/wp-content\/uploads\/Design-sem-nome-2025-05-05T115613.359.png","datePublished":"2025-05-06T18:51:42+00:00","dateModified":"2025-09-12T19:43:42+00:00","description":"\u200bOs vestidos de tule colorido para meninas s\u00e3o pe\u00e7as encantadoras, ideais para ocasi\u00f5es especiais como festas, batizados ou sess\u00f5es de fotos.","breadcrumb":{"@id":"https:\/\/kikimily.com.br\/produto\/vestido-tule-color-baby-menina\/#breadcrumb"},"inLanguage":"pt-BR","potentialAction":[{"@type":"ReadAction","target":["https:\/\/kikimily.com.br\/produto\/vestido-tule-color-baby-menina\/"]}]},{"@type":"ImageObject","inLanguage":"pt-BR","@id":"https:\/\/kikimily.com.br\/produto\/vestido-tule-color-baby-menina\/#primaryimage","url":"https:\/\/kikimily.com.br\/wp-content\/uploads\/Design-sem-nome-2025-05-05T115613.359.png","contentUrl":"https:\/\/kikimily.com.br\/wp-content\/uploads\/Design-sem-nome-2025-05-05T115613.359.png","width":1414,"height":2000},{"@type":"BreadcrumbList","@id":"https:\/\/kikimily.com.br\/produto\/vestido-tule-color-baby-menina\/#breadcrumb","itemListElement":[{"@type":"ListItem","position":1,"name":"Home","item":"https:\/\/kikimily.com.br\/"},{"@type":"ListItem","position":2,"name":"Loja","item":"https:\/\/kikimily.com.br\/loja\/"},{"@type":"ListItem","position":3,"name":"Vestido Tule Color Baby Menina"}]},{"@type":"WebSite","@id":"https:\/\/kikimily.com.br\/#website","url":"https:\/\/kikimily.com.br\/","name":"Kiki & Mily","description":"Moda infantil","publisher":{"@id":"https:\/\/kikimily.com.br\/#organization"},"potentialAction":[{"@type":"SearchAction","target":{"@type":"EntryPoint","urlTemplate":"https:\/\/kikimily.com.br\/?s={search_term_string}"},"query-input":{"@type":"PropertyValueSpecification","valueRequired":true,"valueName":"search_term_string"}}],"inLanguage":"pt-BR"},{"@type":"Organization","@id":"https:\/\/kikimily.com.br\/#organization","name":"Kiki & Mily","url":"https:\/\/kikimily.com.br\/","logo":{"@type":"ImageObject","inLanguage":"pt-BR","@id":"https:\/\/kikimily.com.br\/#\/schema\/logo\/image\/","url":"https:\/\/kikimily.com.br\/wp-content\/uploads\/MENINAS-3-2.png","contentUrl":"https:\/\/kikimily.com.br\/wp-content\/uploads\/MENINAS-3-2.png","width":1920,"height":768,"caption":"Kiki & Mily"},"image":{"@id":"https:\/\/kikimily.com.br\/#\/schema\/logo\/image\/"},"sameAs":["https:\/\/www.instagram.com\/kikimilyoficial\/"]}]}},"_links":{"self":[{"href":"https:\/\/kikimily.com.br\/pt_br\/wp-json\/wp\/v2\/product\/7313","targetHints":{"allow":["GET"]}}],"collection":[{"href":"https:\/\/kikimily.com.br\/pt_br\/wp-json\/wp\/v2\/product"}],"about":[{"href":"https:\/\/kikimily.com.br\/pt_br\/wp-json\/wp\/v2\/types\/product"}],"replies":[{"embeddable":true,"href":"https:\/\/kikimily.com.br\/pt_br\/wp-json\/wp\/v2\/comments?post=7313"}],"wp:featuredmedia":[{"embeddable":true,"href":"https:\/\/kikimily.com.br\/pt_br\/wp-json\/wp\/v2\/media\/7317"}],"wp:attachment":[{"href":"https:\/\/kikimily.com.br\/pt_br\/wp-json\/wp\/v2\/media?parent=7313"}],"wp:term":[{"taxonomy":"brand","embeddable":true,"href":"https:\/\/kikimily.com.br\/pt_br\/wp-json\/wp\/v2\/etheme_brands?post=7313"},{"taxonomy":"product_brand","embeddable":true,"href":"https:\/\/kikimily.com.br\/pt_br\/wp-json\/wp\/v2\/product_brand?post=7313"},{"taxonomy":"product_cat","embeddable":true,"href":"https:\/\/kikimily.com.br\/pt_br\/wp-json\/wp\/v2\/product_cat?post=7313"},{"taxonomy":"product_tag","embeddable":true,"href":"https:\/\/kikimily.com.br\/pt_br\/wp-json\/wp\/v2\/product_tag?post=7313"}],"curies":[{"name":"wp","href":"https:\/\/api.w.org\/{rel}","templated":true}]}}