{"id":7438,"date":"2025-05-16T17:02:16","date_gmt":"2025-05-16T17:02:16","guid":{"rendered":"https:\/\/kikimily.com.br\/?post_type=product&#038;p=7438"},"modified":"2025-06-17T12:02:27","modified_gmt":"2025-06-17T12:02:27","slug":"camiseta-gola-polo-listrado-color-infantil-menino","status":"publish","type":"product","link":"https:\/\/kikimily.com.br\/pt_br\/produto\/camiseta-gola-polo-listrado-color-infantil-menino\/","title":{"rendered":"Camiseta Gola Polo Listrado Color Infantil Menino"},"content":{"rendered":"<h3 class=\"\" data-start=\"128\" data-end=\"199\">Camiseta Gola Polo Listrada Colorida \u2013 Infantil Menino<\/h3>\n<p class=\"\" data-start=\"201\" data-end=\"503\">A <strong data-start=\"203\" data-end=\"259\">Camiseta Gola Polo Listrada Colorida Infantil Menino<\/strong> \u00e9 a escolha ideal para um visual estiloso, moderno e confort\u00e1vel. Com um design atemporal e divertido, essa pe\u00e7a une o cl\u00e1ssico da gola polo com o charme das <strong data-start=\"418\" data-end=\"448\">listras em cores vibrantes<\/strong>, perfeitas para destacar a personalidade dos pequenos.<\/p>\n<p class=\"\" data-start=\"505\" data-end=\"784\">Confeccionada em <strong data-start=\"522\" data-end=\"548\">malha macia de algod\u00e3o<\/strong> ou mistura com poli\u00e9ster, oferece um toque suave na pele e \u00f3tima respirabilidade, ideal para o uso di\u00e1rio ou ocasi\u00f5es especiais. A <strong data-start=\"680\" data-end=\"725\">gola tradicional com fechamento em bot\u00f5es<\/strong> facilita na hora de vestir e d\u00e1 um ar arrumadinho ao look.<\/p>\n<p class=\"\" data-start=\"786\" data-end=\"900\">Essa camiseta combina perfeitamente com bermudas, cal\u00e7as ou jeans, sendo uma pe\u00e7a vers\u00e1til para todas as esta\u00e7\u00f5es.<\/p>\n<p data-start=\"786\" data-end=\"900\">\n<p data-start=\"786\" data-end=\"900\">Tamanho<\/p>\n<p data-start=\"786\" data-end=\"900\">4,6,8<\/p>\n<p data-start=\"786\" data-end=\"900\">\n<p data-start=\"786\" data-end=\"900\">\n<p data-start=\"786\" data-end=\"900\">Composi\u00e7\u00e3o<\/p>\n<p data-start=\"786\" data-end=\"900\">95% Algod\u00e3o<\/p>\n<p data-start=\"786\" data-end=\"900\">5% Elastano<\/p>\n<p data-start=\"786\" data-end=\"900\">\n","protected":false},"excerpt":{"rendered":"<p>Camiseta Gola Polo Listrada Colorida \u2013 Infantil Menino A Camiseta Gola Polo Listrada Colorida Infantil Menino \u00e9 a escolha ideal para um visual estiloso, moderno&#8230;<\/p>\n","protected":false},"featured_media":7440,"comment_status":"closed","ping_status":"closed","template":"","meta":[],"etheme_brands":[],"product_brand":[],"product_cat":[28,23],"product_tag":[],"class_list":{"0":"post-7438","1":"product","2":"type-product","3":"status-publish","4":"has-post-thumbnail","6":"product_cat-camisetas-primavera-verao-menino-4-8","7":"product_cat-menino","9":"first","10":"instock","11":"shipping-taxable","12":"purchasable","13":"product-type-variable"},"yoast_head":"<!-- This site is optimized with the Yoast SEO plugin v25.9 - https:\/\/yoast.com\/wordpress\/plugins\/seo\/ -->\n<title>Camiseta Gola Polo Listrado Color Infantil Menino - Kiki &amp; Mily<\/title>\n<meta name=\"robots\" content=\"index, follow, max-snippet:-1, max-image-preview:large, max-video-preview:-1\" \/>\n<link rel=\"canonical\" href=\"https:\/\/kikimily.com.br\/pt_br\/produto\/camiseta-gola-polo-listrado-color-infantil-menino\/\" \/>\n<meta property=\"og:locale\" content=\"pt_BR\" \/>\n<meta property=\"og:type\" content=\"article\" \/>\n<meta property=\"og:title\" content=\"Camiseta Gola Polo Listrado Color Infantil Menino - Kiki &amp; Mily\" \/>\n<meta property=\"og:description\" content=\"Camiseta Gola Polo Listrada Colorida \u2013 Infantil Menino A Camiseta Gola Polo Listrada Colorida Infantil Menino \u00e9 a escolha ideal para um visual estiloso, moderno...\" \/>\n<meta property=\"og:url\" content=\"https:\/\/kikimily.com.br\/pt_br\/produto\/camiseta-gola-polo-listrado-color-infantil-menino\/\" \/>\n<meta property=\"og:site_name\" content=\"Kiki &amp; Mily\" \/>\n<meta property=\"article:modified_time\" content=\"2025-06-17T12:02:27+00:00\" \/>\n<meta property=\"og:image\" content=\"https:\/\/kikimily.com.br\/wp-content\/uploads\/Este-cardigan-de-trico-para-menino-e-a-escolha-ideal-para-os-dias-mais-frescos-combinando-conforto-e-estilo-em-um-unico-item.-Perfeito-para-a-estacao-ele-oferece-aquecimento-sem-perder-o-toque-m-70.png\" \/>\n\t<meta property=\"og:image:width\" content=\"1000\" \/>\n\t<meta property=\"og:image:height\" content=\"1500\" \/>\n\t<meta property=\"og:image:type\" content=\"image\/png\" \/>\n<meta name=\"twitter:card\" content=\"summary_large_image\" \/>\n<meta name=\"twitter:label1\" content=\"Est. tempo de leitura\" \/>\n\t<meta name=\"twitter:data1\" content=\"1 minuto\" \/>\n<script type=\"application\/ld+json\" class=\"yoast-schema-graph\">{\"@context\":\"https:\/\/schema.org\",\"@graph\":[{\"@type\":\"WebPage\",\"@id\":\"https:\/\/kikimily.com.br\/produto\/camiseta-gola-polo-listrado-color-infantil-menino\/\",\"url\":\"https:\/\/kikimily.com.br\/produto\/camiseta-gola-polo-listrado-color-infantil-menino\/\",\"name\":\"Camiseta Gola Polo Listrado Color Infantil Menino - Kiki &amp; Mily\",\"isPartOf\":{\"@id\":\"https:\/\/kikimily.com.br\/#website\"},\"primaryImageOfPage\":{\"@id\":\"https:\/\/kikimily.com.br\/produto\/camiseta-gola-polo-listrado-color-infantil-menino\/#primaryimage\"},\"image\":{\"@id\":\"https:\/\/kikimily.com.br\/produto\/camiseta-gola-polo-listrado-color-infantil-menino\/#primaryimage\"},\"thumbnailUrl\":\"https:\/\/kikimily.com.br\/wp-content\/uploads\/Este-cardigan-de-trico-para-menino-e-a-escolha-ideal-para-os-dias-mais-frescos-combinando-conforto-e-estilo-em-um-unico-item.-Perfeito-para-a-estacao-ele-oferece-aquecimento-sem-perder-o-toque-m-70.png\",\"datePublished\":\"2025-05-16T17:02:16+00:00\",\"dateModified\":\"2025-06-17T12:02:27+00:00\",\"breadcrumb\":{\"@id\":\"https:\/\/kikimily.com.br\/produto\/camiseta-gola-polo-listrado-color-infantil-menino\/#breadcrumb\"},\"inLanguage\":\"pt-BR\",\"potentialAction\":[{\"@type\":\"ReadAction\",\"target\":[\"https:\/\/kikimily.com.br\/produto\/camiseta-gola-polo-listrado-color-infantil-menino\/\"]}]},{\"@type\":\"ImageObject\",\"inLanguage\":\"pt-BR\",\"@id\":\"https:\/\/kikimily.com.br\/produto\/camiseta-gola-polo-listrado-color-infantil-menino\/#primaryimage\",\"url\":\"https:\/\/kikimily.com.br\/wp-content\/uploads\/Este-cardigan-de-trico-para-menino-e-a-escolha-ideal-para-os-dias-mais-frescos-combinando-conforto-e-estilo-em-um-unico-item.-Perfeito-para-a-estacao-ele-oferece-aquecimento-sem-perder-o-toque-m-70.png\",\"contentUrl\":\"https:\/\/kikimily.com.br\/wp-content\/uploads\/Este-cardigan-de-trico-para-menino-e-a-escolha-ideal-para-os-dias-mais-frescos-combinando-conforto-e-estilo-em-um-unico-item.-Perfeito-para-a-estacao-ele-oferece-aquecimento-sem-perder-o-toque-m-70.png\",\"width\":1000,\"height\":1500},{\"@type\":\"BreadcrumbList\",\"@id\":\"https:\/\/kikimily.com.br\/produto\/camiseta-gola-polo-listrado-color-infantil-menino\/#breadcrumb\",\"itemListElement\":[{\"@type\":\"ListItem\",\"position\":1,\"name\":\"Home\",\"item\":\"https:\/\/kikimily.com.br\/\"},{\"@type\":\"ListItem\",\"position\":2,\"name\":\"Loja\",\"item\":\"https:\/\/kikimily.com.br\/loja\/\"},{\"@type\":\"ListItem\",\"position\":3,\"name\":\"Camiseta Gola Polo Listrado Color Infantil Menino\"}]},{\"@type\":\"WebSite\",\"@id\":\"https:\/\/kikimily.com.br\/#website\",\"url\":\"https:\/\/kikimily.com.br\/\",\"name\":\"Kiki & Mily\",\"description\":\"Moda infantil\",\"publisher\":{\"@id\":\"https:\/\/kikimily.com.br\/#organization\"},\"potentialAction\":[{\"@type\":\"SearchAction\",\"target\":{\"@type\":\"EntryPoint\",\"urlTemplate\":\"https:\/\/kikimily.com.br\/?s={search_term_string}\"},\"query-input\":{\"@type\":\"PropertyValueSpecification\",\"valueRequired\":true,\"valueName\":\"search_term_string\"}}],\"inLanguage\":\"pt-BR\"},{\"@type\":\"Organization\",\"@id\":\"https:\/\/kikimily.com.br\/#organization\",\"name\":\"Kiki & Mily\",\"url\":\"https:\/\/kikimily.com.br\/\",\"logo\":{\"@type\":\"ImageObject\",\"inLanguage\":\"pt-BR\",\"@id\":\"https:\/\/kikimily.com.br\/#\/schema\/logo\/image\/\",\"url\":\"https:\/\/kikimily.com.br\/wp-content\/uploads\/MENINAS-3-2.png\",\"contentUrl\":\"https:\/\/kikimily.com.br\/wp-content\/uploads\/MENINAS-3-2.png\",\"width\":1920,\"height\":768,\"caption\":\"Kiki & Mily\"},\"image\":{\"@id\":\"https:\/\/kikimily.com.br\/#\/schema\/logo\/image\/\"},\"sameAs\":[\"https:\/\/www.instagram.com\/kikimilyoficial\/\"]}]}<\/script>\n<!-- \/ Yoast SEO plugin. -->","yoast_head_json":{"title":"Camiseta Gola Polo Listrado Color Infantil Menino - Kiki &amp; Mily","robots":{"index":"index","follow":"follow","max-snippet":"max-snippet:-1","max-image-preview":"max-image-preview:large","max-video-preview":"max-video-preview:-1"},"canonical":"https:\/\/kikimily.com.br\/pt_br\/produto\/camiseta-gola-polo-listrado-color-infantil-menino\/","og_locale":"pt_BR","og_type":"article","og_title":"Camiseta Gola Polo Listrado Color Infantil Menino - Kiki &amp; Mily","og_description":"Camiseta Gola Polo Listrada Colorida \u2013 Infantil Menino A Camiseta Gola Polo Listrada Colorida Infantil Menino \u00e9 a escolha ideal para um visual estiloso, moderno...","og_url":"https:\/\/kikimily.com.br\/pt_br\/produto\/camiseta-gola-polo-listrado-color-infantil-menino\/","og_site_name":"Kiki &amp; Mily","article_modified_time":"2025-06-17T12:02:27+00:00","og_image":[{"width":1000,"height":1500,"url":"https:\/\/kikimily.com.br\/wp-content\/uploads\/Este-cardigan-de-trico-para-menino-e-a-escolha-ideal-para-os-dias-mais-frescos-combinando-conforto-e-estilo-em-um-unico-item.-Perfeito-para-a-estacao-ele-oferece-aquecimento-sem-perder-o-toque-m-70.png","type":"image\/png"}],"twitter_card":"summary_large_image","twitter_misc":{"Est. tempo de leitura":"1 minuto"},"schema":{"@context":"https:\/\/schema.org","@graph":[{"@type":"WebPage","@id":"https:\/\/kikimily.com.br\/produto\/camiseta-gola-polo-listrado-color-infantil-menino\/","url":"https:\/\/kikimily.com.br\/produto\/camiseta-gola-polo-listrado-color-infantil-menino\/","name":"Camiseta Gola Polo Listrado Color Infantil Menino - Kiki &amp; Mily","isPartOf":{"@id":"https:\/\/kikimily.com.br\/#website"},"primaryImageOfPage":{"@id":"https:\/\/kikimily.com.br\/produto\/camiseta-gola-polo-listrado-color-infantil-menino\/#primaryimage"},"image":{"@id":"https:\/\/kikimily.com.br\/produto\/camiseta-gola-polo-listrado-color-infantil-menino\/#primaryimage"},"thumbnailUrl":"https:\/\/kikimily.com.br\/wp-content\/uploads\/Este-cardigan-de-trico-para-menino-e-a-escolha-ideal-para-os-dias-mais-frescos-combinando-conforto-e-estilo-em-um-unico-item.-Perfeito-para-a-estacao-ele-oferece-aquecimento-sem-perder-o-toque-m-70.png","datePublished":"2025-05-16T17:02:16+00:00","dateModified":"2025-06-17T12:02:27+00:00","breadcrumb":{"@id":"https:\/\/kikimily.com.br\/produto\/camiseta-gola-polo-listrado-color-infantil-menino\/#breadcrumb"},"inLanguage":"pt-BR","potentialAction":[{"@type":"ReadAction","target":["https:\/\/kikimily.com.br\/produto\/camiseta-gola-polo-listrado-color-infantil-menino\/"]}]},{"@type":"ImageObject","inLanguage":"pt-BR","@id":"https:\/\/kikimily.com.br\/produto\/camiseta-gola-polo-listrado-color-infantil-menino\/#primaryimage","url":"https:\/\/kikimily.com.br\/wp-content\/uploads\/Este-cardigan-de-trico-para-menino-e-a-escolha-ideal-para-os-dias-mais-frescos-combinando-conforto-e-estilo-em-um-unico-item.-Perfeito-para-a-estacao-ele-oferece-aquecimento-sem-perder-o-toque-m-70.png","contentUrl":"https:\/\/kikimily.com.br\/wp-content\/uploads\/Este-cardigan-de-trico-para-menino-e-a-escolha-ideal-para-os-dias-mais-frescos-combinando-conforto-e-estilo-em-um-unico-item.-Perfeito-para-a-estacao-ele-oferece-aquecimento-sem-perder-o-toque-m-70.png","width":1000,"height":1500},{"@type":"BreadcrumbList","@id":"https:\/\/kikimily.com.br\/produto\/camiseta-gola-polo-listrado-color-infantil-menino\/#breadcrumb","itemListElement":[{"@type":"ListItem","position":1,"name":"Home","item":"https:\/\/kikimily.com.br\/"},{"@type":"ListItem","position":2,"name":"Loja","item":"https:\/\/kikimily.com.br\/loja\/"},{"@type":"ListItem","position":3,"name":"Camiseta Gola Polo Listrado Color Infantil Menino"}]},{"@type":"WebSite","@id":"https:\/\/kikimily.com.br\/#website","url":"https:\/\/kikimily.com.br\/","name":"Kiki & Mily","description":"Moda infantil","publisher":{"@id":"https:\/\/kikimily.com.br\/#organization"},"potentialAction":[{"@type":"SearchAction","target":{"@type":"EntryPoint","urlTemplate":"https:\/\/kikimily.com.br\/?s={search_term_string}"},"query-input":{"@type":"PropertyValueSpecification","valueRequired":true,"valueName":"search_term_string"}}],"inLanguage":"pt-BR"},{"@type":"Organization","@id":"https:\/\/kikimily.com.br\/#organization","name":"Kiki & Mily","url":"https:\/\/kikimily.com.br\/","logo":{"@type":"ImageObject","inLanguage":"pt-BR","@id":"https:\/\/kikimily.com.br\/#\/schema\/logo\/image\/","url":"https:\/\/kikimily.com.br\/wp-content\/uploads\/MENINAS-3-2.png","contentUrl":"https:\/\/kikimily.com.br\/wp-content\/uploads\/MENINAS-3-2.png","width":1920,"height":768,"caption":"Kiki & Mily"},"image":{"@id":"https:\/\/kikimily.com.br\/#\/schema\/logo\/image\/"},"sameAs":["https:\/\/www.instagram.com\/kikimilyoficial\/"]}]}},"_links":{"self":[{"href":"https:\/\/kikimily.com.br\/pt_br\/wp-json\/wp\/v2\/product\/7438","targetHints":{"allow":["GET"]}}],"collection":[{"href":"https:\/\/kikimily.com.br\/pt_br\/wp-json\/wp\/v2\/product"}],"about":[{"href":"https:\/\/kikimily.com.br\/pt_br\/wp-json\/wp\/v2\/types\/product"}],"replies":[{"embeddable":true,"href":"https:\/\/kikimily.com.br\/pt_br\/wp-json\/wp\/v2\/comments?post=7438"}],"wp:featuredmedia":[{"embeddable":true,"href":"https:\/\/kikimily.com.br\/pt_br\/wp-json\/wp\/v2\/media\/7440"}],"wp:attachment":[{"href":"https:\/\/kikimily.com.br\/pt_br\/wp-json\/wp\/v2\/media?parent=7438"}],"wp:term":[{"taxonomy":"brand","embeddable":true,"href":"https:\/\/kikimily.com.br\/pt_br\/wp-json\/wp\/v2\/etheme_brands?post=7438"},{"taxonomy":"product_brand","embeddable":true,"href":"https:\/\/kikimily.com.br\/pt_br\/wp-json\/wp\/v2\/product_brand?post=7438"},{"taxonomy":"product_cat","embeddable":true,"href":"https:\/\/kikimily.com.br\/pt_br\/wp-json\/wp\/v2\/product_cat?post=7438"},{"taxonomy":"product_tag","embeddable":true,"href":"https:\/\/kikimily.com.br\/pt_br\/wp-json\/wp\/v2\/product_tag?post=7438"}],"curies":[{"name":"wp","href":"https:\/\/api.w.org\/{rel}","templated":true}]}}