{"id":7518,"date":"2025-05-20T13:56:28","date_gmt":"2025-05-20T13:56:28","guid":{"rendered":"https:\/\/kikimily.com.br\/?post_type=product&#038;p=7518"},"modified":"2025-05-20T14:02:34","modified_gmt":"2025-05-20T14:02:34","slug":"camiseta-voyage-baby-menino","status":"publish","type":"product","link":"https:\/\/kikimily.com.br\/pt_br\/produto\/camiseta-voyage-baby-menino\/","title":{"rendered":"Camiseta Voyage Baby Menino"},"content":{"rendered":"<p class=\"\" data-start=\"197\" data-end=\"251\"><strong data-start=\"197\" data-end=\"251\">Camiseta Voyage Baby \u2013 Pronta para Novas Aventuras<\/strong><\/p>\n<p class=\"\" data-start=\"253\" data-end=\"484\">A camiseta Voyage Baby para menino \u00e9 perfeita para acompanhar os pequenos exploradores em cada momento do dia. Com estampa tem\u00e1tica inspirada em viagens e descobertas, ela traz um toque de divers\u00e3o e imagina\u00e7\u00e3o ao look do seu beb\u00ea.<\/p>\n<p class=\"\" data-start=\"486\" data-end=\"703\">Feita em malha leve e suave ao toque, oferece m\u00e1ximo conforto e liberdade de movimentos. A gola redonda com abertura lateral em bot\u00f5es de press\u00e3o facilita na hora de vestir, tornando o dia a dia dos pais mais pr\u00e1tico.<\/p>\n<p data-start=\"486\" data-end=\"700\">Tamanho<\/p>\n<p data-start=\"486\" data-end=\"700\">1,2,3<\/p>\n<p data-start=\"486\" data-end=\"700\">Composi\u00e7\u00e3o<\/p>\n<p data-start=\"486\" data-end=\"700\">95% Algod\u00e3o<\/p>\n<p data-start=\"486\" data-end=\"700\">5% Elastano<\/p>\n<p data-start=\"486\" data-end=\"700\">95% Algod\u00e3o<\/p>\n<p data-start=\"486\" data-end=\"700\">5% Elastano<\/p>\n","protected":false},"excerpt":{"rendered":"<p>Camiseta Voyage Baby \u2013 Pronta para Novas Aventuras A camiseta Voyage Baby para menino \u00e9 perfeita para acompanhar os pequenos exploradores em cada momento do&#8230;<\/p>\n","protected":false},"featured_media":7508,"comment_status":"closed","ping_status":"closed","template":"","meta":[],"etheme_brands":[],"product_brand":[],"product_cat":[39,82],"product_tag":[],"class_list":{"0":"post-7518","1":"product","2":"type-product","3":"status-publish","4":"has-post-thumbnail","6":"product_cat-baby","7":"product_cat-camisetas-1-3","9":"first","10":"instock","11":"shipping-taxable","12":"purchasable","13":"product-type-variable"},"yoast_head":"<!-- This site is optimized with the Yoast SEO plugin v25.9 - https:\/\/yoast.com\/wordpress\/plugins\/seo\/ -->\n<title>Camiseta Voyage Baby Menino - Kiki &amp; Mily<\/title>\n<meta name=\"robots\" content=\"index, follow, max-snippet:-1, max-image-preview:large, max-video-preview:-1\" \/>\n<link rel=\"canonical\" href=\"https:\/\/kikimily.com.br\/pt_br\/produto\/camiseta-voyage-baby-menino\/\" \/>\n<meta property=\"og:locale\" content=\"pt_BR\" \/>\n<meta property=\"og:type\" content=\"article\" \/>\n<meta property=\"og:title\" content=\"Camiseta Voyage Baby Menino - Kiki &amp; Mily\" \/>\n<meta property=\"og:description\" content=\"Camiseta Voyage Baby \u2013 Pronta para Novas Aventuras A camiseta Voyage Baby para menino \u00e9 perfeita para acompanhar os pequenos exploradores em cada momento do...\" \/>\n<meta property=\"og:url\" content=\"https:\/\/kikimily.com.br\/pt_br\/produto\/camiseta-voyage-baby-menino\/\" \/>\n<meta property=\"og:site_name\" content=\"Kiki &amp; Mily\" \/>\n<meta property=\"article:modified_time\" content=\"2025-05-20T14:02:34+00:00\" \/>\n<meta property=\"og:image\" content=\"https:\/\/kikimily.com.br\/wp-content\/uploads\/Este-cardigan-de-trico-para-menino-e-a-escolha-ideal-para-os-dias-mais-frescos-combinando-conforto-e-estilo-em-um-unico-item.-Perfeito-para-a-estacao-ele-oferece-aquecimento-sem-perder-o-toque-m-89.png\" \/>\n\t<meta property=\"og:image:width\" content=\"1000\" \/>\n\t<meta property=\"og:image:height\" content=\"1500\" \/>\n\t<meta property=\"og:image:type\" content=\"image\/png\" \/>\n<meta name=\"twitter:card\" content=\"summary_large_image\" \/>\n<meta name=\"twitter:label1\" content=\"Est. tempo de leitura\" \/>\n\t<meta name=\"twitter:data1\" content=\"1 minuto\" \/>\n<script type=\"application\/ld+json\" class=\"yoast-schema-graph\">{\"@context\":\"https:\/\/schema.org\",\"@graph\":[{\"@type\":\"WebPage\",\"@id\":\"https:\/\/kikimily.com.br\/produto\/camiseta-voyage-baby-menino\/\",\"url\":\"https:\/\/kikimily.com.br\/produto\/camiseta-voyage-baby-menino\/\",\"name\":\"Camiseta Voyage Baby Menino - Kiki &amp; Mily\",\"isPartOf\":{\"@id\":\"https:\/\/kikimily.com.br\/#website\"},\"primaryImageOfPage\":{\"@id\":\"https:\/\/kikimily.com.br\/produto\/camiseta-voyage-baby-menino\/#primaryimage\"},\"image\":{\"@id\":\"https:\/\/kikimily.com.br\/produto\/camiseta-voyage-baby-menino\/#primaryimage\"},\"thumbnailUrl\":\"https:\/\/kikimily.com.br\/wp-content\/uploads\/Este-cardigan-de-trico-para-menino-e-a-escolha-ideal-para-os-dias-mais-frescos-combinando-conforto-e-estilo-em-um-unico-item.-Perfeito-para-a-estacao-ele-oferece-aquecimento-sem-perder-o-toque-m-89.png\",\"datePublished\":\"2025-05-20T13:56:28+00:00\",\"dateModified\":\"2025-05-20T14:02:34+00:00\",\"breadcrumb\":{\"@id\":\"https:\/\/kikimily.com.br\/produto\/camiseta-voyage-baby-menino\/#breadcrumb\"},\"inLanguage\":\"pt-BR\",\"potentialAction\":[{\"@type\":\"ReadAction\",\"target\":[\"https:\/\/kikimily.com.br\/produto\/camiseta-voyage-baby-menino\/\"]}]},{\"@type\":\"ImageObject\",\"inLanguage\":\"pt-BR\",\"@id\":\"https:\/\/kikimily.com.br\/produto\/camiseta-voyage-baby-menino\/#primaryimage\",\"url\":\"https:\/\/kikimily.com.br\/wp-content\/uploads\/Este-cardigan-de-trico-para-menino-e-a-escolha-ideal-para-os-dias-mais-frescos-combinando-conforto-e-estilo-em-um-unico-item.-Perfeito-para-a-estacao-ele-oferece-aquecimento-sem-perder-o-toque-m-89.png\",\"contentUrl\":\"https:\/\/kikimily.com.br\/wp-content\/uploads\/Este-cardigan-de-trico-para-menino-e-a-escolha-ideal-para-os-dias-mais-frescos-combinando-conforto-e-estilo-em-um-unico-item.-Perfeito-para-a-estacao-ele-oferece-aquecimento-sem-perder-o-toque-m-89.png\",\"width\":1000,\"height\":1500},{\"@type\":\"BreadcrumbList\",\"@id\":\"https:\/\/kikimily.com.br\/produto\/camiseta-voyage-baby-menino\/#breadcrumb\",\"itemListElement\":[{\"@type\":\"ListItem\",\"position\":1,\"name\":\"Home\",\"item\":\"https:\/\/kikimily.com.br\/\"},{\"@type\":\"ListItem\",\"position\":2,\"name\":\"Loja\",\"item\":\"https:\/\/kikimily.com.br\/loja\/\"},{\"@type\":\"ListItem\",\"position\":3,\"name\":\"Camiseta Voyage Baby Menino\"}]},{\"@type\":\"WebSite\",\"@id\":\"https:\/\/kikimily.com.br\/#website\",\"url\":\"https:\/\/kikimily.com.br\/\",\"name\":\"Kiki & Mily\",\"description\":\"Moda infantil\",\"publisher\":{\"@id\":\"https:\/\/kikimily.com.br\/#organization\"},\"potentialAction\":[{\"@type\":\"SearchAction\",\"target\":{\"@type\":\"EntryPoint\",\"urlTemplate\":\"https:\/\/kikimily.com.br\/?s={search_term_string}\"},\"query-input\":{\"@type\":\"PropertyValueSpecification\",\"valueRequired\":true,\"valueName\":\"search_term_string\"}}],\"inLanguage\":\"pt-BR\"},{\"@type\":\"Organization\",\"@id\":\"https:\/\/kikimily.com.br\/#organization\",\"name\":\"Kiki & Mily\",\"url\":\"https:\/\/kikimily.com.br\/\",\"logo\":{\"@type\":\"ImageObject\",\"inLanguage\":\"pt-BR\",\"@id\":\"https:\/\/kikimily.com.br\/#\/schema\/logo\/image\/\",\"url\":\"https:\/\/kikimily.com.br\/wp-content\/uploads\/MENINAS-3-2.png\",\"contentUrl\":\"https:\/\/kikimily.com.br\/wp-content\/uploads\/MENINAS-3-2.png\",\"width\":1920,\"height\":768,\"caption\":\"Kiki & Mily\"},\"image\":{\"@id\":\"https:\/\/kikimily.com.br\/#\/schema\/logo\/image\/\"},\"sameAs\":[\"https:\/\/www.instagram.com\/kikimilyoficial\/\"]}]}<\/script>\n<!-- \/ Yoast SEO plugin. -->","yoast_head_json":{"title":"Camiseta Voyage Baby Menino - Kiki &amp; Mily","robots":{"index":"index","follow":"follow","max-snippet":"max-snippet:-1","max-image-preview":"max-image-preview:large","max-video-preview":"max-video-preview:-1"},"canonical":"https:\/\/kikimily.com.br\/pt_br\/produto\/camiseta-voyage-baby-menino\/","og_locale":"pt_BR","og_type":"article","og_title":"Camiseta Voyage Baby Menino - Kiki &amp; Mily","og_description":"Camiseta Voyage Baby \u2013 Pronta para Novas Aventuras A camiseta Voyage Baby para menino \u00e9 perfeita para acompanhar os pequenos exploradores em cada momento do...","og_url":"https:\/\/kikimily.com.br\/pt_br\/produto\/camiseta-voyage-baby-menino\/","og_site_name":"Kiki &amp; Mily","article_modified_time":"2025-05-20T14:02:34+00:00","og_image":[{"width":1000,"height":1500,"url":"https:\/\/kikimily.com.br\/wp-content\/uploads\/Este-cardigan-de-trico-para-menino-e-a-escolha-ideal-para-os-dias-mais-frescos-combinando-conforto-e-estilo-em-um-unico-item.-Perfeito-para-a-estacao-ele-oferece-aquecimento-sem-perder-o-toque-m-89.png","type":"image\/png"}],"twitter_card":"summary_large_image","twitter_misc":{"Est. tempo de leitura":"1 minuto"},"schema":{"@context":"https:\/\/schema.org","@graph":[{"@type":"WebPage","@id":"https:\/\/kikimily.com.br\/produto\/camiseta-voyage-baby-menino\/","url":"https:\/\/kikimily.com.br\/produto\/camiseta-voyage-baby-menino\/","name":"Camiseta Voyage Baby Menino - Kiki &amp; Mily","isPartOf":{"@id":"https:\/\/kikimily.com.br\/#website"},"primaryImageOfPage":{"@id":"https:\/\/kikimily.com.br\/produto\/camiseta-voyage-baby-menino\/#primaryimage"},"image":{"@id":"https:\/\/kikimily.com.br\/produto\/camiseta-voyage-baby-menino\/#primaryimage"},"thumbnailUrl":"https:\/\/kikimily.com.br\/wp-content\/uploads\/Este-cardigan-de-trico-para-menino-e-a-escolha-ideal-para-os-dias-mais-frescos-combinando-conforto-e-estilo-em-um-unico-item.-Perfeito-para-a-estacao-ele-oferece-aquecimento-sem-perder-o-toque-m-89.png","datePublished":"2025-05-20T13:56:28+00:00","dateModified":"2025-05-20T14:02:34+00:00","breadcrumb":{"@id":"https:\/\/kikimily.com.br\/produto\/camiseta-voyage-baby-menino\/#breadcrumb"},"inLanguage":"pt-BR","potentialAction":[{"@type":"ReadAction","target":["https:\/\/kikimily.com.br\/produto\/camiseta-voyage-baby-menino\/"]}]},{"@type":"ImageObject","inLanguage":"pt-BR","@id":"https:\/\/kikimily.com.br\/produto\/camiseta-voyage-baby-menino\/#primaryimage","url":"https:\/\/kikimily.com.br\/wp-content\/uploads\/Este-cardigan-de-trico-para-menino-e-a-escolha-ideal-para-os-dias-mais-frescos-combinando-conforto-e-estilo-em-um-unico-item.-Perfeito-para-a-estacao-ele-oferece-aquecimento-sem-perder-o-toque-m-89.png","contentUrl":"https:\/\/kikimily.com.br\/wp-content\/uploads\/Este-cardigan-de-trico-para-menino-e-a-escolha-ideal-para-os-dias-mais-frescos-combinando-conforto-e-estilo-em-um-unico-item.-Perfeito-para-a-estacao-ele-oferece-aquecimento-sem-perder-o-toque-m-89.png","width":1000,"height":1500},{"@type":"BreadcrumbList","@id":"https:\/\/kikimily.com.br\/produto\/camiseta-voyage-baby-menino\/#breadcrumb","itemListElement":[{"@type":"ListItem","position":1,"name":"Home","item":"https:\/\/kikimily.com.br\/"},{"@type":"ListItem","position":2,"name":"Loja","item":"https:\/\/kikimily.com.br\/loja\/"},{"@type":"ListItem","position":3,"name":"Camiseta Voyage Baby Menino"}]},{"@type":"WebSite","@id":"https:\/\/kikimily.com.br\/#website","url":"https:\/\/kikimily.com.br\/","name":"Kiki & Mily","description":"Moda infantil","publisher":{"@id":"https:\/\/kikimily.com.br\/#organization"},"potentialAction":[{"@type":"SearchAction","target":{"@type":"EntryPoint","urlTemplate":"https:\/\/kikimily.com.br\/?s={search_term_string}"},"query-input":{"@type":"PropertyValueSpecification","valueRequired":true,"valueName":"search_term_string"}}],"inLanguage":"pt-BR"},{"@type":"Organization","@id":"https:\/\/kikimily.com.br\/#organization","name":"Kiki & Mily","url":"https:\/\/kikimily.com.br\/","logo":{"@type":"ImageObject","inLanguage":"pt-BR","@id":"https:\/\/kikimily.com.br\/#\/schema\/logo\/image\/","url":"https:\/\/kikimily.com.br\/wp-content\/uploads\/MENINAS-3-2.png","contentUrl":"https:\/\/kikimily.com.br\/wp-content\/uploads\/MENINAS-3-2.png","width":1920,"height":768,"caption":"Kiki & Mily"},"image":{"@id":"https:\/\/kikimily.com.br\/#\/schema\/logo\/image\/"},"sameAs":["https:\/\/www.instagram.com\/kikimilyoficial\/"]}]}},"_links":{"self":[{"href":"https:\/\/kikimily.com.br\/pt_br\/wp-json\/wp\/v2\/product\/7518","targetHints":{"allow":["GET"]}}],"collection":[{"href":"https:\/\/kikimily.com.br\/pt_br\/wp-json\/wp\/v2\/product"}],"about":[{"href":"https:\/\/kikimily.com.br\/pt_br\/wp-json\/wp\/v2\/types\/product"}],"replies":[{"embeddable":true,"href":"https:\/\/kikimily.com.br\/pt_br\/wp-json\/wp\/v2\/comments?post=7518"}],"wp:featuredmedia":[{"embeddable":true,"href":"https:\/\/kikimily.com.br\/pt_br\/wp-json\/wp\/v2\/media\/7508"}],"wp:attachment":[{"href":"https:\/\/kikimily.com.br\/pt_br\/wp-json\/wp\/v2\/media?parent=7518"}],"wp:term":[{"taxonomy":"brand","embeddable":true,"href":"https:\/\/kikimily.com.br\/pt_br\/wp-json\/wp\/v2\/etheme_brands?post=7518"},{"taxonomy":"product_brand","embeddable":true,"href":"https:\/\/kikimily.com.br\/pt_br\/wp-json\/wp\/v2\/product_brand?post=7518"},{"taxonomy":"product_cat","embeddable":true,"href":"https:\/\/kikimily.com.br\/pt_br\/wp-json\/wp\/v2\/product_cat?post=7518"},{"taxonomy":"product_tag","embeddable":true,"href":"https:\/\/kikimily.com.br\/pt_br\/wp-json\/wp\/v2\/product_tag?post=7518"}],"curies":[{"name":"wp","href":"https:\/\/api.w.org\/{rel}","templated":true}]}}