{"id":7653,"date":"2025-05-22T16:19:30","date_gmt":"2025-05-22T16:19:30","guid":{"rendered":"https:\/\/kikimily.com.br\/?post_type=product&#038;p=7653"},"modified":"2025-09-24T13:21:03","modified_gmt":"2025-09-24T13:21:03","slug":"camiseta-skate-baby-menino","status":"publish","type":"product","link":"https:\/\/kikimily.com.br\/pt_br\/produto\/camiseta-skate-baby-menino\/","title":{"rendered":"Camiseta Skate Baby Menino"},"content":{"rendered":"<p class=\"\" data-start=\"154\" data-end=\"184\"><strong data-start=\"154\" data-end=\"184\">Camiseta Skate Baby Menino<\/strong><\/p>\n<p class=\"\" data-start=\"186\" data-end=\"521\">Cheia de estilo e atitude, a Camiseta Skate Baby \u00e9 perfeita para os pequenos que j\u00e1 nascem com personalidade! Confeccionada em algod\u00e3o macio, ela garante conforto e liberdade de movimento durante todo o dia. A estampa divertida com tema de skate traz um visual moderno e urbano, ideal para acompanhar seu pequeno em todas as aventuras.<\/p>\n<p data-start=\"486\" data-end=\"700\">Tamanho<\/p>\n<p data-start=\"486\" data-end=\"700\">1,2,3<\/p>\n<p data-start=\"486\" data-end=\"700\">Composi\u00e7\u00e3o<\/p>\n<p data-start=\"486\" data-end=\"700\">95% Algod\u00e3o<\/p>\n<p data-start=\"486\" data-end=\"700\">5% Elastano<\/p>\n<p data-start=\"486\" data-end=\"700\">95% Algod\u00e3o<\/p>\n<p data-start=\"486\" data-end=\"700\">5% Elastano<\/p>\n","protected":false},"excerpt":{"rendered":"<p>Camiseta Skate Baby Menino Cheia de estilo e atitude, a Camiseta Skate Baby \u00e9 perfeita para os pequenos que j\u00e1 nascem com personalidade! Confeccionada em&#8230;<\/p>\n","protected":false},"featured_media":7661,"comment_status":"closed","ping_status":"closed","template":"","meta":[],"etheme_brands":[],"product_brand":[],"product_cat":[39,113,82],"product_tag":[],"class_list":{"0":"post-7653","1":"product","2":"type-product","3":"status-publish","4":"has-post-thumbnail","6":"product_cat-baby","7":"product_cat-baby-menino-2","8":"product_cat-camisetas-1-3","10":"first","11":"instock","12":"shipping-taxable","13":"purchasable","14":"product-type-variable"},"yoast_head":"<!-- This site is optimized with the Yoast SEO plugin v25.9 - https:\/\/yoast.com\/wordpress\/plugins\/seo\/ -->\n<title>Camiseta Skate Baby Menino - Kiki &amp; Mily<\/title>\n<meta name=\"robots\" content=\"index, follow, max-snippet:-1, max-image-preview:large, max-video-preview:-1\" \/>\n<link rel=\"canonical\" href=\"https:\/\/kikimily.com.br\/pt_br\/produto\/camiseta-skate-baby-menino\/\" \/>\n<meta property=\"og:locale\" content=\"pt_BR\" \/>\n<meta property=\"og:type\" content=\"article\" \/>\n<meta property=\"og:title\" content=\"Camiseta Skate Baby Menino - Kiki &amp; Mily\" \/>\n<meta property=\"og:description\" content=\"Camiseta Skate Baby Menino Cheia de estilo e atitude, a Camiseta Skate Baby \u00e9 perfeita para os pequenos que j\u00e1 nascem com personalidade! Confeccionada em...\" \/>\n<meta property=\"og:url\" content=\"https:\/\/kikimily.com.br\/pt_br\/produto\/camiseta-skate-baby-menino\/\" \/>\n<meta property=\"og:site_name\" content=\"Kiki &amp; Mily\" \/>\n<meta property=\"article:modified_time\" content=\"2025-09-24T13:21:03+00:00\" \/>\n<meta property=\"og:image\" content=\"https:\/\/kikimily.com.br\/wp-content\/uploads\/Este-cardigan-de-trico-para-menino-e-a-escolha-ideal-para-os-dias-mais-frescos-combinando-conforto-e-estilo-em-um-unico-item.-Perfeito-para-a-estacao-ele-oferece-aquecimento-sem-perde-2025-05-22T133018.583.png\" \/>\n\t<meta property=\"og:image:width\" content=\"1000\" \/>\n\t<meta property=\"og:image:height\" content=\"1500\" \/>\n\t<meta property=\"og:image:type\" content=\"image\/png\" \/>\n<meta name=\"twitter:card\" content=\"summary_large_image\" \/>\n<meta name=\"twitter:label1\" content=\"Est. tempo de leitura\" \/>\n\t<meta name=\"twitter:data1\" content=\"1 minuto\" \/>\n<script type=\"application\/ld+json\" class=\"yoast-schema-graph\">{\"@context\":\"https:\/\/schema.org\",\"@graph\":[{\"@type\":\"WebPage\",\"@id\":\"https:\/\/kikimily.com.br\/produto\/camiseta-skate-baby-menino\/\",\"url\":\"https:\/\/kikimily.com.br\/produto\/camiseta-skate-baby-menino\/\",\"name\":\"Camiseta Skate Baby Menino - Kiki &amp; Mily\",\"isPartOf\":{\"@id\":\"https:\/\/kikimily.com.br\/#website\"},\"primaryImageOfPage\":{\"@id\":\"https:\/\/kikimily.com.br\/produto\/camiseta-skate-baby-menino\/#primaryimage\"},\"image\":{\"@id\":\"https:\/\/kikimily.com.br\/produto\/camiseta-skate-baby-menino\/#primaryimage\"},\"thumbnailUrl\":\"https:\/\/kikimily.com.br\/wp-content\/uploads\/Este-cardigan-de-trico-para-menino-e-a-escolha-ideal-para-os-dias-mais-frescos-combinando-conforto-e-estilo-em-um-unico-item.-Perfeito-para-a-estacao-ele-oferece-aquecimento-sem-perde-2025-05-22T133018.583.png\",\"datePublished\":\"2025-05-22T16:19:30+00:00\",\"dateModified\":\"2025-09-24T13:21:03+00:00\",\"breadcrumb\":{\"@id\":\"https:\/\/kikimily.com.br\/produto\/camiseta-skate-baby-menino\/#breadcrumb\"},\"inLanguage\":\"pt-BR\",\"potentialAction\":[{\"@type\":\"ReadAction\",\"target\":[\"https:\/\/kikimily.com.br\/produto\/camiseta-skate-baby-menino\/\"]}]},{\"@type\":\"ImageObject\",\"inLanguage\":\"pt-BR\",\"@id\":\"https:\/\/kikimily.com.br\/produto\/camiseta-skate-baby-menino\/#primaryimage\",\"url\":\"https:\/\/kikimily.com.br\/wp-content\/uploads\/Este-cardigan-de-trico-para-menino-e-a-escolha-ideal-para-os-dias-mais-frescos-combinando-conforto-e-estilo-em-um-unico-item.-Perfeito-para-a-estacao-ele-oferece-aquecimento-sem-perde-2025-05-22T133018.583.png\",\"contentUrl\":\"https:\/\/kikimily.com.br\/wp-content\/uploads\/Este-cardigan-de-trico-para-menino-e-a-escolha-ideal-para-os-dias-mais-frescos-combinando-conforto-e-estilo-em-um-unico-item.-Perfeito-para-a-estacao-ele-oferece-aquecimento-sem-perde-2025-05-22T133018.583.png\",\"width\":1000,\"height\":1500},{\"@type\":\"BreadcrumbList\",\"@id\":\"https:\/\/kikimily.com.br\/produto\/camiseta-skate-baby-menino\/#breadcrumb\",\"itemListElement\":[{\"@type\":\"ListItem\",\"position\":1,\"name\":\"Home\",\"item\":\"https:\/\/kikimily.com.br\/\"},{\"@type\":\"ListItem\",\"position\":2,\"name\":\"Loja\",\"item\":\"https:\/\/kikimily.com.br\/loja\/\"},{\"@type\":\"ListItem\",\"position\":3,\"name\":\"Camiseta Skate Baby Menino\"}]},{\"@type\":\"WebSite\",\"@id\":\"https:\/\/kikimily.com.br\/#website\",\"url\":\"https:\/\/kikimily.com.br\/\",\"name\":\"Kiki & Mily\",\"description\":\"Moda infantil\",\"publisher\":{\"@id\":\"https:\/\/kikimily.com.br\/#organization\"},\"potentialAction\":[{\"@type\":\"SearchAction\",\"target\":{\"@type\":\"EntryPoint\",\"urlTemplate\":\"https:\/\/kikimily.com.br\/?s={search_term_string}\"},\"query-input\":{\"@type\":\"PropertyValueSpecification\",\"valueRequired\":true,\"valueName\":\"search_term_string\"}}],\"inLanguage\":\"pt-BR\"},{\"@type\":\"Organization\",\"@id\":\"https:\/\/kikimily.com.br\/#organization\",\"name\":\"Kiki & Mily\",\"url\":\"https:\/\/kikimily.com.br\/\",\"logo\":{\"@type\":\"ImageObject\",\"inLanguage\":\"pt-BR\",\"@id\":\"https:\/\/kikimily.com.br\/#\/schema\/logo\/image\/\",\"url\":\"https:\/\/kikimily.com.br\/wp-content\/uploads\/MENINAS-3-2.png\",\"contentUrl\":\"https:\/\/kikimily.com.br\/wp-content\/uploads\/MENINAS-3-2.png\",\"width\":1920,\"height\":768,\"caption\":\"Kiki & Mily\"},\"image\":{\"@id\":\"https:\/\/kikimily.com.br\/#\/schema\/logo\/image\/\"},\"sameAs\":[\"https:\/\/www.instagram.com\/kikimilyoficial\/\"]}]}<\/script>\n<!-- \/ Yoast SEO plugin. -->","yoast_head_json":{"title":"Camiseta Skate Baby Menino - Kiki &amp; Mily","robots":{"index":"index","follow":"follow","max-snippet":"max-snippet:-1","max-image-preview":"max-image-preview:large","max-video-preview":"max-video-preview:-1"},"canonical":"https:\/\/kikimily.com.br\/pt_br\/produto\/camiseta-skate-baby-menino\/","og_locale":"pt_BR","og_type":"article","og_title":"Camiseta Skate Baby Menino - Kiki &amp; Mily","og_description":"Camiseta Skate Baby Menino Cheia de estilo e atitude, a Camiseta Skate Baby \u00e9 perfeita para os pequenos que j\u00e1 nascem com personalidade! Confeccionada em...","og_url":"https:\/\/kikimily.com.br\/pt_br\/produto\/camiseta-skate-baby-menino\/","og_site_name":"Kiki &amp; Mily","article_modified_time":"2025-09-24T13:21:03+00:00","og_image":[{"width":1000,"height":1500,"url":"https:\/\/kikimily.com.br\/wp-content\/uploads\/Este-cardigan-de-trico-para-menino-e-a-escolha-ideal-para-os-dias-mais-frescos-combinando-conforto-e-estilo-em-um-unico-item.-Perfeito-para-a-estacao-ele-oferece-aquecimento-sem-perde-2025-05-22T133018.583.png","type":"image\/png"}],"twitter_card":"summary_large_image","twitter_misc":{"Est. tempo de leitura":"1 minuto"},"schema":{"@context":"https:\/\/schema.org","@graph":[{"@type":"WebPage","@id":"https:\/\/kikimily.com.br\/produto\/camiseta-skate-baby-menino\/","url":"https:\/\/kikimily.com.br\/produto\/camiseta-skate-baby-menino\/","name":"Camiseta Skate Baby Menino - Kiki &amp; Mily","isPartOf":{"@id":"https:\/\/kikimily.com.br\/#website"},"primaryImageOfPage":{"@id":"https:\/\/kikimily.com.br\/produto\/camiseta-skate-baby-menino\/#primaryimage"},"image":{"@id":"https:\/\/kikimily.com.br\/produto\/camiseta-skate-baby-menino\/#primaryimage"},"thumbnailUrl":"https:\/\/kikimily.com.br\/wp-content\/uploads\/Este-cardigan-de-trico-para-menino-e-a-escolha-ideal-para-os-dias-mais-frescos-combinando-conforto-e-estilo-em-um-unico-item.-Perfeito-para-a-estacao-ele-oferece-aquecimento-sem-perde-2025-05-22T133018.583.png","datePublished":"2025-05-22T16:19:30+00:00","dateModified":"2025-09-24T13:21:03+00:00","breadcrumb":{"@id":"https:\/\/kikimily.com.br\/produto\/camiseta-skate-baby-menino\/#breadcrumb"},"inLanguage":"pt-BR","potentialAction":[{"@type":"ReadAction","target":["https:\/\/kikimily.com.br\/produto\/camiseta-skate-baby-menino\/"]}]},{"@type":"ImageObject","inLanguage":"pt-BR","@id":"https:\/\/kikimily.com.br\/produto\/camiseta-skate-baby-menino\/#primaryimage","url":"https:\/\/kikimily.com.br\/wp-content\/uploads\/Este-cardigan-de-trico-para-menino-e-a-escolha-ideal-para-os-dias-mais-frescos-combinando-conforto-e-estilo-em-um-unico-item.-Perfeito-para-a-estacao-ele-oferece-aquecimento-sem-perde-2025-05-22T133018.583.png","contentUrl":"https:\/\/kikimily.com.br\/wp-content\/uploads\/Este-cardigan-de-trico-para-menino-e-a-escolha-ideal-para-os-dias-mais-frescos-combinando-conforto-e-estilo-em-um-unico-item.-Perfeito-para-a-estacao-ele-oferece-aquecimento-sem-perde-2025-05-22T133018.583.png","width":1000,"height":1500},{"@type":"BreadcrumbList","@id":"https:\/\/kikimily.com.br\/produto\/camiseta-skate-baby-menino\/#breadcrumb","itemListElement":[{"@type":"ListItem","position":1,"name":"Home","item":"https:\/\/kikimily.com.br\/"},{"@type":"ListItem","position":2,"name":"Loja","item":"https:\/\/kikimily.com.br\/loja\/"},{"@type":"ListItem","position":3,"name":"Camiseta Skate Baby Menino"}]},{"@type":"WebSite","@id":"https:\/\/kikimily.com.br\/#website","url":"https:\/\/kikimily.com.br\/","name":"Kiki & Mily","description":"Moda infantil","publisher":{"@id":"https:\/\/kikimily.com.br\/#organization"},"potentialAction":[{"@type":"SearchAction","target":{"@type":"EntryPoint","urlTemplate":"https:\/\/kikimily.com.br\/?s={search_term_string}"},"query-input":{"@type":"PropertyValueSpecification","valueRequired":true,"valueName":"search_term_string"}}],"inLanguage":"pt-BR"},{"@type":"Organization","@id":"https:\/\/kikimily.com.br\/#organization","name":"Kiki & Mily","url":"https:\/\/kikimily.com.br\/","logo":{"@type":"ImageObject","inLanguage":"pt-BR","@id":"https:\/\/kikimily.com.br\/#\/schema\/logo\/image\/","url":"https:\/\/kikimily.com.br\/wp-content\/uploads\/MENINAS-3-2.png","contentUrl":"https:\/\/kikimily.com.br\/wp-content\/uploads\/MENINAS-3-2.png","width":1920,"height":768,"caption":"Kiki & Mily"},"image":{"@id":"https:\/\/kikimily.com.br\/#\/schema\/logo\/image\/"},"sameAs":["https:\/\/www.instagram.com\/kikimilyoficial\/"]}]}},"_links":{"self":[{"href":"https:\/\/kikimily.com.br\/pt_br\/wp-json\/wp\/v2\/product\/7653","targetHints":{"allow":["GET"]}}],"collection":[{"href":"https:\/\/kikimily.com.br\/pt_br\/wp-json\/wp\/v2\/product"}],"about":[{"href":"https:\/\/kikimily.com.br\/pt_br\/wp-json\/wp\/v2\/types\/product"}],"replies":[{"embeddable":true,"href":"https:\/\/kikimily.com.br\/pt_br\/wp-json\/wp\/v2\/comments?post=7653"}],"wp:featuredmedia":[{"embeddable":true,"href":"https:\/\/kikimily.com.br\/pt_br\/wp-json\/wp\/v2\/media\/7661"}],"wp:attachment":[{"href":"https:\/\/kikimily.com.br\/pt_br\/wp-json\/wp\/v2\/media?parent=7653"}],"wp:term":[{"taxonomy":"brand","embeddable":true,"href":"https:\/\/kikimily.com.br\/pt_br\/wp-json\/wp\/v2\/etheme_brands?post=7653"},{"taxonomy":"product_brand","embeddable":true,"href":"https:\/\/kikimily.com.br\/pt_br\/wp-json\/wp\/v2\/product_brand?post=7653"},{"taxonomy":"product_cat","embeddable":true,"href":"https:\/\/kikimily.com.br\/pt_br\/wp-json\/wp\/v2\/product_cat?post=7653"},{"taxonomy":"product_tag","embeddable":true,"href":"https:\/\/kikimily.com.br\/pt_br\/wp-json\/wp\/v2\/product_tag?post=7653"}],"curies":[{"name":"wp","href":"https:\/\/api.w.org\/{rel}","templated":true}]}}