{"id":7713,"date":"2025-05-23T11:18:44","date_gmt":"2025-05-23T11:18:44","guid":{"rendered":"https:\/\/kikimily.com.br\/?post_type=product&#038;p=7713"},"modified":"2025-05-23T11:40:12","modified_gmt":"2025-05-23T11:40:12","slug":"blusa-tie-tye-strass-infantil-menina","status":"publish","type":"product","link":"https:\/\/kikimily.com.br\/pt_br\/produto\/blusa-tie-tye-strass-infantil-menina\/","title":{"rendered":"Blusa Tie Tye Strass Infantil Menina"},"content":{"rendered":"<h3 class=\"\" data-start=\"110\" data-end=\"161\">\ud83c\udf08 <strong data-start=\"117\" data-end=\"161\">Blusa Infantil Menina Tie Dye com Strass<\/strong><\/h3>\n<p class=\"\" data-start=\"163\" data-end=\"462\">A <strong data-start=\"165\" data-end=\"202\">Blusa Tie Dye com Strass Infantil<\/strong> \u00e9 perfeita para meninas cheias de personalidade! Com uma estampa vibrante e moderna em tie dye, essa pe\u00e7a traz alegria e estilo para o dia a dia. O destaque fica por conta dos <strong data-start=\"379\" data-end=\"401\">detalhes em strass<\/strong>, que adicionam um toque de brilho e glamour na medida certa.<\/p>\n<p class=\"\" data-start=\"464\" data-end=\"704\">Confeccionada em tecido leve e confort\u00e1vel, possui modelagem soltinha, ideal para acompanhar os movimentos da crian\u00e7a com liberdade e frescor. \u00c9 a escolha ideal para passeios, festinhas ou at\u00e9 para compor aquele look casual cheio de charme!<\/p>\n<p data-start=\"464\" data-end=\"704\">\n<p data-start=\"464\" data-end=\"704\">\n<p data-start=\"486\" data-end=\"700\">Tamanho<\/p>\n<p data-start=\"486\" data-end=\"700\">4,6,8,10<\/p>\n<p data-start=\"486\" data-end=\"700\">\n<p data-start=\"486\" data-end=\"700\">Composi\u00e7\u00e3o<\/p>\n<p data-start=\"486\" data-end=\"700\">95% Algod\u00e3o<\/p>\n<p data-start=\"486\" data-end=\"700\">5% Elastano<\/p>\n<p data-start=\"486\" data-end=\"700\">95% Algod\u00e3o<\/p>\n<p data-start=\"486\" data-end=\"700\">5% Elastano<\/p>\n","protected":false},"excerpt":{"rendered":"<p>\ud83c\udf08 Blusa Infantil Menina Tie Dye com Strass A Blusa Tie Dye com Strass Infantil \u00e9 perfeita para meninas cheias de personalidade! Com uma estampa&#8230;<\/p>\n","protected":false},"featured_media":7721,"comment_status":"closed","ping_status":"closed","template":"","meta":[],"etheme_brands":[],"product_brand":[],"product_cat":[33,32],"product_tag":[],"class_list":{"0":"post-7713","1":"product","2":"type-product","3":"status-publish","4":"has-post-thumbnail","6":"product_cat-blusas-primavera-verao","7":"product_cat-menina","9":"first","10":"instock","11":"shipping-taxable","12":"purchasable","13":"product-type-variable"},"yoast_head":"<!-- This site is optimized with the Yoast SEO plugin v25.9 - https:\/\/yoast.com\/wordpress\/plugins\/seo\/ -->\n<title>Blusa Tie Tye Strass Infantil Menina - Kiki &amp; Mily<\/title>\n<meta name=\"robots\" content=\"index, follow, max-snippet:-1, max-image-preview:large, max-video-preview:-1\" \/>\n<link rel=\"canonical\" href=\"https:\/\/kikimily.com.br\/pt_br\/produto\/blusa-tie-tye-strass-infantil-menina\/\" \/>\n<meta property=\"og:locale\" content=\"pt_BR\" \/>\n<meta property=\"og:type\" content=\"article\" \/>\n<meta property=\"og:title\" content=\"Blusa Tie Tye Strass Infantil Menina - Kiki &amp; Mily\" \/>\n<meta property=\"og:description\" content=\"\ud83c\udf08 Blusa Infantil Menina Tie Dye com Strass A Blusa Tie Dye com Strass Infantil \u00e9 perfeita para meninas cheias de personalidade! Com uma estampa...\" \/>\n<meta property=\"og:url\" content=\"https:\/\/kikimily.com.br\/pt_br\/produto\/blusa-tie-tye-strass-infantil-menina\/\" \/>\n<meta property=\"og:site_name\" content=\"Kiki &amp; Mily\" \/>\n<meta property=\"article:modified_time\" content=\"2025-05-23T11:40:12+00:00\" \/>\n<meta property=\"og:image\" content=\"https:\/\/kikimily.com.br\/wp-content\/uploads\/Design-sem-nome-2025-05-23T081820.783.png\" \/>\n\t<meta property=\"og:image:width\" content=\"1414\" \/>\n\t<meta property=\"og:image:height\" content=\"2000\" \/>\n\t<meta property=\"og:image:type\" content=\"image\/png\" \/>\n<meta name=\"twitter:card\" content=\"summary_large_image\" \/>\n<meta name=\"twitter:label1\" content=\"Est. tempo de leitura\" \/>\n\t<meta name=\"twitter:data1\" content=\"1 minuto\" \/>\n<script type=\"application\/ld+json\" class=\"yoast-schema-graph\">{\"@context\":\"https:\/\/schema.org\",\"@graph\":[{\"@type\":\"WebPage\",\"@id\":\"https:\/\/kikimily.com.br\/produto\/blusa-tie-tye-strass-infantil-menina\/\",\"url\":\"https:\/\/kikimily.com.br\/produto\/blusa-tie-tye-strass-infantil-menina\/\",\"name\":\"Blusa Tie Tye Strass Infantil Menina - Kiki &amp; Mily\",\"isPartOf\":{\"@id\":\"https:\/\/kikimily.com.br\/#website\"},\"primaryImageOfPage\":{\"@id\":\"https:\/\/kikimily.com.br\/produto\/blusa-tie-tye-strass-infantil-menina\/#primaryimage\"},\"image\":{\"@id\":\"https:\/\/kikimily.com.br\/produto\/blusa-tie-tye-strass-infantil-menina\/#primaryimage\"},\"thumbnailUrl\":\"https:\/\/kikimily.com.br\/wp-content\/uploads\/Design-sem-nome-2025-05-23T081820.783.png\",\"datePublished\":\"2025-05-23T11:18:44+00:00\",\"dateModified\":\"2025-05-23T11:40:12+00:00\",\"breadcrumb\":{\"@id\":\"https:\/\/kikimily.com.br\/produto\/blusa-tie-tye-strass-infantil-menina\/#breadcrumb\"},\"inLanguage\":\"pt-BR\",\"potentialAction\":[{\"@type\":\"ReadAction\",\"target\":[\"https:\/\/kikimily.com.br\/produto\/blusa-tie-tye-strass-infantil-menina\/\"]}]},{\"@type\":\"ImageObject\",\"inLanguage\":\"pt-BR\",\"@id\":\"https:\/\/kikimily.com.br\/produto\/blusa-tie-tye-strass-infantil-menina\/#primaryimage\",\"url\":\"https:\/\/kikimily.com.br\/wp-content\/uploads\/Design-sem-nome-2025-05-23T081820.783.png\",\"contentUrl\":\"https:\/\/kikimily.com.br\/wp-content\/uploads\/Design-sem-nome-2025-05-23T081820.783.png\",\"width\":1414,\"height\":2000},{\"@type\":\"BreadcrumbList\",\"@id\":\"https:\/\/kikimily.com.br\/produto\/blusa-tie-tye-strass-infantil-menina\/#breadcrumb\",\"itemListElement\":[{\"@type\":\"ListItem\",\"position\":1,\"name\":\"Home\",\"item\":\"https:\/\/kikimily.com.br\/\"},{\"@type\":\"ListItem\",\"position\":2,\"name\":\"Loja\",\"item\":\"https:\/\/kikimily.com.br\/loja\/\"},{\"@type\":\"ListItem\",\"position\":3,\"name\":\"Blusa Tie Tye Strass Infantil Menina\"}]},{\"@type\":\"WebSite\",\"@id\":\"https:\/\/kikimily.com.br\/#website\",\"url\":\"https:\/\/kikimily.com.br\/\",\"name\":\"Kiki & Mily\",\"description\":\"Moda infantil\",\"publisher\":{\"@id\":\"https:\/\/kikimily.com.br\/#organization\"},\"potentialAction\":[{\"@type\":\"SearchAction\",\"target\":{\"@type\":\"EntryPoint\",\"urlTemplate\":\"https:\/\/kikimily.com.br\/?s={search_term_string}\"},\"query-input\":{\"@type\":\"PropertyValueSpecification\",\"valueRequired\":true,\"valueName\":\"search_term_string\"}}],\"inLanguage\":\"pt-BR\"},{\"@type\":\"Organization\",\"@id\":\"https:\/\/kikimily.com.br\/#organization\",\"name\":\"Kiki & Mily\",\"url\":\"https:\/\/kikimily.com.br\/\",\"logo\":{\"@type\":\"ImageObject\",\"inLanguage\":\"pt-BR\",\"@id\":\"https:\/\/kikimily.com.br\/#\/schema\/logo\/image\/\",\"url\":\"https:\/\/kikimily.com.br\/wp-content\/uploads\/MENINAS-3-2.png\",\"contentUrl\":\"https:\/\/kikimily.com.br\/wp-content\/uploads\/MENINAS-3-2.png\",\"width\":1920,\"height\":768,\"caption\":\"Kiki & Mily\"},\"image\":{\"@id\":\"https:\/\/kikimily.com.br\/#\/schema\/logo\/image\/\"},\"sameAs\":[\"https:\/\/www.instagram.com\/kikimilyoficial\/\"]}]}<\/script>\n<!-- \/ Yoast SEO plugin. -->","yoast_head_json":{"title":"Blusa Tie Tye Strass Infantil Menina - Kiki &amp; Mily","robots":{"index":"index","follow":"follow","max-snippet":"max-snippet:-1","max-image-preview":"max-image-preview:large","max-video-preview":"max-video-preview:-1"},"canonical":"https:\/\/kikimily.com.br\/pt_br\/produto\/blusa-tie-tye-strass-infantil-menina\/","og_locale":"pt_BR","og_type":"article","og_title":"Blusa Tie Tye Strass Infantil Menina - Kiki &amp; Mily","og_description":"\ud83c\udf08 Blusa Infantil Menina Tie Dye com Strass A Blusa Tie Dye com Strass Infantil \u00e9 perfeita para meninas cheias de personalidade! Com uma estampa...","og_url":"https:\/\/kikimily.com.br\/pt_br\/produto\/blusa-tie-tye-strass-infantil-menina\/","og_site_name":"Kiki &amp; Mily","article_modified_time":"2025-05-23T11:40:12+00:00","og_image":[{"width":1414,"height":2000,"url":"https:\/\/kikimily.com.br\/wp-content\/uploads\/Design-sem-nome-2025-05-23T081820.783.png","type":"image\/png"}],"twitter_card":"summary_large_image","twitter_misc":{"Est. tempo de leitura":"1 minuto"},"schema":{"@context":"https:\/\/schema.org","@graph":[{"@type":"WebPage","@id":"https:\/\/kikimily.com.br\/produto\/blusa-tie-tye-strass-infantil-menina\/","url":"https:\/\/kikimily.com.br\/produto\/blusa-tie-tye-strass-infantil-menina\/","name":"Blusa Tie Tye Strass Infantil Menina - Kiki &amp; Mily","isPartOf":{"@id":"https:\/\/kikimily.com.br\/#website"},"primaryImageOfPage":{"@id":"https:\/\/kikimily.com.br\/produto\/blusa-tie-tye-strass-infantil-menina\/#primaryimage"},"image":{"@id":"https:\/\/kikimily.com.br\/produto\/blusa-tie-tye-strass-infantil-menina\/#primaryimage"},"thumbnailUrl":"https:\/\/kikimily.com.br\/wp-content\/uploads\/Design-sem-nome-2025-05-23T081820.783.png","datePublished":"2025-05-23T11:18:44+00:00","dateModified":"2025-05-23T11:40:12+00:00","breadcrumb":{"@id":"https:\/\/kikimily.com.br\/produto\/blusa-tie-tye-strass-infantil-menina\/#breadcrumb"},"inLanguage":"pt-BR","potentialAction":[{"@type":"ReadAction","target":["https:\/\/kikimily.com.br\/produto\/blusa-tie-tye-strass-infantil-menina\/"]}]},{"@type":"ImageObject","inLanguage":"pt-BR","@id":"https:\/\/kikimily.com.br\/produto\/blusa-tie-tye-strass-infantil-menina\/#primaryimage","url":"https:\/\/kikimily.com.br\/wp-content\/uploads\/Design-sem-nome-2025-05-23T081820.783.png","contentUrl":"https:\/\/kikimily.com.br\/wp-content\/uploads\/Design-sem-nome-2025-05-23T081820.783.png","width":1414,"height":2000},{"@type":"BreadcrumbList","@id":"https:\/\/kikimily.com.br\/produto\/blusa-tie-tye-strass-infantil-menina\/#breadcrumb","itemListElement":[{"@type":"ListItem","position":1,"name":"Home","item":"https:\/\/kikimily.com.br\/"},{"@type":"ListItem","position":2,"name":"Loja","item":"https:\/\/kikimily.com.br\/loja\/"},{"@type":"ListItem","position":3,"name":"Blusa Tie Tye Strass Infantil Menina"}]},{"@type":"WebSite","@id":"https:\/\/kikimily.com.br\/#website","url":"https:\/\/kikimily.com.br\/","name":"Kiki & Mily","description":"Moda infantil","publisher":{"@id":"https:\/\/kikimily.com.br\/#organization"},"potentialAction":[{"@type":"SearchAction","target":{"@type":"EntryPoint","urlTemplate":"https:\/\/kikimily.com.br\/?s={search_term_string}"},"query-input":{"@type":"PropertyValueSpecification","valueRequired":true,"valueName":"search_term_string"}}],"inLanguage":"pt-BR"},{"@type":"Organization","@id":"https:\/\/kikimily.com.br\/#organization","name":"Kiki & Mily","url":"https:\/\/kikimily.com.br\/","logo":{"@type":"ImageObject","inLanguage":"pt-BR","@id":"https:\/\/kikimily.com.br\/#\/schema\/logo\/image\/","url":"https:\/\/kikimily.com.br\/wp-content\/uploads\/MENINAS-3-2.png","contentUrl":"https:\/\/kikimily.com.br\/wp-content\/uploads\/MENINAS-3-2.png","width":1920,"height":768,"caption":"Kiki & Mily"},"image":{"@id":"https:\/\/kikimily.com.br\/#\/schema\/logo\/image\/"},"sameAs":["https:\/\/www.instagram.com\/kikimilyoficial\/"]}]}},"_links":{"self":[{"href":"https:\/\/kikimily.com.br\/pt_br\/wp-json\/wp\/v2\/product\/7713","targetHints":{"allow":["GET"]}}],"collection":[{"href":"https:\/\/kikimily.com.br\/pt_br\/wp-json\/wp\/v2\/product"}],"about":[{"href":"https:\/\/kikimily.com.br\/pt_br\/wp-json\/wp\/v2\/types\/product"}],"replies":[{"embeddable":true,"href":"https:\/\/kikimily.com.br\/pt_br\/wp-json\/wp\/v2\/comments?post=7713"}],"wp:featuredmedia":[{"embeddable":true,"href":"https:\/\/kikimily.com.br\/pt_br\/wp-json\/wp\/v2\/media\/7721"}],"wp:attachment":[{"href":"https:\/\/kikimily.com.br\/pt_br\/wp-json\/wp\/v2\/media?parent=7713"}],"wp:term":[{"taxonomy":"brand","embeddable":true,"href":"https:\/\/kikimily.com.br\/pt_br\/wp-json\/wp\/v2\/etheme_brands?post=7713"},{"taxonomy":"product_brand","embeddable":true,"href":"https:\/\/kikimily.com.br\/pt_br\/wp-json\/wp\/v2\/product_brand?post=7713"},{"taxonomy":"product_cat","embeddable":true,"href":"https:\/\/kikimily.com.br\/pt_br\/wp-json\/wp\/v2\/product_cat?post=7713"},{"taxonomy":"product_tag","embeddable":true,"href":"https:\/\/kikimily.com.br\/pt_br\/wp-json\/wp\/v2\/product_tag?post=7713"}],"curies":[{"name":"wp","href":"https:\/\/api.w.org\/{rel}","templated":true}]}}