{"id":7889,"date":"2025-05-26T14:22:55","date_gmt":"2025-05-26T14:22:55","guid":{"rendered":"https:\/\/kikimily.com.br\/?post_type=product&#038;p=7889"},"modified":"2025-09-08T11:48:25","modified_gmt":"2025-09-08T11:48:25","slug":"blusa-alsa-strass-juvenil-menina-copia","status":"publish","type":"product","link":"https:\/\/kikimily.com.br\/pt_br\/produto\/blusa-alsa-strass-juvenil-menina-copia\/","title":{"rendered":"Blusa Pait\u00ea Juvenil Menina"},"content":{"rendered":"<h3 class=\"\" data-start=\"153\" data-end=\"195\">\u2728 <strong data-start=\"159\" data-end=\"195\">Blusa com Paet\u00ea &#8211; Juvenil Menina<\/strong><\/h3>\n<p class=\"\" data-start=\"197\" data-end=\"423\">Cheia de estilo e brilho, a <strong data-start=\"225\" data-end=\"252\">blusa com paet\u00ea juvenil<\/strong> \u00e9 perfeita para meninas que adoram se destacar com um look moderno e fashionista! Com um toque glamouroso, ela \u00e9 ideal para festas, passeios ou qualquer ocasi\u00e3o especial.<\/p>\n<p>&nbsp;<\/p>\n<p>Tamanho<\/p>\n<p>10,12,14,16<\/p>\n<p>&nbsp;<\/p>\n<p>&nbsp;<\/p>\n<p>Composi\u00e7\u00e3o<\/p>\n<p>95%\u00a0 Algod\u00e3o<\/p>\n<p>5% Elastano<\/p>\n","protected":false},"excerpt":{"rendered":"<p>\u2728 Blusa com Paet\u00ea &#8211; Juvenil Menina Cheia de estilo e brilho, a blusa com paet\u00ea juvenil \u00e9 perfeita para meninas que adoram se destacar&#8230;<\/p>\n","protected":false},"featured_media":7901,"comment_status":"closed","ping_status":"closed","template":"","meta":[],"etheme_brands":[],"product_brand":[],"product_cat":[147,52],"product_tag":[],"class_list":{"0":"post-7889","1":"product","2":"type-product","3":"status-publish","4":"has-post-thumbnail","6":"product_cat-blusinha-jm","7":"product_cat-juvenil-menina","9":"first","10":"instock","11":"shipping-taxable","12":"purchasable","13":"product-type-variable"},"yoast_head":"<!-- This site is optimized with the Yoast SEO plugin v25.9 - https:\/\/yoast.com\/wordpress\/plugins\/seo\/ -->\n<title>Blusa Pait\u00ea Juvenil Menina - Kiki &amp; Mily<\/title>\n<meta name=\"robots\" content=\"index, follow, max-snippet:-1, max-image-preview:large, max-video-preview:-1\" \/>\n<link rel=\"canonical\" href=\"https:\/\/kikimily.com.br\/pt_br\/produto\/blusa-alsa-strass-juvenil-menina-copia\/\" \/>\n<meta property=\"og:locale\" content=\"pt_BR\" \/>\n<meta property=\"og:type\" content=\"article\" \/>\n<meta property=\"og:title\" content=\"Blusa Pait\u00ea Juvenil Menina - Kiki &amp; Mily\" \/>\n<meta property=\"og:description\" content=\"\u2728 Blusa com Paet\u00ea &#8211; Juvenil Menina Cheia de estilo e brilho, a blusa com paet\u00ea juvenil \u00e9 perfeita para meninas que adoram se destacar...\" \/>\n<meta property=\"og:url\" content=\"https:\/\/kikimily.com.br\/pt_br\/produto\/blusa-alsa-strass-juvenil-menina-copia\/\" \/>\n<meta property=\"og:site_name\" content=\"Kiki &amp; Mily\" \/>\n<meta property=\"article:modified_time\" content=\"2025-09-08T11:48:25+00:00\" \/>\n<meta property=\"og:image\" content=\"https:\/\/kikimily.com.br\/wp-content\/uploads\/Design-sem-nome-2025-05-26T112727.265.png\" \/>\n\t<meta property=\"og:image:width\" content=\"1414\" \/>\n\t<meta property=\"og:image:height\" content=\"2000\" \/>\n\t<meta property=\"og:image:type\" content=\"image\/png\" \/>\n<meta name=\"twitter:card\" content=\"summary_large_image\" \/>\n<script type=\"application\/ld+json\" class=\"yoast-schema-graph\">{\"@context\":\"https:\/\/schema.org\",\"@graph\":[{\"@type\":\"WebPage\",\"@id\":\"https:\/\/kikimily.com.br\/produto\/blusa-alsa-strass-juvenil-menina-copia\/\",\"url\":\"https:\/\/kikimily.com.br\/produto\/blusa-alsa-strass-juvenil-menina-copia\/\",\"name\":\"Blusa Pait\u00ea Juvenil Menina - Kiki &amp; Mily\",\"isPartOf\":{\"@id\":\"https:\/\/kikimily.com.br\/#website\"},\"primaryImageOfPage\":{\"@id\":\"https:\/\/kikimily.com.br\/produto\/blusa-alsa-strass-juvenil-menina-copia\/#primaryimage\"},\"image\":{\"@id\":\"https:\/\/kikimily.com.br\/produto\/blusa-alsa-strass-juvenil-menina-copia\/#primaryimage\"},\"thumbnailUrl\":\"https:\/\/kikimily.com.br\/wp-content\/uploads\/Design-sem-nome-2025-05-26T112727.265.png\",\"datePublished\":\"2025-05-26T14:22:55+00:00\",\"dateModified\":\"2025-09-08T11:48:25+00:00\",\"breadcrumb\":{\"@id\":\"https:\/\/kikimily.com.br\/produto\/blusa-alsa-strass-juvenil-menina-copia\/#breadcrumb\"},\"inLanguage\":\"pt-BR\",\"potentialAction\":[{\"@type\":\"ReadAction\",\"target\":[\"https:\/\/kikimily.com.br\/produto\/blusa-alsa-strass-juvenil-menina-copia\/\"]}]},{\"@type\":\"ImageObject\",\"inLanguage\":\"pt-BR\",\"@id\":\"https:\/\/kikimily.com.br\/produto\/blusa-alsa-strass-juvenil-menina-copia\/#primaryimage\",\"url\":\"https:\/\/kikimily.com.br\/wp-content\/uploads\/Design-sem-nome-2025-05-26T112727.265.png\",\"contentUrl\":\"https:\/\/kikimily.com.br\/wp-content\/uploads\/Design-sem-nome-2025-05-26T112727.265.png\",\"width\":1414,\"height\":2000},{\"@type\":\"BreadcrumbList\",\"@id\":\"https:\/\/kikimily.com.br\/produto\/blusa-alsa-strass-juvenil-menina-copia\/#breadcrumb\",\"itemListElement\":[{\"@type\":\"ListItem\",\"position\":1,\"name\":\"Home\",\"item\":\"https:\/\/kikimily.com.br\/\"},{\"@type\":\"ListItem\",\"position\":2,\"name\":\"Loja\",\"item\":\"https:\/\/kikimily.com.br\/loja\/\"},{\"@type\":\"ListItem\",\"position\":3,\"name\":\"Blusa Pait\u00ea Juvenil Menina\"}]},{\"@type\":\"WebSite\",\"@id\":\"https:\/\/kikimily.com.br\/#website\",\"url\":\"https:\/\/kikimily.com.br\/\",\"name\":\"Kiki & Mily\",\"description\":\"Moda infantil\",\"publisher\":{\"@id\":\"https:\/\/kikimily.com.br\/#organization\"},\"potentialAction\":[{\"@type\":\"SearchAction\",\"target\":{\"@type\":\"EntryPoint\",\"urlTemplate\":\"https:\/\/kikimily.com.br\/?s={search_term_string}\"},\"query-input\":{\"@type\":\"PropertyValueSpecification\",\"valueRequired\":true,\"valueName\":\"search_term_string\"}}],\"inLanguage\":\"pt-BR\"},{\"@type\":\"Organization\",\"@id\":\"https:\/\/kikimily.com.br\/#organization\",\"name\":\"Kiki & Mily\",\"url\":\"https:\/\/kikimily.com.br\/\",\"logo\":{\"@type\":\"ImageObject\",\"inLanguage\":\"pt-BR\",\"@id\":\"https:\/\/kikimily.com.br\/#\/schema\/logo\/image\/\",\"url\":\"https:\/\/kikimily.com.br\/wp-content\/uploads\/MENINAS-3-2.png\",\"contentUrl\":\"https:\/\/kikimily.com.br\/wp-content\/uploads\/MENINAS-3-2.png\",\"width\":1920,\"height\":768,\"caption\":\"Kiki & Mily\"},\"image\":{\"@id\":\"https:\/\/kikimily.com.br\/#\/schema\/logo\/image\/\"},\"sameAs\":[\"https:\/\/www.instagram.com\/kikimilyoficial\/\"]}]}<\/script>\n<!-- \/ Yoast SEO plugin. -->","yoast_head_json":{"title":"Blusa Pait\u00ea Juvenil Menina - Kiki &amp; Mily","robots":{"index":"index","follow":"follow","max-snippet":"max-snippet:-1","max-image-preview":"max-image-preview:large","max-video-preview":"max-video-preview:-1"},"canonical":"https:\/\/kikimily.com.br\/pt_br\/produto\/blusa-alsa-strass-juvenil-menina-copia\/","og_locale":"pt_BR","og_type":"article","og_title":"Blusa Pait\u00ea Juvenil Menina - Kiki &amp; Mily","og_description":"\u2728 Blusa com Paet\u00ea &#8211; Juvenil Menina Cheia de estilo e brilho, a blusa com paet\u00ea juvenil \u00e9 perfeita para meninas que adoram se destacar...","og_url":"https:\/\/kikimily.com.br\/pt_br\/produto\/blusa-alsa-strass-juvenil-menina-copia\/","og_site_name":"Kiki &amp; Mily","article_modified_time":"2025-09-08T11:48:25+00:00","og_image":[{"width":1414,"height":2000,"url":"https:\/\/kikimily.com.br\/wp-content\/uploads\/Design-sem-nome-2025-05-26T112727.265.png","type":"image\/png"}],"twitter_card":"summary_large_image","schema":{"@context":"https:\/\/schema.org","@graph":[{"@type":"WebPage","@id":"https:\/\/kikimily.com.br\/produto\/blusa-alsa-strass-juvenil-menina-copia\/","url":"https:\/\/kikimily.com.br\/produto\/blusa-alsa-strass-juvenil-menina-copia\/","name":"Blusa Pait\u00ea Juvenil Menina - Kiki &amp; Mily","isPartOf":{"@id":"https:\/\/kikimily.com.br\/#website"},"primaryImageOfPage":{"@id":"https:\/\/kikimily.com.br\/produto\/blusa-alsa-strass-juvenil-menina-copia\/#primaryimage"},"image":{"@id":"https:\/\/kikimily.com.br\/produto\/blusa-alsa-strass-juvenil-menina-copia\/#primaryimage"},"thumbnailUrl":"https:\/\/kikimily.com.br\/wp-content\/uploads\/Design-sem-nome-2025-05-26T112727.265.png","datePublished":"2025-05-26T14:22:55+00:00","dateModified":"2025-09-08T11:48:25+00:00","breadcrumb":{"@id":"https:\/\/kikimily.com.br\/produto\/blusa-alsa-strass-juvenil-menina-copia\/#breadcrumb"},"inLanguage":"pt-BR","potentialAction":[{"@type":"ReadAction","target":["https:\/\/kikimily.com.br\/produto\/blusa-alsa-strass-juvenil-menina-copia\/"]}]},{"@type":"ImageObject","inLanguage":"pt-BR","@id":"https:\/\/kikimily.com.br\/produto\/blusa-alsa-strass-juvenil-menina-copia\/#primaryimage","url":"https:\/\/kikimily.com.br\/wp-content\/uploads\/Design-sem-nome-2025-05-26T112727.265.png","contentUrl":"https:\/\/kikimily.com.br\/wp-content\/uploads\/Design-sem-nome-2025-05-26T112727.265.png","width":1414,"height":2000},{"@type":"BreadcrumbList","@id":"https:\/\/kikimily.com.br\/produto\/blusa-alsa-strass-juvenil-menina-copia\/#breadcrumb","itemListElement":[{"@type":"ListItem","position":1,"name":"Home","item":"https:\/\/kikimily.com.br\/"},{"@type":"ListItem","position":2,"name":"Loja","item":"https:\/\/kikimily.com.br\/loja\/"},{"@type":"ListItem","position":3,"name":"Blusa Pait\u00ea Juvenil Menina"}]},{"@type":"WebSite","@id":"https:\/\/kikimily.com.br\/#website","url":"https:\/\/kikimily.com.br\/","name":"Kiki & Mily","description":"Moda infantil","publisher":{"@id":"https:\/\/kikimily.com.br\/#organization"},"potentialAction":[{"@type":"SearchAction","target":{"@type":"EntryPoint","urlTemplate":"https:\/\/kikimily.com.br\/?s={search_term_string}"},"query-input":{"@type":"PropertyValueSpecification","valueRequired":true,"valueName":"search_term_string"}}],"inLanguage":"pt-BR"},{"@type":"Organization","@id":"https:\/\/kikimily.com.br\/#organization","name":"Kiki & Mily","url":"https:\/\/kikimily.com.br\/","logo":{"@type":"ImageObject","inLanguage":"pt-BR","@id":"https:\/\/kikimily.com.br\/#\/schema\/logo\/image\/","url":"https:\/\/kikimily.com.br\/wp-content\/uploads\/MENINAS-3-2.png","contentUrl":"https:\/\/kikimily.com.br\/wp-content\/uploads\/MENINAS-3-2.png","width":1920,"height":768,"caption":"Kiki & Mily"},"image":{"@id":"https:\/\/kikimily.com.br\/#\/schema\/logo\/image\/"},"sameAs":["https:\/\/www.instagram.com\/kikimilyoficial\/"]}]}},"_links":{"self":[{"href":"https:\/\/kikimily.com.br\/pt_br\/wp-json\/wp\/v2\/product\/7889","targetHints":{"allow":["GET"]}}],"collection":[{"href":"https:\/\/kikimily.com.br\/pt_br\/wp-json\/wp\/v2\/product"}],"about":[{"href":"https:\/\/kikimily.com.br\/pt_br\/wp-json\/wp\/v2\/types\/product"}],"replies":[{"embeddable":true,"href":"https:\/\/kikimily.com.br\/pt_br\/wp-json\/wp\/v2\/comments?post=7889"}],"wp:featuredmedia":[{"embeddable":true,"href":"https:\/\/kikimily.com.br\/pt_br\/wp-json\/wp\/v2\/media\/7901"}],"wp:attachment":[{"href":"https:\/\/kikimily.com.br\/pt_br\/wp-json\/wp\/v2\/media?parent=7889"}],"wp:term":[{"taxonomy":"brand","embeddable":true,"href":"https:\/\/kikimily.com.br\/pt_br\/wp-json\/wp\/v2\/etheme_brands?post=7889"},{"taxonomy":"product_brand","embeddable":true,"href":"https:\/\/kikimily.com.br\/pt_br\/wp-json\/wp\/v2\/product_brand?post=7889"},{"taxonomy":"product_cat","embeddable":true,"href":"https:\/\/kikimily.com.br\/pt_br\/wp-json\/wp\/v2\/product_cat?post=7889"},{"taxonomy":"product_tag","embeddable":true,"href":"https:\/\/kikimily.com.br\/pt_br\/wp-json\/wp\/v2\/product_tag?post=7889"}],"curies":[{"name":"wp","href":"https:\/\/api.w.org\/{rel}","templated":true}]}}