{"id":8376,"date":"2025-06-11T11:54:45","date_gmt":"2025-06-11T11:54:45","guid":{"rendered":"https:\/\/kikimily.com.br\/?post_type=product&#038;p=8376"},"modified":"2025-11-18T11:56:33","modified_gmt":"2025-11-18T11:56:33","slug":"conjunto-vestido-baby-menina","status":"publish","type":"product","link":"https:\/\/kikimily.com.br\/pt_br\/produto\/conjunto-vestido-baby-menina\/","title":{"rendered":"Conjunto Vestido Baby Menina"},"content":{"rendered":"<h3 data-start=\"169\" data-end=\"251\"><strong data-start=\"176\" data-end=\"251\">Conjunto Vestido Baby Menina \u2013 Delicadeza e Conforto para sua Princesa!<\/strong><\/h3>\n<p data-start=\"253\" data-end=\"411\">Deixe sua beb\u00ea ainda mais charmosa com este lindo <strong data-start=\"303\" data-end=\"338\">conjunto de vestido baby menina<\/strong>, perfeito para todas as ocasi\u00f5es especiais ou aquele passeio em fam\u00edlia!<\/p>\n<p data-start=\"454\" data-end=\"711\">Tamanho<\/p>\n<p data-start=\"454\" data-end=\"711\">1,2,3,4,5<\/p>\n<p data-start=\"454\" data-end=\"711\">Composi\u00e7\u00e3o<\/p>\n<p data-start=\"454\" data-end=\"711\">97% Poliamida<\/p>\n<p data-start=\"454\" data-end=\"711\">3% Elastano<\/p>\n","protected":false},"excerpt":{"rendered":"<p>Conjunto Vestido Baby Menina \u2013 Delicadeza e Conforto para sua Princesa! Deixe sua beb\u00ea ainda mais charmosa com este lindo conjunto de vestido baby menina,&#8230;<\/p>\n","protected":false},"featured_media":8385,"comment_status":"closed","ping_status":"closed","template":"","meta":[],"etheme_brands":[],"product_brand":[],"product_cat":[39,103,260],"product_tag":[],"class_list":{"0":"post-8376","1":"product","2":"type-product","3":"status-publish","4":"has-post-thumbnail","6":"product_cat-baby","7":"product_cat-baby-menina","8":"product_cat-conjunto-outono-inverno-baby-menina","10":"first","11":"instock","12":"shipping-taxable","13":"purchasable","14":"product-type-variable"},"yoast_head":"<!-- This site is optimized with the Yoast SEO plugin v25.9 - https:\/\/yoast.com\/wordpress\/plugins\/seo\/ -->\n<title>Conjunto Vestido Baby Menina - Kiki &amp; Mily<\/title>\n<meta name=\"description\" content=\"Deixe sua beb\u00ea ainda mais charmosa com este lindo conjunto de vestido baby menina, perfeito para todas as ocasi\u00f5es especiais ou aquele passeio em fam\u00edlia!\" \/>\n<meta name=\"robots\" content=\"index, follow, max-snippet:-1, max-image-preview:large, max-video-preview:-1\" \/>\n<link rel=\"canonical\" href=\"https:\/\/kikimily.com.br\/pt_br\/produto\/conjunto-vestido-baby-menina\/\" \/>\n<meta property=\"og:locale\" content=\"pt_BR\" \/>\n<meta property=\"og:type\" content=\"article\" \/>\n<meta property=\"og:title\" content=\"Conjunto Vestido Baby Menina - Kiki &amp; Mily\" \/>\n<meta property=\"og:description\" content=\"Deixe sua beb\u00ea ainda mais charmosa com este lindo conjunto de vestido baby menina, perfeito para todas as ocasi\u00f5es especiais ou aquele passeio em fam\u00edlia!\" \/>\n<meta property=\"og:url\" content=\"https:\/\/kikimily.com.br\/pt_br\/produto\/conjunto-vestido-baby-menina\/\" \/>\n<meta property=\"og:site_name\" content=\"Kiki &amp; Mily\" \/>\n<meta property=\"article:modified_time\" content=\"2025-11-18T11:56:33+00:00\" \/>\n<meta property=\"og:image\" content=\"https:\/\/kikimily.com.br\/wp-content\/uploads\/Design-sem-nome-2025-06-11T083009.534.png\" \/>\n\t<meta property=\"og:image:width\" content=\"1414\" \/>\n\t<meta property=\"og:image:height\" content=\"2000\" \/>\n\t<meta property=\"og:image:type\" content=\"image\/png\" \/>\n<meta name=\"twitter:card\" content=\"summary_large_image\" \/>\n<meta name=\"twitter:label1\" content=\"Est. tempo de leitura\" \/>\n\t<meta name=\"twitter:data1\" content=\"1 minuto\" \/>\n<script type=\"application\/ld+json\" class=\"yoast-schema-graph\">{\"@context\":\"https:\/\/schema.org\",\"@graph\":[{\"@type\":\"WebPage\",\"@id\":\"https:\/\/kikimily.com.br\/produto\/conjunto-vestido-baby-menina\/\",\"url\":\"https:\/\/kikimily.com.br\/produto\/conjunto-vestido-baby-menina\/\",\"name\":\"Conjunto Vestido Baby Menina - Kiki &amp; Mily\",\"isPartOf\":{\"@id\":\"https:\/\/kikimily.com.br\/#website\"},\"primaryImageOfPage\":{\"@id\":\"https:\/\/kikimily.com.br\/produto\/conjunto-vestido-baby-menina\/#primaryimage\"},\"image\":{\"@id\":\"https:\/\/kikimily.com.br\/produto\/conjunto-vestido-baby-menina\/#primaryimage\"},\"thumbnailUrl\":\"https:\/\/kikimily.com.br\/wp-content\/uploads\/Design-sem-nome-2025-06-11T083009.534.png\",\"datePublished\":\"2025-06-11T11:54:45+00:00\",\"dateModified\":\"2025-11-18T11:56:33+00:00\",\"description\":\"Deixe sua beb\u00ea ainda mais charmosa com este lindo conjunto de vestido baby menina, perfeito para todas as ocasi\u00f5es especiais ou aquele passeio em fam\u00edlia!\",\"breadcrumb\":{\"@id\":\"https:\/\/kikimily.com.br\/produto\/conjunto-vestido-baby-menina\/#breadcrumb\"},\"inLanguage\":\"pt-BR\",\"potentialAction\":[{\"@type\":\"ReadAction\",\"target\":[\"https:\/\/kikimily.com.br\/produto\/conjunto-vestido-baby-menina\/\"]}]},{\"@type\":\"ImageObject\",\"inLanguage\":\"pt-BR\",\"@id\":\"https:\/\/kikimily.com.br\/produto\/conjunto-vestido-baby-menina\/#primaryimage\",\"url\":\"https:\/\/kikimily.com.br\/wp-content\/uploads\/Design-sem-nome-2025-06-11T083009.534.png\",\"contentUrl\":\"https:\/\/kikimily.com.br\/wp-content\/uploads\/Design-sem-nome-2025-06-11T083009.534.png\",\"width\":1414,\"height\":2000},{\"@type\":\"BreadcrumbList\",\"@id\":\"https:\/\/kikimily.com.br\/produto\/conjunto-vestido-baby-menina\/#breadcrumb\",\"itemListElement\":[{\"@type\":\"ListItem\",\"position\":1,\"name\":\"Home\",\"item\":\"https:\/\/kikimily.com.br\/\"},{\"@type\":\"ListItem\",\"position\":2,\"name\":\"Loja\",\"item\":\"https:\/\/kikimily.com.br\/loja\/\"},{\"@type\":\"ListItem\",\"position\":3,\"name\":\"Conjunto Vestido Baby Menina\"}]},{\"@type\":\"WebSite\",\"@id\":\"https:\/\/kikimily.com.br\/#website\",\"url\":\"https:\/\/kikimily.com.br\/\",\"name\":\"Kiki & Mily\",\"description\":\"Moda infantil\",\"publisher\":{\"@id\":\"https:\/\/kikimily.com.br\/#organization\"},\"potentialAction\":[{\"@type\":\"SearchAction\",\"target\":{\"@type\":\"EntryPoint\",\"urlTemplate\":\"https:\/\/kikimily.com.br\/?s={search_term_string}\"},\"query-input\":{\"@type\":\"PropertyValueSpecification\",\"valueRequired\":true,\"valueName\":\"search_term_string\"}}],\"inLanguage\":\"pt-BR\"},{\"@type\":\"Organization\",\"@id\":\"https:\/\/kikimily.com.br\/#organization\",\"name\":\"Kiki & Mily\",\"url\":\"https:\/\/kikimily.com.br\/\",\"logo\":{\"@type\":\"ImageObject\",\"inLanguage\":\"pt-BR\",\"@id\":\"https:\/\/kikimily.com.br\/#\/schema\/logo\/image\/\",\"url\":\"https:\/\/kikimily.com.br\/wp-content\/uploads\/MENINAS-3-2.png\",\"contentUrl\":\"https:\/\/kikimily.com.br\/wp-content\/uploads\/MENINAS-3-2.png\",\"width\":1920,\"height\":768,\"caption\":\"Kiki & Mily\"},\"image\":{\"@id\":\"https:\/\/kikimily.com.br\/#\/schema\/logo\/image\/\"},\"sameAs\":[\"https:\/\/www.instagram.com\/kikimilyoficial\/\"]}]}<\/script>\n<!-- \/ Yoast SEO plugin. -->","yoast_head_json":{"title":"Conjunto Vestido Baby Menina - Kiki &amp; Mily","description":"Deixe sua beb\u00ea ainda mais charmosa com este lindo conjunto de vestido baby menina, perfeito para todas as ocasi\u00f5es especiais ou aquele passeio em fam\u00edlia!","robots":{"index":"index","follow":"follow","max-snippet":"max-snippet:-1","max-image-preview":"max-image-preview:large","max-video-preview":"max-video-preview:-1"},"canonical":"https:\/\/kikimily.com.br\/pt_br\/produto\/conjunto-vestido-baby-menina\/","og_locale":"pt_BR","og_type":"article","og_title":"Conjunto Vestido Baby Menina - Kiki &amp; Mily","og_description":"Deixe sua beb\u00ea ainda mais charmosa com este lindo conjunto de vestido baby menina, perfeito para todas as ocasi\u00f5es especiais ou aquele passeio em fam\u00edlia!","og_url":"https:\/\/kikimily.com.br\/pt_br\/produto\/conjunto-vestido-baby-menina\/","og_site_name":"Kiki &amp; Mily","article_modified_time":"2025-11-18T11:56:33+00:00","og_image":[{"width":1414,"height":2000,"url":"https:\/\/kikimily.com.br\/wp-content\/uploads\/Design-sem-nome-2025-06-11T083009.534.png","type":"image\/png"}],"twitter_card":"summary_large_image","twitter_misc":{"Est. tempo de leitura":"1 minuto"},"schema":{"@context":"https:\/\/schema.org","@graph":[{"@type":"WebPage","@id":"https:\/\/kikimily.com.br\/produto\/conjunto-vestido-baby-menina\/","url":"https:\/\/kikimily.com.br\/produto\/conjunto-vestido-baby-menina\/","name":"Conjunto Vestido Baby Menina - Kiki &amp; Mily","isPartOf":{"@id":"https:\/\/kikimily.com.br\/#website"},"primaryImageOfPage":{"@id":"https:\/\/kikimily.com.br\/produto\/conjunto-vestido-baby-menina\/#primaryimage"},"image":{"@id":"https:\/\/kikimily.com.br\/produto\/conjunto-vestido-baby-menina\/#primaryimage"},"thumbnailUrl":"https:\/\/kikimily.com.br\/wp-content\/uploads\/Design-sem-nome-2025-06-11T083009.534.png","datePublished":"2025-06-11T11:54:45+00:00","dateModified":"2025-11-18T11:56:33+00:00","description":"Deixe sua beb\u00ea ainda mais charmosa com este lindo conjunto de vestido baby menina, perfeito para todas as ocasi\u00f5es especiais ou aquele passeio em fam\u00edlia!","breadcrumb":{"@id":"https:\/\/kikimily.com.br\/produto\/conjunto-vestido-baby-menina\/#breadcrumb"},"inLanguage":"pt-BR","potentialAction":[{"@type":"ReadAction","target":["https:\/\/kikimily.com.br\/produto\/conjunto-vestido-baby-menina\/"]}]},{"@type":"ImageObject","inLanguage":"pt-BR","@id":"https:\/\/kikimily.com.br\/produto\/conjunto-vestido-baby-menina\/#primaryimage","url":"https:\/\/kikimily.com.br\/wp-content\/uploads\/Design-sem-nome-2025-06-11T083009.534.png","contentUrl":"https:\/\/kikimily.com.br\/wp-content\/uploads\/Design-sem-nome-2025-06-11T083009.534.png","width":1414,"height":2000},{"@type":"BreadcrumbList","@id":"https:\/\/kikimily.com.br\/produto\/conjunto-vestido-baby-menina\/#breadcrumb","itemListElement":[{"@type":"ListItem","position":1,"name":"Home","item":"https:\/\/kikimily.com.br\/"},{"@type":"ListItem","position":2,"name":"Loja","item":"https:\/\/kikimily.com.br\/loja\/"},{"@type":"ListItem","position":3,"name":"Conjunto Vestido Baby Menina"}]},{"@type":"WebSite","@id":"https:\/\/kikimily.com.br\/#website","url":"https:\/\/kikimily.com.br\/","name":"Kiki & Mily","description":"Moda infantil","publisher":{"@id":"https:\/\/kikimily.com.br\/#organization"},"potentialAction":[{"@type":"SearchAction","target":{"@type":"EntryPoint","urlTemplate":"https:\/\/kikimily.com.br\/?s={search_term_string}"},"query-input":{"@type":"PropertyValueSpecification","valueRequired":true,"valueName":"search_term_string"}}],"inLanguage":"pt-BR"},{"@type":"Organization","@id":"https:\/\/kikimily.com.br\/#organization","name":"Kiki & Mily","url":"https:\/\/kikimily.com.br\/","logo":{"@type":"ImageObject","inLanguage":"pt-BR","@id":"https:\/\/kikimily.com.br\/#\/schema\/logo\/image\/","url":"https:\/\/kikimily.com.br\/wp-content\/uploads\/MENINAS-3-2.png","contentUrl":"https:\/\/kikimily.com.br\/wp-content\/uploads\/MENINAS-3-2.png","width":1920,"height":768,"caption":"Kiki & Mily"},"image":{"@id":"https:\/\/kikimily.com.br\/#\/schema\/logo\/image\/"},"sameAs":["https:\/\/www.instagram.com\/kikimilyoficial\/"]}]}},"_links":{"self":[{"href":"https:\/\/kikimily.com.br\/pt_br\/wp-json\/wp\/v2\/product\/8376","targetHints":{"allow":["GET"]}}],"collection":[{"href":"https:\/\/kikimily.com.br\/pt_br\/wp-json\/wp\/v2\/product"}],"about":[{"href":"https:\/\/kikimily.com.br\/pt_br\/wp-json\/wp\/v2\/types\/product"}],"replies":[{"embeddable":true,"href":"https:\/\/kikimily.com.br\/pt_br\/wp-json\/wp\/v2\/comments?post=8376"}],"wp:featuredmedia":[{"embeddable":true,"href":"https:\/\/kikimily.com.br\/pt_br\/wp-json\/wp\/v2\/media\/8385"}],"wp:attachment":[{"href":"https:\/\/kikimily.com.br\/pt_br\/wp-json\/wp\/v2\/media?parent=8376"}],"wp:term":[{"taxonomy":"brand","embeddable":true,"href":"https:\/\/kikimily.com.br\/pt_br\/wp-json\/wp\/v2\/etheme_brands?post=8376"},{"taxonomy":"product_brand","embeddable":true,"href":"https:\/\/kikimily.com.br\/pt_br\/wp-json\/wp\/v2\/product_brand?post=8376"},{"taxonomy":"product_cat","embeddable":true,"href":"https:\/\/kikimily.com.br\/pt_br\/wp-json\/wp\/v2\/product_cat?post=8376"},{"taxonomy":"product_tag","embeddable":true,"href":"https:\/\/kikimily.com.br\/pt_br\/wp-json\/wp\/v2\/product_tag?post=8376"}],"curies":[{"name":"wp","href":"https:\/\/api.w.org\/{rel}","templated":true}]}}