{"id":8399,"date":"2025-06-11T13:50:14","date_gmt":"2025-06-11T13:50:14","guid":{"rendered":"https:\/\/kikimily.com.br\/?post_type=product&#038;p=8399"},"modified":"2025-10-27T13:15:14","modified_gmt":"2025-10-27T13:15:14","slug":"conjunto-saia-infantil-menina","status":"publish","type":"product","link":"https:\/\/kikimily.com.br\/pt_br\/produto\/conjunto-saia-infantil-menina\/","title":{"rendered":"Conjunto Saia Infantil Menina"},"content":{"rendered":"<h3 data-start=\"169\" data-end=\"251\"><strong data-start=\"176\" data-end=\"251\">Conjunto Saia\u00a0 Infantil\u00a0 Menina \u2013 Delicadeza e Conforto para sua Princesa!<\/strong><\/h3>\n<h3 data-start=\"102\" data-end=\"179\"><strong data-start=\"109\" data-end=\"179\">Conjunto Infantil Mily Girl com Saia de Babados e Blusa de Ursinho<\/strong><\/h3>\n<p data-start=\"181\" data-end=\"602\">Encante-se com este lindo conjunto infantil <strong data-start=\"225\" data-end=\"238\">Mily Girl<\/strong>, ideal para deixar as meninas ainda mais estilosas e confort\u00e1veis!<br data-start=\"305\" data-end=\"308\" \/>A blusa branca de manga longa traz um delicado bordado com o nome <em data-start=\"374\" data-end=\"385\">Mily Girl<\/em> e um ursinho fofo com detalhes em brilho.<br data-start=\"427\" data-end=\"430\" \/>A saia com babados possui <strong data-start=\"456\" data-end=\"509\">estampa divertida de bichinhos e letras coloridas<\/strong>, al\u00e9m de um <strong data-start=\"522\" data-end=\"555\">lindo la\u00e7o de veludo vermelho<\/strong> na cintura que completa o visual com charme.<\/p>\n<hr data-start=\"604\" data-end=\"607\" \/>\n<p data-start=\"609\" data-end=\"637\"><strong data-start=\"609\" data-end=\"635\">\u00a0 Detalhes do Produto:<\/strong><\/p>\n<ul data-start=\"638\" data-end=\"930\">\n<li data-start=\"638\" data-end=\"680\">\n<p data-start=\"640\" data-end=\"680\">Conjunto composto por <strong data-start=\"662\" data-end=\"678\">blusa e saia<\/strong><\/p>\n<\/li>\n<li data-start=\"681\" data-end=\"742\">\n<p data-start=\"683\" data-end=\"742\">Blusa branca com bordado de ursinho e escrita \u201cMily Girl\u201d<\/p>\n<\/li>\n<li data-start=\"743\" data-end=\"793\">\n<p data-start=\"745\" data-end=\"793\">Saia com <strong data-start=\"754\" data-end=\"776\">camadas de babados<\/strong> e estampa fofa<\/p>\n<\/li>\n<li data-start=\"794\" data-end=\"837\">\n<p data-start=\"796\" data-end=\"837\"><strong data-start=\"796\" data-end=\"813\">La\u00e7o vermelho<\/strong> decorativo na cintura<\/p>\n<\/li>\n<li data-start=\"838\" data-end=\"883\">\n<p data-start=\"840\" data-end=\"883\">Tecido leve, confort\u00e1vel e de toque macio<\/p>\n<\/li>\n<li data-start=\"884\" data-end=\"930\">\n<p data-start=\"886\" data-end=\"930\">Ideal para o dia a dia, passeios ou festas<\/p>\n<\/li>\n<\/ul>\n<p data-start=\"454\" data-end=\"711\">2,4,6,8<\/p>\n<p data-start=\"454\" data-end=\"711\">Composi\u00e7\u00e3o<\/p>\n<p data-start=\"454\" data-end=\"711\">97% Poliamida<\/p>\n<p data-start=\"454\" data-end=\"711\">3% Elastano<\/p>\n","protected":false},"excerpt":{"rendered":"<p>Conjunto Saia\u00a0 Infantil\u00a0 Menina \u2013 Delicadeza e Conforto para sua Princesa! Conjunto Infantil Mily Girl com Saia de Babados e Blusa de Ursinho Encante-se com&#8230;<\/p>\n","protected":false},"featured_media":8410,"comment_status":"closed","ping_status":"closed","template":"","meta":[],"etheme_brands":[],"product_brand":[],"product_cat":[90,32],"product_tag":[156],"class_list":{"0":"post-8399","1":"product","2":"type-product","3":"status-publish","4":"has-post-thumbnail","6":"product_cat-conjunto-outono-inverno","7":"product_cat-menina","8":"product_tag-baby","10":"first","11":"instock","12":"shipping-taxable","13":"purchasable","14":"product-type-variable"},"yoast_head":"<!-- This site is optimized with the Yoast SEO plugin v25.9 - https:\/\/yoast.com\/wordpress\/plugins\/seo\/ -->\n<title>Conjunto Saia Infantil Menina - Kiki &amp; Mily<\/title>\n<meta name=\"description\" content=\"Deixe sua beb\u00ea ainda mais charmosa com este lindo conjunto de vestido baby menina, perfeito para todas as ocasi\u00f5es especiais ou aquele passeio em fam\u00edlia!\" \/>\n<meta name=\"robots\" content=\"index, follow, max-snippet:-1, max-image-preview:large, max-video-preview:-1\" \/>\n<link rel=\"canonical\" href=\"https:\/\/kikimily.com.br\/pt_br\/produto\/conjunto-saia-infantil-menina\/\" \/>\n<meta property=\"og:locale\" content=\"pt_BR\" \/>\n<meta property=\"og:type\" content=\"article\" \/>\n<meta property=\"og:title\" content=\"Conjunto Saia Infantil Menina - Kiki &amp; Mily\" \/>\n<meta property=\"og:description\" content=\"Deixe sua beb\u00ea ainda mais charmosa com este lindo conjunto de vestido baby menina, perfeito para todas as ocasi\u00f5es especiais ou aquele passeio em fam\u00edlia!\" \/>\n<meta property=\"og:url\" content=\"https:\/\/kikimily.com.br\/pt_br\/produto\/conjunto-saia-infantil-menina\/\" \/>\n<meta property=\"og:site_name\" content=\"Kiki &amp; Mily\" \/>\n<meta property=\"article:modified_time\" content=\"2025-10-27T13:15:14+00:00\" \/>\n<meta property=\"og:image\" content=\"https:\/\/kikimily.com.br\/wp-content\/uploads\/Design-sem-nome-2025-06-11T083114.508.png\" \/>\n\t<meta property=\"og:image:width\" content=\"1414\" \/>\n\t<meta property=\"og:image:height\" content=\"2000\" \/>\n\t<meta property=\"og:image:type\" content=\"image\/png\" \/>\n<meta name=\"twitter:card\" content=\"summary_large_image\" \/>\n<meta name=\"twitter:label1\" content=\"Est. tempo de leitura\" \/>\n\t<meta name=\"twitter:data1\" content=\"2 minutos\" \/>\n<script type=\"application\/ld+json\" class=\"yoast-schema-graph\">{\"@context\":\"https:\/\/schema.org\",\"@graph\":[{\"@type\":\"WebPage\",\"@id\":\"https:\/\/kikimily.com.br\/produto\/conjunto-saia-infantil-menina\/\",\"url\":\"https:\/\/kikimily.com.br\/produto\/conjunto-saia-infantil-menina\/\",\"name\":\"Conjunto Saia Infantil Menina - Kiki &amp; Mily\",\"isPartOf\":{\"@id\":\"https:\/\/kikimily.com.br\/#website\"},\"primaryImageOfPage\":{\"@id\":\"https:\/\/kikimily.com.br\/produto\/conjunto-saia-infantil-menina\/#primaryimage\"},\"image\":{\"@id\":\"https:\/\/kikimily.com.br\/produto\/conjunto-saia-infantil-menina\/#primaryimage\"},\"thumbnailUrl\":\"https:\/\/kikimily.com.br\/wp-content\/uploads\/Design-sem-nome-2025-06-11T083114.508.png\",\"datePublished\":\"2025-06-11T13:50:14+00:00\",\"dateModified\":\"2025-10-27T13:15:14+00:00\",\"description\":\"Deixe sua beb\u00ea ainda mais charmosa com este lindo conjunto de vestido baby menina, perfeito para todas as ocasi\u00f5es especiais ou aquele passeio em fam\u00edlia!\",\"breadcrumb\":{\"@id\":\"https:\/\/kikimily.com.br\/produto\/conjunto-saia-infantil-menina\/#breadcrumb\"},\"inLanguage\":\"pt-BR\",\"potentialAction\":[{\"@type\":\"ReadAction\",\"target\":[\"https:\/\/kikimily.com.br\/produto\/conjunto-saia-infantil-menina\/\"]}]},{\"@type\":\"ImageObject\",\"inLanguage\":\"pt-BR\",\"@id\":\"https:\/\/kikimily.com.br\/produto\/conjunto-saia-infantil-menina\/#primaryimage\",\"url\":\"https:\/\/kikimily.com.br\/wp-content\/uploads\/Design-sem-nome-2025-06-11T083114.508.png\",\"contentUrl\":\"https:\/\/kikimily.com.br\/wp-content\/uploads\/Design-sem-nome-2025-06-11T083114.508.png\",\"width\":1414,\"height\":2000},{\"@type\":\"BreadcrumbList\",\"@id\":\"https:\/\/kikimily.com.br\/produto\/conjunto-saia-infantil-menina\/#breadcrumb\",\"itemListElement\":[{\"@type\":\"ListItem\",\"position\":1,\"name\":\"Home\",\"item\":\"https:\/\/kikimily.com.br\/\"},{\"@type\":\"ListItem\",\"position\":2,\"name\":\"Loja\",\"item\":\"https:\/\/kikimily.com.br\/loja\/\"},{\"@type\":\"ListItem\",\"position\":3,\"name\":\"Conjunto Saia Infantil Menina\"}]},{\"@type\":\"WebSite\",\"@id\":\"https:\/\/kikimily.com.br\/#website\",\"url\":\"https:\/\/kikimily.com.br\/\",\"name\":\"Kiki & Mily\",\"description\":\"Moda infantil\",\"publisher\":{\"@id\":\"https:\/\/kikimily.com.br\/#organization\"},\"potentialAction\":[{\"@type\":\"SearchAction\",\"target\":{\"@type\":\"EntryPoint\",\"urlTemplate\":\"https:\/\/kikimily.com.br\/?s={search_term_string}\"},\"query-input\":{\"@type\":\"PropertyValueSpecification\",\"valueRequired\":true,\"valueName\":\"search_term_string\"}}],\"inLanguage\":\"pt-BR\"},{\"@type\":\"Organization\",\"@id\":\"https:\/\/kikimily.com.br\/#organization\",\"name\":\"Kiki & Mily\",\"url\":\"https:\/\/kikimily.com.br\/\",\"logo\":{\"@type\":\"ImageObject\",\"inLanguage\":\"pt-BR\",\"@id\":\"https:\/\/kikimily.com.br\/#\/schema\/logo\/image\/\",\"url\":\"https:\/\/kikimily.com.br\/wp-content\/uploads\/MENINAS-3-2.png\",\"contentUrl\":\"https:\/\/kikimily.com.br\/wp-content\/uploads\/MENINAS-3-2.png\",\"width\":1920,\"height\":768,\"caption\":\"Kiki & Mily\"},\"image\":{\"@id\":\"https:\/\/kikimily.com.br\/#\/schema\/logo\/image\/\"},\"sameAs\":[\"https:\/\/www.instagram.com\/kikimilyoficial\/\"]}]}<\/script>\n<!-- \/ Yoast SEO plugin. -->","yoast_head_json":{"title":"Conjunto Saia Infantil Menina - Kiki &amp; Mily","description":"Deixe sua beb\u00ea ainda mais charmosa com este lindo conjunto de vestido baby menina, perfeito para todas as ocasi\u00f5es especiais ou aquele passeio em fam\u00edlia!","robots":{"index":"index","follow":"follow","max-snippet":"max-snippet:-1","max-image-preview":"max-image-preview:large","max-video-preview":"max-video-preview:-1"},"canonical":"https:\/\/kikimily.com.br\/pt_br\/produto\/conjunto-saia-infantil-menina\/","og_locale":"pt_BR","og_type":"article","og_title":"Conjunto Saia Infantil Menina - Kiki &amp; Mily","og_description":"Deixe sua beb\u00ea ainda mais charmosa com este lindo conjunto de vestido baby menina, perfeito para todas as ocasi\u00f5es especiais ou aquele passeio em fam\u00edlia!","og_url":"https:\/\/kikimily.com.br\/pt_br\/produto\/conjunto-saia-infantil-menina\/","og_site_name":"Kiki &amp; Mily","article_modified_time":"2025-10-27T13:15:14+00:00","og_image":[{"width":1414,"height":2000,"url":"https:\/\/kikimily.com.br\/wp-content\/uploads\/Design-sem-nome-2025-06-11T083114.508.png","type":"image\/png"}],"twitter_card":"summary_large_image","twitter_misc":{"Est. tempo de leitura":"2 minutos"},"schema":{"@context":"https:\/\/schema.org","@graph":[{"@type":"WebPage","@id":"https:\/\/kikimily.com.br\/produto\/conjunto-saia-infantil-menina\/","url":"https:\/\/kikimily.com.br\/produto\/conjunto-saia-infantil-menina\/","name":"Conjunto Saia Infantil Menina - Kiki &amp; Mily","isPartOf":{"@id":"https:\/\/kikimily.com.br\/#website"},"primaryImageOfPage":{"@id":"https:\/\/kikimily.com.br\/produto\/conjunto-saia-infantil-menina\/#primaryimage"},"image":{"@id":"https:\/\/kikimily.com.br\/produto\/conjunto-saia-infantil-menina\/#primaryimage"},"thumbnailUrl":"https:\/\/kikimily.com.br\/wp-content\/uploads\/Design-sem-nome-2025-06-11T083114.508.png","datePublished":"2025-06-11T13:50:14+00:00","dateModified":"2025-10-27T13:15:14+00:00","description":"Deixe sua beb\u00ea ainda mais charmosa com este lindo conjunto de vestido baby menina, perfeito para todas as ocasi\u00f5es especiais ou aquele passeio em fam\u00edlia!","breadcrumb":{"@id":"https:\/\/kikimily.com.br\/produto\/conjunto-saia-infantil-menina\/#breadcrumb"},"inLanguage":"pt-BR","potentialAction":[{"@type":"ReadAction","target":["https:\/\/kikimily.com.br\/produto\/conjunto-saia-infantil-menina\/"]}]},{"@type":"ImageObject","inLanguage":"pt-BR","@id":"https:\/\/kikimily.com.br\/produto\/conjunto-saia-infantil-menina\/#primaryimage","url":"https:\/\/kikimily.com.br\/wp-content\/uploads\/Design-sem-nome-2025-06-11T083114.508.png","contentUrl":"https:\/\/kikimily.com.br\/wp-content\/uploads\/Design-sem-nome-2025-06-11T083114.508.png","width":1414,"height":2000},{"@type":"BreadcrumbList","@id":"https:\/\/kikimily.com.br\/produto\/conjunto-saia-infantil-menina\/#breadcrumb","itemListElement":[{"@type":"ListItem","position":1,"name":"Home","item":"https:\/\/kikimily.com.br\/"},{"@type":"ListItem","position":2,"name":"Loja","item":"https:\/\/kikimily.com.br\/loja\/"},{"@type":"ListItem","position":3,"name":"Conjunto Saia Infantil Menina"}]},{"@type":"WebSite","@id":"https:\/\/kikimily.com.br\/#website","url":"https:\/\/kikimily.com.br\/","name":"Kiki & Mily","description":"Moda infantil","publisher":{"@id":"https:\/\/kikimily.com.br\/#organization"},"potentialAction":[{"@type":"SearchAction","target":{"@type":"EntryPoint","urlTemplate":"https:\/\/kikimily.com.br\/?s={search_term_string}"},"query-input":{"@type":"PropertyValueSpecification","valueRequired":true,"valueName":"search_term_string"}}],"inLanguage":"pt-BR"},{"@type":"Organization","@id":"https:\/\/kikimily.com.br\/#organization","name":"Kiki & Mily","url":"https:\/\/kikimily.com.br\/","logo":{"@type":"ImageObject","inLanguage":"pt-BR","@id":"https:\/\/kikimily.com.br\/#\/schema\/logo\/image\/","url":"https:\/\/kikimily.com.br\/wp-content\/uploads\/MENINAS-3-2.png","contentUrl":"https:\/\/kikimily.com.br\/wp-content\/uploads\/MENINAS-3-2.png","width":1920,"height":768,"caption":"Kiki & Mily"},"image":{"@id":"https:\/\/kikimily.com.br\/#\/schema\/logo\/image\/"},"sameAs":["https:\/\/www.instagram.com\/kikimilyoficial\/"]}]}},"_links":{"self":[{"href":"https:\/\/kikimily.com.br\/pt_br\/wp-json\/wp\/v2\/product\/8399","targetHints":{"allow":["GET"]}}],"collection":[{"href":"https:\/\/kikimily.com.br\/pt_br\/wp-json\/wp\/v2\/product"}],"about":[{"href":"https:\/\/kikimily.com.br\/pt_br\/wp-json\/wp\/v2\/types\/product"}],"replies":[{"embeddable":true,"href":"https:\/\/kikimily.com.br\/pt_br\/wp-json\/wp\/v2\/comments?post=8399"}],"wp:featuredmedia":[{"embeddable":true,"href":"https:\/\/kikimily.com.br\/pt_br\/wp-json\/wp\/v2\/media\/8410"}],"wp:attachment":[{"href":"https:\/\/kikimily.com.br\/pt_br\/wp-json\/wp\/v2\/media?parent=8399"}],"wp:term":[{"taxonomy":"brand","embeddable":true,"href":"https:\/\/kikimily.com.br\/pt_br\/wp-json\/wp\/v2\/etheme_brands?post=8399"},{"taxonomy":"product_brand","embeddable":true,"href":"https:\/\/kikimily.com.br\/pt_br\/wp-json\/wp\/v2\/product_brand?post=8399"},{"taxonomy":"product_cat","embeddable":true,"href":"https:\/\/kikimily.com.br\/pt_br\/wp-json\/wp\/v2\/product_cat?post=8399"},{"taxonomy":"product_tag","embeddable":true,"href":"https:\/\/kikimily.com.br\/pt_br\/wp-json\/wp\/v2\/product_tag?post=8399"}],"curies":[{"name":"wp","href":"https:\/\/api.w.org\/{rel}","templated":true}]}}