{"id":9522,"date":"2025-09-08T17:16:54","date_gmt":"2025-09-08T17:16:54","guid":{"rendered":"https:\/\/kikimily.com.br\/?post_type=product&#038;p=9522"},"modified":"2025-09-08T17:31:10","modified_gmt":"2025-09-08T17:31:10","slug":"blusa-trico-losangulo-com-relevo","status":"publish","type":"product","link":"https:\/\/kikimily.com.br\/pt_br\/produto\/blusa-trico-losangulo-com-relevo\/","title":{"rendered":"Blusa Trico losangulo com relevo"},"content":{"rendered":"<article class=\"text-token-text-primary w-full focus:outline-none scroll-mt-[calc(var(--header-height)+min(200px,max(70px,20svh)))]\" dir=\"auto\" tabindex=\"-1\" data-turn-id=\"fe181206-8281-4e7d-ba08-2f39b2234f45\" data-testid=\"conversation-turn-2\" data-scroll-anchor=\"true\" data-turn=\"assistant\">\n<div class=\"text-base my-auto mx-auto pb-10 [--thread-content-margin:--spacing(4)] thread-sm:[--thread-content-margin:--spacing(6)] thread-lg:[--thread-content-margin:--spacing(16)] px-(--thread-content-margin)\">\n<div class=\"[--thread-content-max-width:40rem] thread-sm:[--thread-content-max-width:40rem] thread-lg:[--thread-content-max-width:48rem] mx-auto max-w-(--thread-content-max-width) flex-1 group\/turn-messages focus-visible:outline-hidden relative flex w-full min-w-0 flex-col agent-turn\" tabindex=\"-1\">\n<div class=\"flex max-w-full flex-col grow\">\n<div class=\"min-h-8 text-message relative flex w-full flex-col items-end gap-2 text-start break-words whitespace-normal [.text-message+&amp;]:mt-5\" dir=\"auto\" data-message-author-role=\"assistant\" data-message-id=\"53b59339-030e-470d-961c-deb3c504d1a4\" data-message-model-slug=\"gpt-5\">\n<div class=\"flex w-full flex-col gap-1 empty:hidden first:pt-[3px]\">\n<div class=\"markdown prose dark:prose-invert w-full break-words light markdown-new-styling\">\n<p data-start=\"0\" data-end=\"390\" data-is-last-node=\"\" data-is-only-node=\"\">Blusa infantil em tric\u00f4, confeccionada em fio macio e confort\u00e1vel. Possui modelagem tradicional com gola redonda e mangas longas, ideal para os dias mais fresquinhos. O destaque fica por conta do detalhe em relevo geom\u00e9trico por toda a pe\u00e7a, que traz charme e modernidade ao visual. Vers\u00e1til, combina facilmente com saias, cal\u00e7as e shorts, garantindo estilo e aconchego em qualquer ocasi\u00e3o.<\/p>\n<\/div>\n<\/div>\n<\/div>\n<\/div>\n<div class=\"flex min-h-[46px] justify-start\"><\/div>\n<div class=\"mt-3 w-full empty:hidden\">\n<div class=\"text-center\"><\/div>\n<\/div>\n<\/div>\n<\/div>\n<\/article>\n<div class=\"pointer-events-none h-px w-px\" aria-hidden=\"true\" data-edge=\"true\"><\/div>\n","protected":false},"excerpt":{"rendered":"<p>Blusa infantil em tric\u00f4, confeccionada em fio macio e confort\u00e1vel. Possui modelagem tradicional com gola redonda e mangas longas, ideal para os dias mais fresquinhos&#8230;.<\/p>\n","protected":false},"featured_media":9523,"comment_status":"closed","ping_status":"closed","template":"","meta":[],"etheme_brands":[],"product_brand":[],"product_cat":[32,69],"product_tag":[],"class_list":{"0":"post-9522","1":"product","2":"type-product","3":"status-publish","4":"has-post-thumbnail","6":"product_cat-menina","7":"product_cat-trico-menina","9":"first","10":"instock","11":"sale","12":"shipping-taxable","13":"purchasable","14":"product-type-variable"},"yoast_head":"<!-- This site is optimized with the Yoast SEO plugin v25.9 - https:\/\/yoast.com\/wordpress\/plugins\/seo\/ -->\n<title>Blusa Trico losangulo com relevo - Kiki &amp; Mily<\/title>\n<meta name=\"robots\" content=\"index, follow, max-snippet:-1, max-image-preview:large, max-video-preview:-1\" \/>\n<link rel=\"canonical\" href=\"https:\/\/kikimily.com.br\/pt_br\/produto\/blusa-trico-losangulo-com-relevo\/\" \/>\n<meta property=\"og:locale\" content=\"pt_BR\" \/>\n<meta property=\"og:type\" content=\"article\" \/>\n<meta property=\"og:title\" content=\"Blusa Trico losangulo com relevo - Kiki &amp; Mily\" \/>\n<meta property=\"og:description\" content=\"Blusa infantil em tric\u00f4, confeccionada em fio macio e confort\u00e1vel. Possui modelagem tradicional com gola redonda e mangas longas, ideal para os dias mais fresquinhos....\" \/>\n<meta property=\"og:url\" content=\"https:\/\/kikimily.com.br\/pt_br\/produto\/blusa-trico-losangulo-com-relevo\/\" \/>\n<meta property=\"og:site_name\" content=\"Kiki &amp; Mily\" \/>\n<meta property=\"article:modified_time\" content=\"2025-09-08T17:31:10+00:00\" \/>\n<meta property=\"og:image\" content=\"https:\/\/kikimily.com.br\/wp-content\/uploads\/Design-sem-nome-2025-09-08T140837.827.png\" \/>\n\t<meta property=\"og:image:width\" content=\"1080\" \/>\n\t<meta property=\"og:image:height\" content=\"1920\" \/>\n\t<meta property=\"og:image:type\" content=\"image\/png\" \/>\n<meta name=\"twitter:card\" content=\"summary_large_image\" \/>\n<script type=\"application\/ld+json\" class=\"yoast-schema-graph\">{\"@context\":\"https:\/\/schema.org\",\"@graph\":[{\"@type\":\"WebPage\",\"@id\":\"https:\/\/kikimily.com.br\/produto\/blusa-trico-losangulo-com-relevo\/\",\"url\":\"https:\/\/kikimily.com.br\/produto\/blusa-trico-losangulo-com-relevo\/\",\"name\":\"Blusa Trico losangulo com relevo - Kiki &amp; Mily\",\"isPartOf\":{\"@id\":\"https:\/\/kikimily.com.br\/#website\"},\"primaryImageOfPage\":{\"@id\":\"https:\/\/kikimily.com.br\/produto\/blusa-trico-losangulo-com-relevo\/#primaryimage\"},\"image\":{\"@id\":\"https:\/\/kikimily.com.br\/produto\/blusa-trico-losangulo-com-relevo\/#primaryimage\"},\"thumbnailUrl\":\"https:\/\/kikimily.com.br\/wp-content\/uploads\/Design-sem-nome-2025-09-08T140837.827.png\",\"datePublished\":\"2025-09-08T17:16:54+00:00\",\"dateModified\":\"2025-09-08T17:31:10+00:00\",\"breadcrumb\":{\"@id\":\"https:\/\/kikimily.com.br\/produto\/blusa-trico-losangulo-com-relevo\/#breadcrumb\"},\"inLanguage\":\"pt-BR\",\"potentialAction\":[{\"@type\":\"ReadAction\",\"target\":[\"https:\/\/kikimily.com.br\/produto\/blusa-trico-losangulo-com-relevo\/\"]}]},{\"@type\":\"ImageObject\",\"inLanguage\":\"pt-BR\",\"@id\":\"https:\/\/kikimily.com.br\/produto\/blusa-trico-losangulo-com-relevo\/#primaryimage\",\"url\":\"https:\/\/kikimily.com.br\/wp-content\/uploads\/Design-sem-nome-2025-09-08T140837.827.png\",\"contentUrl\":\"https:\/\/kikimily.com.br\/wp-content\/uploads\/Design-sem-nome-2025-09-08T140837.827.png\",\"width\":1080,\"height\":1920},{\"@type\":\"BreadcrumbList\",\"@id\":\"https:\/\/kikimily.com.br\/produto\/blusa-trico-losangulo-com-relevo\/#breadcrumb\",\"itemListElement\":[{\"@type\":\"ListItem\",\"position\":1,\"name\":\"Home\",\"item\":\"https:\/\/kikimily.com.br\/\"},{\"@type\":\"ListItem\",\"position\":2,\"name\":\"Loja\",\"item\":\"https:\/\/kikimily.com.br\/loja\/\"},{\"@type\":\"ListItem\",\"position\":3,\"name\":\"Blusa Trico losangulo com relevo\"}]},{\"@type\":\"WebSite\",\"@id\":\"https:\/\/kikimily.com.br\/#website\",\"url\":\"https:\/\/kikimily.com.br\/\",\"name\":\"Kiki & Mily\",\"description\":\"Moda infantil\",\"publisher\":{\"@id\":\"https:\/\/kikimily.com.br\/#organization\"},\"potentialAction\":[{\"@type\":\"SearchAction\",\"target\":{\"@type\":\"EntryPoint\",\"urlTemplate\":\"https:\/\/kikimily.com.br\/?s={search_term_string}\"},\"query-input\":{\"@type\":\"PropertyValueSpecification\",\"valueRequired\":true,\"valueName\":\"search_term_string\"}}],\"inLanguage\":\"pt-BR\"},{\"@type\":\"Organization\",\"@id\":\"https:\/\/kikimily.com.br\/#organization\",\"name\":\"Kiki & Mily\",\"url\":\"https:\/\/kikimily.com.br\/\",\"logo\":{\"@type\":\"ImageObject\",\"inLanguage\":\"pt-BR\",\"@id\":\"https:\/\/kikimily.com.br\/#\/schema\/logo\/image\/\",\"url\":\"https:\/\/kikimily.com.br\/wp-content\/uploads\/MENINAS-3-2.png\",\"contentUrl\":\"https:\/\/kikimily.com.br\/wp-content\/uploads\/MENINAS-3-2.png\",\"width\":1920,\"height\":768,\"caption\":\"Kiki & Mily\"},\"image\":{\"@id\":\"https:\/\/kikimily.com.br\/#\/schema\/logo\/image\/\"},\"sameAs\":[\"https:\/\/www.instagram.com\/kikimilyoficial\/\"]}]}<\/script>\n<!-- \/ Yoast SEO plugin. -->","yoast_head_json":{"title":"Blusa Trico losangulo com relevo - Kiki &amp; Mily","robots":{"index":"index","follow":"follow","max-snippet":"max-snippet:-1","max-image-preview":"max-image-preview:large","max-video-preview":"max-video-preview:-1"},"canonical":"https:\/\/kikimily.com.br\/pt_br\/produto\/blusa-trico-losangulo-com-relevo\/","og_locale":"pt_BR","og_type":"article","og_title":"Blusa Trico losangulo com relevo - Kiki &amp; Mily","og_description":"Blusa infantil em tric\u00f4, confeccionada em fio macio e confort\u00e1vel. Possui modelagem tradicional com gola redonda e mangas longas, ideal para os dias mais fresquinhos....","og_url":"https:\/\/kikimily.com.br\/pt_br\/produto\/blusa-trico-losangulo-com-relevo\/","og_site_name":"Kiki &amp; Mily","article_modified_time":"2025-09-08T17:31:10+00:00","og_image":[{"url":"https:\/\/kikimily.com.br\/wp-content\/uploads\/Design-sem-nome-2025-09-08T140837.827.png","width":1080,"height":1920,"type":"image\/png"}],"twitter_card":"summary_large_image","schema":{"@context":"https:\/\/schema.org","@graph":[{"@type":"WebPage","@id":"https:\/\/kikimily.com.br\/produto\/blusa-trico-losangulo-com-relevo\/","url":"https:\/\/kikimily.com.br\/produto\/blusa-trico-losangulo-com-relevo\/","name":"Blusa Trico losangulo com relevo - Kiki &amp; Mily","isPartOf":{"@id":"https:\/\/kikimily.com.br\/#website"},"primaryImageOfPage":{"@id":"https:\/\/kikimily.com.br\/produto\/blusa-trico-losangulo-com-relevo\/#primaryimage"},"image":{"@id":"https:\/\/kikimily.com.br\/produto\/blusa-trico-losangulo-com-relevo\/#primaryimage"},"thumbnailUrl":"https:\/\/kikimily.com.br\/wp-content\/uploads\/Design-sem-nome-2025-09-08T140837.827.png","datePublished":"2025-09-08T17:16:54+00:00","dateModified":"2025-09-08T17:31:10+00:00","breadcrumb":{"@id":"https:\/\/kikimily.com.br\/produto\/blusa-trico-losangulo-com-relevo\/#breadcrumb"},"inLanguage":"pt-BR","potentialAction":[{"@type":"ReadAction","target":["https:\/\/kikimily.com.br\/produto\/blusa-trico-losangulo-com-relevo\/"]}]},{"@type":"ImageObject","inLanguage":"pt-BR","@id":"https:\/\/kikimily.com.br\/produto\/blusa-trico-losangulo-com-relevo\/#primaryimage","url":"https:\/\/kikimily.com.br\/wp-content\/uploads\/Design-sem-nome-2025-09-08T140837.827.png","contentUrl":"https:\/\/kikimily.com.br\/wp-content\/uploads\/Design-sem-nome-2025-09-08T140837.827.png","width":1080,"height":1920},{"@type":"BreadcrumbList","@id":"https:\/\/kikimily.com.br\/produto\/blusa-trico-losangulo-com-relevo\/#breadcrumb","itemListElement":[{"@type":"ListItem","position":1,"name":"Home","item":"https:\/\/kikimily.com.br\/"},{"@type":"ListItem","position":2,"name":"Loja","item":"https:\/\/kikimily.com.br\/loja\/"},{"@type":"ListItem","position":3,"name":"Blusa Trico losangulo com relevo"}]},{"@type":"WebSite","@id":"https:\/\/kikimily.com.br\/#website","url":"https:\/\/kikimily.com.br\/","name":"Kiki & Mily","description":"Moda infantil","publisher":{"@id":"https:\/\/kikimily.com.br\/#organization"},"potentialAction":[{"@type":"SearchAction","target":{"@type":"EntryPoint","urlTemplate":"https:\/\/kikimily.com.br\/?s={search_term_string}"},"query-input":{"@type":"PropertyValueSpecification","valueRequired":true,"valueName":"search_term_string"}}],"inLanguage":"pt-BR"},{"@type":"Organization","@id":"https:\/\/kikimily.com.br\/#organization","name":"Kiki & Mily","url":"https:\/\/kikimily.com.br\/","logo":{"@type":"ImageObject","inLanguage":"pt-BR","@id":"https:\/\/kikimily.com.br\/#\/schema\/logo\/image\/","url":"https:\/\/kikimily.com.br\/wp-content\/uploads\/MENINAS-3-2.png","contentUrl":"https:\/\/kikimily.com.br\/wp-content\/uploads\/MENINAS-3-2.png","width":1920,"height":768,"caption":"Kiki & Mily"},"image":{"@id":"https:\/\/kikimily.com.br\/#\/schema\/logo\/image\/"},"sameAs":["https:\/\/www.instagram.com\/kikimilyoficial\/"]}]}},"_links":{"self":[{"href":"https:\/\/kikimily.com.br\/pt_br\/wp-json\/wp\/v2\/product\/9522","targetHints":{"allow":["GET"]}}],"collection":[{"href":"https:\/\/kikimily.com.br\/pt_br\/wp-json\/wp\/v2\/product"}],"about":[{"href":"https:\/\/kikimily.com.br\/pt_br\/wp-json\/wp\/v2\/types\/product"}],"replies":[{"embeddable":true,"href":"https:\/\/kikimily.com.br\/pt_br\/wp-json\/wp\/v2\/comments?post=9522"}],"wp:featuredmedia":[{"embeddable":true,"href":"https:\/\/kikimily.com.br\/pt_br\/wp-json\/wp\/v2\/media\/9523"}],"wp:attachment":[{"href":"https:\/\/kikimily.com.br\/pt_br\/wp-json\/wp\/v2\/media?parent=9522"}],"wp:term":[{"taxonomy":"brand","embeddable":true,"href":"https:\/\/kikimily.com.br\/pt_br\/wp-json\/wp\/v2\/etheme_brands?post=9522"},{"taxonomy":"product_brand","embeddable":true,"href":"https:\/\/kikimily.com.br\/pt_br\/wp-json\/wp\/v2\/product_brand?post=9522"},{"taxonomy":"product_cat","embeddable":true,"href":"https:\/\/kikimily.com.br\/pt_br\/wp-json\/wp\/v2\/product_cat?post=9522"},{"taxonomy":"product_tag","embeddable":true,"href":"https:\/\/kikimily.com.br\/pt_br\/wp-json\/wp\/v2\/product_tag?post=9522"}],"curies":[{"name":"wp","href":"https:\/\/api.w.org\/{rel}","templated":true}]}}