{"id":9723,"date":"2025-09-10T12:31:40","date_gmt":"2025-09-10T12:31:40","guid":{"rendered":"https:\/\/kikimily.com.br\/?post_type=product&#038;p=9723"},"modified":"2025-09-10T12:31:40","modified_gmt":"2025-09-10T12:31:40","slug":"bermuda-radical-bike","status":"publish","type":"product","link":"https:\/\/kikimily.com.br\/pt_br\/produto\/bermuda-radical-bike\/","title":{"rendered":"Bermuda radical bike"},"content":{"rendered":"<h3 data-start=\"80\" data-end=\"122\">Bermuda Infantil Branca com El\u00e1stico<\/h3>\n<p data-start=\"123\" data-end=\"378\">A bermuda infantil branca \u00e9 perfeita para compor looks leves, confort\u00e1veis e cheios de estilo. Confeccionada em tecido macio, ela conta com cintura el\u00e1stica que garante praticidade na hora de vestir e maior conforto para os pequenos durante o dia a dia.<\/p>\n<p data-start=\"380\" data-end=\"661\">O design cl\u00e1ssico em branco combina facilmente com camisetas coloridas ou estampadas, sendo uma pe\u00e7a vers\u00e1til para diferentes ocasi\u00f5es, desde passeios casuais at\u00e9 eventos mais arrumadinhos. Possui bolsos frontais funcionais e fechamento com bot\u00e3o, adicionando charme e utilidade.<\/p>\n<p data-start=\"663\" data-end=\"682\"><strong data-start=\"663\" data-end=\"680\">Diferenciais:<\/strong><\/p>\n<ul data-start=\"683\" data-end=\"852\">\n<li data-start=\"683\" data-end=\"727\">\n<p data-start=\"685\" data-end=\"727\">Cintura com el\u00e1stico para melhor ajuste.<\/p>\n<\/li>\n<li data-start=\"728\" data-end=\"773\">\n<p data-start=\"730\" data-end=\"773\">Cor neutra e vers\u00e1til, f\u00e1cil de combinar.<\/p>\n<\/li>\n<li data-start=\"774\" data-end=\"803\">\n<p data-start=\"776\" data-end=\"803\">Bolsos frontais pr\u00e1ticos.<\/p>\n<\/li>\n<li data-start=\"804\" data-end=\"852\">\n<p data-start=\"806\" data-end=\"852\">Tecido leve e confort\u00e1vel para o uso di\u00e1rio.<\/p>\n<\/li>\n<\/ul>\n","protected":false},"excerpt":{"rendered":"<p>Bermuda Infantil Branca com El\u00e1stico A bermuda infantil branca \u00e9 perfeita para compor looks leves, confort\u00e1veis e cheios de estilo. Confeccionada em tecido macio, ela&#8230;<\/p>\n","protected":false},"featured_media":9724,"comment_status":"closed","ping_status":"closed","template":"","meta":[],"etheme_brands":[],"product_brand":[],"product_cat":[83,23],"product_tag":[160,163,161,162],"class_list":{"0":"post-9723","1":"product","2":"type-product","3":"status-publish","4":"has-post-thumbnail","6":"product_cat-bermuda-4-8","7":"product_cat-menino","8":"product_tag-bermuda","9":"product_tag-bike","10":"product_tag-menino","11":"product_tag-radical","13":"first","14":"instock","15":"shipping-taxable","16":"purchasable","17":"product-type-variable"},"yoast_head":"<!-- This site is optimized with the Yoast SEO plugin v25.9 - https:\/\/yoast.com\/wordpress\/plugins\/seo\/ -->\n<title>Bermuda radical bike - Kiki &amp; Mily<\/title>\n<meta name=\"robots\" content=\"index, follow, max-snippet:-1, max-image-preview:large, max-video-preview:-1\" \/>\n<link rel=\"canonical\" href=\"https:\/\/kikimily.com.br\/pt_br\/produto\/bermuda-radical-bike\/\" \/>\n<meta property=\"og:locale\" content=\"pt_BR\" \/>\n<meta property=\"og:type\" content=\"article\" \/>\n<meta property=\"og:title\" content=\"Bermuda radical bike - Kiki &amp; Mily\" \/>\n<meta property=\"og:description\" content=\"Bermuda Infantil Branca com El\u00e1stico A bermuda infantil branca \u00e9 perfeita para compor looks leves, confort\u00e1veis e cheios de estilo. Confeccionada em tecido macio, ela...\" \/>\n<meta property=\"og:url\" content=\"https:\/\/kikimily.com.br\/pt_br\/produto\/bermuda-radical-bike\/\" \/>\n<meta property=\"og:site_name\" content=\"Kiki &amp; Mily\" \/>\n<meta property=\"og:image\" content=\"https:\/\/kikimily.com.br\/wp-content\/uploads\/sfsdfgsdfgfgfd-3.png\" \/>\n\t<meta property=\"og:image:width\" content=\"1080\" \/>\n\t<meta property=\"og:image:height\" content=\"1920\" \/>\n\t<meta property=\"og:image:type\" content=\"image\/png\" \/>\n<meta name=\"twitter:card\" content=\"summary_large_image\" \/>\n<meta name=\"twitter:label1\" content=\"Est. tempo de leitura\" \/>\n\t<meta name=\"twitter:data1\" content=\"1 minuto\" \/>\n<script type=\"application\/ld+json\" class=\"yoast-schema-graph\">{\"@context\":\"https:\/\/schema.org\",\"@graph\":[{\"@type\":\"WebPage\",\"@id\":\"https:\/\/kikimily.com.br\/produto\/bermuda-radical-bike\/\",\"url\":\"https:\/\/kikimily.com.br\/produto\/bermuda-radical-bike\/\",\"name\":\"Bermuda radical bike - Kiki &amp; Mily\",\"isPartOf\":{\"@id\":\"https:\/\/kikimily.com.br\/#website\"},\"primaryImageOfPage\":{\"@id\":\"https:\/\/kikimily.com.br\/produto\/bermuda-radical-bike\/#primaryimage\"},\"image\":{\"@id\":\"https:\/\/kikimily.com.br\/produto\/bermuda-radical-bike\/#primaryimage\"},\"thumbnailUrl\":\"https:\/\/kikimily.com.br\/wp-content\/uploads\/sfsdfgsdfgfgfd-3.png\",\"datePublished\":\"2025-09-10T12:31:40+00:00\",\"breadcrumb\":{\"@id\":\"https:\/\/kikimily.com.br\/produto\/bermuda-radical-bike\/#breadcrumb\"},\"inLanguage\":\"pt-BR\",\"potentialAction\":[{\"@type\":\"ReadAction\",\"target\":[\"https:\/\/kikimily.com.br\/produto\/bermuda-radical-bike\/\"]}]},{\"@type\":\"ImageObject\",\"inLanguage\":\"pt-BR\",\"@id\":\"https:\/\/kikimily.com.br\/produto\/bermuda-radical-bike\/#primaryimage\",\"url\":\"https:\/\/kikimily.com.br\/wp-content\/uploads\/sfsdfgsdfgfgfd-3.png\",\"contentUrl\":\"https:\/\/kikimily.com.br\/wp-content\/uploads\/sfsdfgsdfgfgfd-3.png\",\"width\":1080,\"height\":1920},{\"@type\":\"BreadcrumbList\",\"@id\":\"https:\/\/kikimily.com.br\/produto\/bermuda-radical-bike\/#breadcrumb\",\"itemListElement\":[{\"@type\":\"ListItem\",\"position\":1,\"name\":\"Home\",\"item\":\"https:\/\/kikimily.com.br\/\"},{\"@type\":\"ListItem\",\"position\":2,\"name\":\"Loja\",\"item\":\"https:\/\/kikimily.com.br\/loja\/\"},{\"@type\":\"ListItem\",\"position\":3,\"name\":\"Bermuda radical bike\"}]},{\"@type\":\"WebSite\",\"@id\":\"https:\/\/kikimily.com.br\/#website\",\"url\":\"https:\/\/kikimily.com.br\/\",\"name\":\"Kiki & Mily\",\"description\":\"Moda infantil\",\"publisher\":{\"@id\":\"https:\/\/kikimily.com.br\/#organization\"},\"potentialAction\":[{\"@type\":\"SearchAction\",\"target\":{\"@type\":\"EntryPoint\",\"urlTemplate\":\"https:\/\/kikimily.com.br\/?s={search_term_string}\"},\"query-input\":{\"@type\":\"PropertyValueSpecification\",\"valueRequired\":true,\"valueName\":\"search_term_string\"}}],\"inLanguage\":\"pt-BR\"},{\"@type\":\"Organization\",\"@id\":\"https:\/\/kikimily.com.br\/#organization\",\"name\":\"Kiki & Mily\",\"url\":\"https:\/\/kikimily.com.br\/\",\"logo\":{\"@type\":\"ImageObject\",\"inLanguage\":\"pt-BR\",\"@id\":\"https:\/\/kikimily.com.br\/#\/schema\/logo\/image\/\",\"url\":\"https:\/\/kikimily.com.br\/wp-content\/uploads\/MENINAS-3-2.png\",\"contentUrl\":\"https:\/\/kikimily.com.br\/wp-content\/uploads\/MENINAS-3-2.png\",\"width\":1920,\"height\":768,\"caption\":\"Kiki & Mily\"},\"image\":{\"@id\":\"https:\/\/kikimily.com.br\/#\/schema\/logo\/image\/\"},\"sameAs\":[\"https:\/\/www.instagram.com\/kikimilyoficial\/\"]}]}<\/script>\n<!-- \/ Yoast SEO plugin. -->","yoast_head_json":{"title":"Bermuda radical bike - Kiki &amp; Mily","robots":{"index":"index","follow":"follow","max-snippet":"max-snippet:-1","max-image-preview":"max-image-preview:large","max-video-preview":"max-video-preview:-1"},"canonical":"https:\/\/kikimily.com.br\/pt_br\/produto\/bermuda-radical-bike\/","og_locale":"pt_BR","og_type":"article","og_title":"Bermuda radical bike - Kiki &amp; Mily","og_description":"Bermuda Infantil Branca com El\u00e1stico A bermuda infantil branca \u00e9 perfeita para compor looks leves, confort\u00e1veis e cheios de estilo. Confeccionada em tecido macio, ela...","og_url":"https:\/\/kikimily.com.br\/pt_br\/produto\/bermuda-radical-bike\/","og_site_name":"Kiki &amp; Mily","og_image":[{"width":1080,"height":1920,"url":"https:\/\/kikimily.com.br\/wp-content\/uploads\/sfsdfgsdfgfgfd-3.png","type":"image\/png"}],"twitter_card":"summary_large_image","twitter_misc":{"Est. tempo de leitura":"1 minuto"},"schema":{"@context":"https:\/\/schema.org","@graph":[{"@type":"WebPage","@id":"https:\/\/kikimily.com.br\/produto\/bermuda-radical-bike\/","url":"https:\/\/kikimily.com.br\/produto\/bermuda-radical-bike\/","name":"Bermuda radical bike - Kiki &amp; Mily","isPartOf":{"@id":"https:\/\/kikimily.com.br\/#website"},"primaryImageOfPage":{"@id":"https:\/\/kikimily.com.br\/produto\/bermuda-radical-bike\/#primaryimage"},"image":{"@id":"https:\/\/kikimily.com.br\/produto\/bermuda-radical-bike\/#primaryimage"},"thumbnailUrl":"https:\/\/kikimily.com.br\/wp-content\/uploads\/sfsdfgsdfgfgfd-3.png","datePublished":"2025-09-10T12:31:40+00:00","breadcrumb":{"@id":"https:\/\/kikimily.com.br\/produto\/bermuda-radical-bike\/#breadcrumb"},"inLanguage":"pt-BR","potentialAction":[{"@type":"ReadAction","target":["https:\/\/kikimily.com.br\/produto\/bermuda-radical-bike\/"]}]},{"@type":"ImageObject","inLanguage":"pt-BR","@id":"https:\/\/kikimily.com.br\/produto\/bermuda-radical-bike\/#primaryimage","url":"https:\/\/kikimily.com.br\/wp-content\/uploads\/sfsdfgsdfgfgfd-3.png","contentUrl":"https:\/\/kikimily.com.br\/wp-content\/uploads\/sfsdfgsdfgfgfd-3.png","width":1080,"height":1920},{"@type":"BreadcrumbList","@id":"https:\/\/kikimily.com.br\/produto\/bermuda-radical-bike\/#breadcrumb","itemListElement":[{"@type":"ListItem","position":1,"name":"Home","item":"https:\/\/kikimily.com.br\/"},{"@type":"ListItem","position":2,"name":"Loja","item":"https:\/\/kikimily.com.br\/loja\/"},{"@type":"ListItem","position":3,"name":"Bermuda radical bike"}]},{"@type":"WebSite","@id":"https:\/\/kikimily.com.br\/#website","url":"https:\/\/kikimily.com.br\/","name":"Kiki & Mily","description":"Moda infantil","publisher":{"@id":"https:\/\/kikimily.com.br\/#organization"},"potentialAction":[{"@type":"SearchAction","target":{"@type":"EntryPoint","urlTemplate":"https:\/\/kikimily.com.br\/?s={search_term_string}"},"query-input":{"@type":"PropertyValueSpecification","valueRequired":true,"valueName":"search_term_string"}}],"inLanguage":"pt-BR"},{"@type":"Organization","@id":"https:\/\/kikimily.com.br\/#organization","name":"Kiki & Mily","url":"https:\/\/kikimily.com.br\/","logo":{"@type":"ImageObject","inLanguage":"pt-BR","@id":"https:\/\/kikimily.com.br\/#\/schema\/logo\/image\/","url":"https:\/\/kikimily.com.br\/wp-content\/uploads\/MENINAS-3-2.png","contentUrl":"https:\/\/kikimily.com.br\/wp-content\/uploads\/MENINAS-3-2.png","width":1920,"height":768,"caption":"Kiki & Mily"},"image":{"@id":"https:\/\/kikimily.com.br\/#\/schema\/logo\/image\/"},"sameAs":["https:\/\/www.instagram.com\/kikimilyoficial\/"]}]}},"_links":{"self":[{"href":"https:\/\/kikimily.com.br\/pt_br\/wp-json\/wp\/v2\/product\/9723","targetHints":{"allow":["GET"]}}],"collection":[{"href":"https:\/\/kikimily.com.br\/pt_br\/wp-json\/wp\/v2\/product"}],"about":[{"href":"https:\/\/kikimily.com.br\/pt_br\/wp-json\/wp\/v2\/types\/product"}],"replies":[{"embeddable":true,"href":"https:\/\/kikimily.com.br\/pt_br\/wp-json\/wp\/v2\/comments?post=9723"}],"wp:featuredmedia":[{"embeddable":true,"href":"https:\/\/kikimily.com.br\/pt_br\/wp-json\/wp\/v2\/media\/9724"}],"wp:attachment":[{"href":"https:\/\/kikimily.com.br\/pt_br\/wp-json\/wp\/v2\/media?parent=9723"}],"wp:term":[{"taxonomy":"brand","embeddable":true,"href":"https:\/\/kikimily.com.br\/pt_br\/wp-json\/wp\/v2\/etheme_brands?post=9723"},{"taxonomy":"product_brand","embeddable":true,"href":"https:\/\/kikimily.com.br\/pt_br\/wp-json\/wp\/v2\/product_brand?post=9723"},{"taxonomy":"product_cat","embeddable":true,"href":"https:\/\/kikimily.com.br\/pt_br\/wp-json\/wp\/v2\/product_cat?post=9723"},{"taxonomy":"product_tag","embeddable":true,"href":"https:\/\/kikimily.com.br\/pt_br\/wp-json\/wp\/v2\/product_tag?post=9723"}],"curies":[{"name":"wp","href":"https:\/\/api.w.org\/{rel}","templated":true}]}}